{"id":20368,"date":"2024-07-11T10:13:53","date_gmt":"2024-07-11T10:13:53","guid":{"rendered":"https:\/\/para-pharmacity.tn\/?product=young-health-max-energy-30-gell"},"modified":"2025-05-02T12:31:01","modified_gmt":"2025-05-02T12:31:01","slug":"young-health-max-energy-30-gell","status":"publish","type":"product","link":"https:\/\/para-pharmacity.tn\/?product=young-health-max-energy-30-gell","title":{"rendered":"YOUNG HEALTH MAX ENERGY 30 GELL"},"content":{"rendered":"<p>Max energy Fabriqu\u00e9 au sein de notre laboratoire , garanti sans ni ingr\u00e9dients chimiques ni conservateurs, Max Energy MP regroupe presque 10 vitamines tels que le vitamines C, B1,B2, B5 et 6 min\u00e9raux. Le produit id\u00e9al pour lutter contre la fatigue en reconstituant les r\u00e9serves \u00e9nerg\u00e9tiques de l\u2019organisme afin de bien retrouver votre forme. Boitier de 60 g\u00e9lules qui doit \u00eatre utilis\u00e9 dans le cadre d\u2019un mode de vie sain.<\/p>\n","protected":false},"excerpt":{"rendered":"<p>Le produit id\u00e9al pour lutter contre la fatigue en reconstituant les r\u00e9serves \u00e9nerg\u00e9tiques de l\u2019organisme afin de bien retrouver votre forme.<\/p>\n","protected":false},"featured_media":25675,"comment_status":"open","ping_status":"closed","template":"","meta":[],"product_cat":[286],"product_tag":[],"class_list":{"0":"post-20368","1":"product","2":"type-product","3":"status-publish","4":"has-post-thumbnail","6":"product_cat-complement-alimentaire","8":"first","9":"instock","10":"shipping-taxable","11":"purchasable","12":"product-type-simple"},"jetpack_sharing_enabled":true,"_links":{"self":[{"href":"https:\/\/para-pharmacity.tn\/index.php?rest_route=\/wp\/v2\/product\/20368","targetHints":{"allow":["GET"]}}],"collection":[{"href":"https:\/\/para-pharmacity.tn\/index.php?rest_route=\/wp\/v2\/product"}],"about":[{"href":"https:\/\/para-pharmacity.tn\/index.php?rest_route=\/wp\/v2\/types\/product"}],"replies":[{"embeddable":true,"href":"https:\/\/para-pharmacity.tn\/index.php?rest_route=%2Fwp%2Fv2%2Fcomments&post=20368"}],"version-history":[{"count":2,"href":"https:\/\/para-pharmacity.tn\/index.php?rest_route=\/wp\/v2\/product\/20368\/revisions"}],"predecessor-version":[{"id":25672,"href":"https:\/\/para-pharmacity.tn\/index.php?rest_route=\/wp\/v2\/product\/20368\/revisions\/25672"}],"wp:featuredmedia":[{"embeddable":true,"href":"https:\/\/para-pharmacity.tn\/index.php?rest_route=\/wp\/v2\/media\/25675"}],"wp:attachment":[{"href":"https:\/\/para-pharmacity.tn\/index.php?rest_route=%2Fwp%2Fv2%2Fmedia&parent=20368"}],"wp:term":[{"taxonomy":"product_cat","embeddable":true,"href":"https:\/\/para-pharmacity.tn\/index.php?rest_route=%2Fwp%2Fv2%2Fproduct_cat&post=20368"},{"taxonomy":"product_tag","embeddable":true,"href":"https:\/\/para-pharmacity.tn\/index.php?rest_route=%2Fwp%2Fv2%2Fproduct_tag&post=20368"}],"curies":[{"name":"wp","href":"https:\/\/api.w.org\/{rel}","templated":true}]}}