{"id":20341,"date":"2024-07-11T10:13:42","date_gmt":"2024-07-11T10:13:42","guid":{"rendered":"https:\/\/para-pharmacity.tn\/?product=xen-kela-fer-120"},"modified":"2025-05-05T12:32:45","modified_gmt":"2025-05-05T12:32:45","slug":"xen-kela-fer-120","status":"publish","type":"product","link":"https:\/\/para-pharmacity.tn\/?product=xen-kela-fer-120","title":{"rendered":"XEN KELA FER 120"},"content":{"rendered":"<p><strong>Description :<\/strong><\/p>\n<p>Kela Fer 120 est un compl\u00e9ment alimentaire compos\u00e9 de bisglycinate de fer ch\u00e9lat\u00e9 avec de la vitamine C. Ce produit est recommand\u00e9 aux adolescents pendant leur p\u00e9riode de croissance, aux femmes enceintes ou allaitantes, en cas de r\u00e8gles abondantes et aux personnes qui adoptent un r\u00e9gime v\u00e9g\u00e9tarien.<\/p>\n<p><strong>Conseils d\u2019utilisation<\/strong><\/p>\n<p>Ce compl\u00e9ment alimentaire est destin\u00e9 \u00e0 l\u2019usage exclusif des adultes.<\/p>\n<p>Si vous avez des allergies, nous vous conseillons de consulter votre m\u00e9decin avant de prendre ce compl\u00e9ment alimentaire.<\/p>\n<p>Ce compl\u00e9ment alimentaire ne doit pas \u00eatre utilis\u00e9 si vous souffrez d\u2019une surcharge en fer dans l\u2019organisme.<\/p>\n<p>En cas de surdosage ou si vous prenez une dose trop \u00e9lev\u00e9e par erreur, consultez imm\u00e9diatement votre m\u00e9decin.<\/p>\n<p>Gardez ce compl\u00e9ment alimentaire hors de port\u00e9e des enfants.<\/p>\n","protected":false},"excerpt":{"rendered":"<p>Kela Fer 120 est un compl\u00e9ment alimentaire compos\u00e9 de bisglycinate de fer ch\u00e9lat\u00e9 avec de la vitamine C. Ce produit est recommand\u00e9 aux adolescents pendant leur p\u00e9riode de croissance, aux femmes enceintes ou allaitantes, en cas de r\u00e8gles abondantes et aux personnes qui adoptent un r\u00e9gime v\u00e9g\u00e9tarien.<\/p>\n","protected":false},"featured_media":25810,"comment_status":"open","ping_status":"closed","template":"","meta":[],"product_cat":[286],"product_tag":[],"class_list":{"0":"post-20341","1":"product","2":"type-product","3":"status-publish","4":"has-post-thumbnail","6":"product_cat-complement-alimentaire","8":"first","9":"instock","10":"shipping-taxable","11":"purchasable","12":"product-type-simple"},"jetpack_sharing_enabled":true,"_links":{"self":[{"href":"https:\/\/para-pharmacity.tn\/index.php?rest_route=\/wp\/v2\/product\/20341","targetHints":{"allow":["GET"]}}],"collection":[{"href":"https:\/\/para-pharmacity.tn\/index.php?rest_route=\/wp\/v2\/product"}],"about":[{"href":"https:\/\/para-pharmacity.tn\/index.php?rest_route=\/wp\/v2\/types\/product"}],"replies":[{"embeddable":true,"href":"https:\/\/para-pharmacity.tn\/index.php?rest_route=%2Fwp%2Fv2%2Fcomments&post=20341"}],"version-history":[{"count":2,"href":"https:\/\/para-pharmacity.tn\/index.php?rest_route=\/wp\/v2\/product\/20341\/revisions"}],"predecessor-version":[{"id":25811,"href":"https:\/\/para-pharmacity.tn\/index.php?rest_route=\/wp\/v2\/product\/20341\/revisions\/25811"}],"wp:featuredmedia":[{"embeddable":true,"href":"https:\/\/para-pharmacity.tn\/index.php?rest_route=\/wp\/v2\/media\/25810"}],"wp:attachment":[{"href":"https:\/\/para-pharmacity.tn\/index.php?rest_route=%2Fwp%2Fv2%2Fmedia&parent=20341"}],"wp:term":[{"taxonomy":"product_cat","embeddable":true,"href":"https:\/\/para-pharmacity.tn\/index.php?rest_route=%2Fwp%2Fv2%2Fproduct_cat&post=20341"},{"taxonomy":"product_tag","embeddable":true,"href":"https:\/\/para-pharmacity.tn\/index.php?rest_route=%2Fwp%2Fv2%2Fproduct_tag&post=20341"}],"curies":[{"name":"wp","href":"https:\/\/api.w.org\/{rel}","templated":true}]}}