{"id":20332,"date":"2024-07-11T10:13:38","date_gmt":"2024-07-11T10:13:38","guid":{"rendered":"https:\/\/para-pharmacity.tn\/?product=xen-fertilla-q10"},"modified":"2025-05-06T08:52:12","modified_gmt":"2025-05-06T08:52:12","slug":"xen-fertilla-q10","status":"publish","type":"product","link":"https:\/\/para-pharmacity.tn\/?product=xen-fertilla-q10","title":{"rendered":"XEN FERTILLA Q10"},"content":{"rendered":"<h1>FERTILLA Q10 femme 30 sachets + 60 gelules<\/h1>\n<p>Parall\u00e8lement au d\u00e9sir naissant d\u2019une grossesse r\u00e9ussie,\u00a0<strong>Fertilla Q10<\/strong>\u00a0contribue \u00e0 cr\u00e9er un mileu optimal pour la f\u00e9condation, \u00e0 am\u00e9liorer la qualit\u00e9 de l\u2019ovule feminin, \u00e0 stabiliser la balance hormonale et \u00e0 augmenter la f\u00e9rtilit\u00e9 en g\u00e9n\u00e9ral. Linteraction intelligente des substances influe sur l\u2019ensemble des organes reproducteurs et les pr\u00e9pare \u00e0 la grossesse gr\u00e2ce \u00e0 des compos\u00e9s bioactifs soigneusement s\u00e9lectionn\u00e9s. Certaines vitamines am\u00e9liorent l\u2019auto-production de I\u2019hormone de bonheur s\u00e9rotonine, jetant ainsi les bases mentales pour la grossesse.<\/p>\n<h4>UTILISATION FERTILLA Q10:<\/h4>\n<ul>\n<li>1 sachet le matin pendant le petit d\u00e9jeuner.<\/li>\n<\/ul>\n<p>Les sachets contiennent de la poudre saveur orange \u00e0 diluer dans de l\u2019eau.<\/p>\n<p>Le sachet est \u00e0 consommer dans la journ\u00e9e une fois ouvert. En fonction des conditions de temp\u00e9rature et dhumidit\u00e9, la poudre peut s\u2019agglom\u00e9rer sans incidence sur les propri\u00e9t\u00e9s du produit.<\/p>\n<ul>\n<li>2 g\u00e9lules le soir pendant le d\u00eener.<\/li>\n<\/ul>\n<p>Programme de 6 mois, recommand\u00e9 d\u00e8s le d\u00e9sir de grossesse.<\/p>\n<h4>INDICATION DE FERTILLA Q10:<\/h4>\n<ul>\n<li>A toutes les femmes qui d\u00e9sirent concevoir, de fa\u00e7on naturelle ou assist\u00e9e, et qui veulent optimiser leur fertilit\u00e9 pour accroitre leurs chances de conception.<\/li>\n<li>Aux femmes qui se pr\u00e9parant pour une Procr\u00e9ation M\u00e9dicalement Assist\u00e9e (PMA).<\/li>\n<li>Aux femmes pr\u00e9sentant un facteur de isque d\u2019hypofertilit\u00e9.<\/li>\n<li>Aux femmes de plus de 35 ans.<\/li>\n<li>Femmes fumeuses.<\/li>\n<li>Femmes ayant un r\u00e9gime alimentaire trop strict et\/ou d\u00e9s\u00e9quilibr\u00e9.<\/li>\n<li>Femmes en surpoids.<\/li>\n<li>Femmes souffrant de Endom\u00e9triose de Syndrome des Ovaires Poly-kystiques, ou d\u2019am\u00e9norrh\u00e9e hypothalamique fonctionnelle.<\/li>\n<\/ul>\n","protected":false},"excerpt":{"rendered":"<p>Fertilla Q10 contribue \u00e0 cr\u00e9er un milieu optimal pour la f\u00e9condation, \u00e0 am\u00e9liorer la qualit\u00e9 de l\u2019ovule f\u00e9minine.<\/p>\n","protected":false},"featured_media":25849,"comment_status":"open","ping_status":"closed","template":"","meta":[],"product_cat":[286],"product_tag":[],"class_list":{"0":"post-20332","1":"product","2":"type-product","3":"status-publish","4":"has-post-thumbnail","6":"product_cat-complement-alimentaire","8":"first","9":"instock","10":"shipping-taxable","11":"purchasable","12":"product-type-simple"},"jetpack_sharing_enabled":true,"_links":{"self":[{"href":"https:\/\/para-pharmacity.tn\/index.php?rest_route=\/wp\/v2\/product\/20332","targetHints":{"allow":["GET"]}}],"collection":[{"href":"https:\/\/para-pharmacity.tn\/index.php?rest_route=\/wp\/v2\/product"}],"about":[{"href":"https:\/\/para-pharmacity.tn\/index.php?rest_route=\/wp\/v2\/types\/product"}],"replies":[{"embeddable":true,"href":"https:\/\/para-pharmacity.tn\/index.php?rest_route=%2Fwp%2Fv2%2Fcomments&post=20332"}],"version-history":[{"count":2,"href":"https:\/\/para-pharmacity.tn\/index.php?rest_route=\/wp\/v2\/product\/20332\/revisions"}],"predecessor-version":[{"id":25850,"href":"https:\/\/para-pharmacity.tn\/index.php?rest_route=\/wp\/v2\/product\/20332\/revisions\/25850"}],"wp:featuredmedia":[{"embeddable":true,"href":"https:\/\/para-pharmacity.tn\/index.php?rest_route=\/wp\/v2\/media\/25849"}],"wp:attachment":[{"href":"https:\/\/para-pharmacity.tn\/index.php?rest_route=%2Fwp%2Fv2%2Fmedia&parent=20332"}],"wp:term":[{"taxonomy":"product_cat","embeddable":true,"href":"https:\/\/para-pharmacity.tn\/index.php?rest_route=%2Fwp%2Fv2%2Fproduct_cat&post=20332"},{"taxonomy":"product_tag","embeddable":true,"href":"https:\/\/para-pharmacity.tn\/index.php?rest_route=%2Fwp%2Fv2%2Fproduct_tag&post=20332"}],"curies":[{"name":"wp","href":"https:\/\/api.w.org\/{rel}","templated":true}]}}