{"id":20331,"date":"2024-07-11T10:13:38","date_gmt":"2024-07-11T10:13:38","guid":{"rendered":"https:\/\/para-pharmacity.tn\/?product=xen-esti-cica"},"modified":"2025-05-06T08:57:46","modified_gmt":"2025-05-06T08:57:46","slug":"xen-esti-cica","status":"publish","type":"product","link":"https:\/\/para-pharmacity.tn\/?product=xen-esti-cica","title":{"rendered":"XEN ESTI CICA"},"content":{"rendered":"<p>XEN ESTI CICA \u2013 GEL DE SILICONE contient toutes les propri\u00e9t\u00e9s du gel de silicone pour le traitement des cicatrices non esth\u00e9tiques hypertrophiques et hyperpigment\u00e9es. Son c\u00e9l\u00e8bre applicateur \u00e0 bille facilite l\u2019application. XEN gels de silicone est un syst\u00e8me de soin esth\u00e9tique de chez Xen. Il r\u00e9tablit la structure et l\u2019\u00e9lasticit\u00e9 de la peau. Il \u00e9vite ainsi l\u2019apparition des cicatrices (hypertrophiques, ch\u00e9lo\u00efdes, ou hyperpigment\u00e9es) r\u00e9sultant de blessures, de kystes, d\u2019acn\u00e9 ou autres.<\/p>\n","protected":false},"excerpt":{"rendered":"<p align=\"justify\">XEN ESTI CICA &#8211; GEL DE SILICONE<\/p>\n<p align=\"justify\">contient toutes les propri\u00e9t\u00e9s du gel de silicone pour le traitement des cicatrices non esth\u00e9tiques hypertrophiques et hyperpigment\u00e9es. Son c\u00e9l\u00e8bre applicateur \u00e0 bille facilite l&rsquo;application.<\/p>\n","protected":false},"featured_media":25852,"comment_status":"open","ping_status":"closed","template":"","meta":[],"product_cat":[213],"product_tag":[],"class_list":{"0":"post-20331","1":"product","2":"type-product","3":"status-publish","4":"has-post-thumbnail","6":"product_cat-visage","8":"first","9":"instock","10":"shipping-taxable","11":"purchasable","12":"product-type-simple"},"jetpack_sharing_enabled":true,"_links":{"self":[{"href":"https:\/\/para-pharmacity.tn\/index.php?rest_route=\/wp\/v2\/product\/20331","targetHints":{"allow":["GET"]}}],"collection":[{"href":"https:\/\/para-pharmacity.tn\/index.php?rest_route=\/wp\/v2\/product"}],"about":[{"href":"https:\/\/para-pharmacity.tn\/index.php?rest_route=\/wp\/v2\/types\/product"}],"replies":[{"embeddable":true,"href":"https:\/\/para-pharmacity.tn\/index.php?rest_route=%2Fwp%2Fv2%2Fcomments&post=20331"}],"version-history":[{"count":2,"href":"https:\/\/para-pharmacity.tn\/index.php?rest_route=\/wp\/v2\/product\/20331\/revisions"}],"predecessor-version":[{"id":25853,"href":"https:\/\/para-pharmacity.tn\/index.php?rest_route=\/wp\/v2\/product\/20331\/revisions\/25853"}],"wp:featuredmedia":[{"embeddable":true,"href":"https:\/\/para-pharmacity.tn\/index.php?rest_route=\/wp\/v2\/media\/25852"}],"wp:attachment":[{"href":"https:\/\/para-pharmacity.tn\/index.php?rest_route=%2Fwp%2Fv2%2Fmedia&parent=20331"}],"wp:term":[{"taxonomy":"product_cat","embeddable":true,"href":"https:\/\/para-pharmacity.tn\/index.php?rest_route=%2Fwp%2Fv2%2Fproduct_cat&post=20331"},{"taxonomy":"product_tag","embeddable":true,"href":"https:\/\/para-pharmacity.tn\/index.php?rest_route=%2Fwp%2Fv2%2Fproduct_tag&post=20331"}],"curies":[{"name":"wp","href":"https:\/\/api.w.org\/{rel}","templated":true}]}}