{"id":20318,"date":"2024-07-11T10:13:33","date_gmt":"2024-07-11T10:13:33","guid":{"rendered":"https:\/\/para-pharmacity.tn\/?product=xen-bicover-beige-clairkeratin-rep-duo"},"modified":"2025-05-06T15:41:34","modified_gmt":"2025-05-06T15:41:34","slug":"xen-bicover-beige-clairkeratin-rep-duo","status":"publish","type":"product","link":"https:\/\/para-pharmacity.tn\/?product=xen-bicover-beige-clairkeratin-rep-duo","title":{"rendered":"XEN BICOVER BEIGE CLAIR+KERATIN REP DUO"},"content":{"rendered":"<p><b>XEN DUO BiCover 50+ LIGHT BEIGE + Keratin Q10 Oil Replacement 100ML<\/b><\/p>\n<p>Le duo Xen Cr\u00e8me Bi Cover SPF50+ et Huile Keratin Repair combine une protection solaire teint\u00e9e pour un teint unifi\u00e9 et une r\u00e9paration capillaire intense, offrant une solution compl\u00e8te pour la peau et les cheveux.<\/p>\n<ul>\n<li><b>Xen Creme Bi Cover SPF50+ 50ML<\/b>\u00a0: Cette cr\u00e8me solaire teint\u00e9e est bien plus qu&rsquo;un simple \u00e9cran solaire. Avec son indice de protection SPF 50+, elle offre une haute protection contre les rayons UVA et UVB, prot\u00e9geant ainsi efficacement votre peau des effets nocifs du soleil. Mais ce n&rsquo;est pas tout : enrichie en antioxydants et en actifs d\u00e9pigmentants, cette cr\u00e8me agit \u00e9galement contre l&rsquo;hyperpigmentation, id\u00e9ale pour les peaux sujettes aux taches brunes. Sa formule l\u00e9g\u00e8re et imperm\u00e9able r\u00e9siste \u00e0 l&rsquo;eau et \u00e0 la sueur, ce qui la rend id\u00e9ale pour une utilisation quotidienne, m\u00eame lors d&rsquo;activit\u00e9s en ext\u00e9rieur. En plus de sa protection solaire, la cr\u00e8me Bi Cover offre une couvrance naturelle qui unifie le teint, dissimule les cernes et les imperfections, et laisse la peau lumineuse sans effet gras. Son action double garantit \u00e0 la fois une protection maximale et une apparence impeccable, tout en pr\u00e9venant les probl\u00e8mes d&rsquo;hyperpigmentation \u00e0 long terme.<\/li>\n<\/ul>\n<ul>\n<li><b>XEN Keratin Repairing oil replacement 100ML\u00a0<\/b>: L&rsquo;Huile Keratin Repair est une v\u00e9ritable cure de jouvence pour les cheveux ab\u00eem\u00e9s et secs. Sa formule riche en huiles naturelles, k\u00e9ratine v\u00e9g\u00e9tale et vitamines r\u00e9g\u00e9n\u00e9rantes restaure en profondeur la fibre capillaire. Ce soin nourrissant et hydratant r\u00e9pare les cheveux fragiles et cassants, leur redonnant souplesse, brillance et douceur. Id\u00e9ale pour contr\u00f4ler les frisottis et prot\u00e9ger les pointes, cette huile l\u00e9g\u00e8re permet de revitaliser vos cheveux tout en facilitant le coiffage. Gr\u00e2ce \u00e0 ses ingr\u00e9dients puissants comme l&rsquo;huile de p\u00e9pins de raisin, l&rsquo;huile de macadamia, le coenzyme Q10 et la c\u00e9ramide A2, l&rsquo;Huile Keratin Repair renforce et prot\u00e8ge la chevelure tout en pr\u00e9servant son \u00e9lasticit\u00e9 naturelle. Un soin essentiel pour retrouver des cheveux \u00e9clatants et soyeux au quotidien.<\/li>\n<\/ul>\n","protected":false},"excerpt":{"rendered":"<p>L&rsquo;\u00e9cran Xen Cr\u00e8me Bi Cover SPF50+ prot\u00e8ge efficacement contre les rayons UVA\/UVB tout en offrant une couvrance parfaite pour un teint unifi\u00e9. Associ\u00e9e \u00e0 l&rsquo;Huile Keratin Repair, elle nourrit et r\u00e9pare intens\u00e9ment les cheveux secs et ab\u00eem\u00e9s.<\/p>\n","protected":false},"featured_media":25893,"comment_status":"open","ping_status":"closed","template":"","meta":[],"product_cat":[213],"product_tag":[],"class_list":{"0":"post-20318","1":"product","2":"type-product","3":"status-publish","4":"has-post-thumbnail","6":"product_cat-visage","8":"first","9":"instock","10":"shipping-taxable","11":"purchasable","12":"product-type-simple"},"jetpack_sharing_enabled":true,"_links":{"self":[{"href":"https:\/\/para-pharmacity.tn\/index.php?rest_route=\/wp\/v2\/product\/20318","targetHints":{"allow":["GET"]}}],"collection":[{"href":"https:\/\/para-pharmacity.tn\/index.php?rest_route=\/wp\/v2\/product"}],"about":[{"href":"https:\/\/para-pharmacity.tn\/index.php?rest_route=\/wp\/v2\/types\/product"}],"replies":[{"embeddable":true,"href":"https:\/\/para-pharmacity.tn\/index.php?rest_route=%2Fwp%2Fv2%2Fcomments&post=20318"}],"version-history":[{"count":2,"href":"https:\/\/para-pharmacity.tn\/index.php?rest_route=\/wp\/v2\/product\/20318\/revisions"}],"predecessor-version":[{"id":25894,"href":"https:\/\/para-pharmacity.tn\/index.php?rest_route=\/wp\/v2\/product\/20318\/revisions\/25894"}],"wp:featuredmedia":[{"embeddable":true,"href":"https:\/\/para-pharmacity.tn\/index.php?rest_route=\/wp\/v2\/media\/25893"}],"wp:attachment":[{"href":"https:\/\/para-pharmacity.tn\/index.php?rest_route=%2Fwp%2Fv2%2Fmedia&parent=20318"}],"wp:term":[{"taxonomy":"product_cat","embeddable":true,"href":"https:\/\/para-pharmacity.tn\/index.php?rest_route=%2Fwp%2Fv2%2Fproduct_cat&post=20318"},{"taxonomy":"product_tag","embeddable":true,"href":"https:\/\/para-pharmacity.tn\/index.php?rest_route=%2Fwp%2Fv2%2Fproduct_tag&post=20318"}],"curies":[{"name":"wp","href":"https:\/\/api.w.org\/{rel}","templated":true}]}}