{"id":20299,"date":"2024-07-11T10:13:24","date_gmt":"2024-07-11T10:13:24","guid":{"rendered":"https:\/\/para-pharmacity.tn\/?product=wellastrate-strong-9090ml"},"modified":"2025-05-07T08:59:45","modified_gmt":"2025-05-07T08:59:45","slug":"wellastrate-strong-9090ml","status":"publish","type":"product","link":"https:\/\/para-pharmacity.tn\/?product=wellastrate-strong-9090ml","title":{"rendered":"WELLASTRATE STRONG 90+90ML"},"content":{"rendered":"<p>Lisseurs Wellastrate Chaque cheveux boucl\u00e9s Lisseurs Wellastrate Chaque cheveux boucl\u00e9s redresse \u00e9galement les cheveux des hommes. La seule formule qui lisse vos cheveux comme le font les stars. Wellastrate est une pr\u00e9paration \u00e0 base de cr\u00e8me lissante tr\u00e8s efficace mais particuli\u00e8rement douce. Attention : Une attention particuli\u00e8re doit \u00eatre port\u00e9e \u00e0 la m\u00e9thode d application. Il s agit d une application facile \u00e0 utiliser, \u00e9tape par \u00e9tape. Le pack comprend : \u2013 Un lisseur de 90 ml \u2013 Un apr\u00e8s-shampooing neutralisant de 90 ml \u2013 Une notice d instructions facile \u00e0 suivre.<\/p>\n","protected":false},"excerpt":{"rendered":"<p>Cr\u00e8me lissante capillaire Wellastrate, 90\u202fml + 90\u202fml, pour cheveux boucl\u00e9s. Lisse efficacement tout en restant douce.<\/p>\n","protected":false},"featured_media":25917,"comment_status":"open","ping_status":"closed","template":"","meta":[],"product_cat":[20],"product_tag":[],"class_list":{"0":"post-20299","1":"product","2":"type-product","3":"status-publish","4":"has-post-thumbnail","6":"product_cat-accessories","8":"first","9":"instock","10":"shipping-taxable","11":"purchasable","12":"product-type-simple"},"jetpack_sharing_enabled":true,"_links":{"self":[{"href":"https:\/\/para-pharmacity.tn\/index.php?rest_route=\/wp\/v2\/product\/20299","targetHints":{"allow":["GET"]}}],"collection":[{"href":"https:\/\/para-pharmacity.tn\/index.php?rest_route=\/wp\/v2\/product"}],"about":[{"href":"https:\/\/para-pharmacity.tn\/index.php?rest_route=\/wp\/v2\/types\/product"}],"replies":[{"embeddable":true,"href":"https:\/\/para-pharmacity.tn\/index.php?rest_route=%2Fwp%2Fv2%2Fcomments&post=20299"}],"version-history":[{"count":2,"href":"https:\/\/para-pharmacity.tn\/index.php?rest_route=\/wp\/v2\/product\/20299\/revisions"}],"predecessor-version":[{"id":25918,"href":"https:\/\/para-pharmacity.tn\/index.php?rest_route=\/wp\/v2\/product\/20299\/revisions\/25918"}],"wp:featuredmedia":[{"embeddable":true,"href":"https:\/\/para-pharmacity.tn\/index.php?rest_route=\/wp\/v2\/media\/25917"}],"wp:attachment":[{"href":"https:\/\/para-pharmacity.tn\/index.php?rest_route=%2Fwp%2Fv2%2Fmedia&parent=20299"}],"wp:term":[{"taxonomy":"product_cat","embeddable":true,"href":"https:\/\/para-pharmacity.tn\/index.php?rest_route=%2Fwp%2Fv2%2Fproduct_cat&post=20299"},{"taxonomy":"product_tag","embeddable":true,"href":"https:\/\/para-pharmacity.tn\/index.php?rest_route=%2Fwp%2Fv2%2Fproduct_tag&post=20299"}],"curies":[{"name":"wp","href":"https:\/\/api.w.org\/{rel}","templated":true}]}}