{"id":20262,"date":"2024-07-11T10:13:08","date_gmt":"2024-07-11T10:13:08","guid":{"rendered":"https:\/\/para-pharmacity.tn\/?product=vitawell-c-480mg-30-comprimes"},"modified":"2025-05-07T10:13:40","modified_gmt":"2025-05-07T10:13:40","slug":"vitawell-c-480mg-30-comprimes","status":"publish","type":"product","link":"https:\/\/para-pharmacity.tn\/?product=vitawell-c-480mg-30-comprimes","title":{"rendered":"VITAWELL C 480MG 30 COMPRIMES"},"content":{"rendered":"<p><strong>VITAWELL C<\/strong>\u00a0: Vitamine C 480 mg.<\/p>\n<p>Boite de 30 comprim\u00e9s \u00e0 avaler.<\/p>\n<p>La vitamine C est une vitamine importante dont le corps a besoin au quotidien.<\/p>\n<p>Parmi ses fonctions les plus importantes :<\/p>\n<p>\u2013 Renforce le syst\u00e8me immunitaire et le prot\u00e8ge des rhumes, des \u00e9tats grippaux, COVID-19.<\/p>\n<p>\u2013 C\u2019est un antioxydant important et a un r\u00f4le dans la r\u00e9duction de l\u2019apparence des sympt\u00f4mes du vieillissement sur le corps<\/p>\n<p>\u2013 Stimule la production de collag\u00e8ne b\u00e9n\u00e9fique pour rajeunir la peau.<\/p>\n<p>\u2013 \u00c0 absorber le fer, un \u00e9l\u00e9ment important dans la production de globules rouges.<\/p>\n","protected":false},"excerpt":{"rendered":"<div id=\"product-description-short-11831\" class=\"product-description\">\n<p>Compl\u00e9ment alimentaire anti oxydant, sans sucre, qui soutient la sant\u00e9 immunitaire.<\/p>\n<\/div>\n","protected":false},"featured_media":25939,"comment_status":"open","ping_status":"closed","template":"","meta":[],"product_cat":[286],"product_tag":[],"class_list":{"0":"post-20262","1":"product","2":"type-product","3":"status-publish","4":"has-post-thumbnail","6":"product_cat-complement-alimentaire","8":"first","9":"instock","10":"shipping-taxable","11":"purchasable","12":"product-type-simple"},"jetpack_sharing_enabled":true,"_links":{"self":[{"href":"https:\/\/para-pharmacity.tn\/index.php?rest_route=\/wp\/v2\/product\/20262","targetHints":{"allow":["GET"]}}],"collection":[{"href":"https:\/\/para-pharmacity.tn\/index.php?rest_route=\/wp\/v2\/product"}],"about":[{"href":"https:\/\/para-pharmacity.tn\/index.php?rest_route=\/wp\/v2\/types\/product"}],"replies":[{"embeddable":true,"href":"https:\/\/para-pharmacity.tn\/index.php?rest_route=%2Fwp%2Fv2%2Fcomments&post=20262"}],"version-history":[{"count":2,"href":"https:\/\/para-pharmacity.tn\/index.php?rest_route=\/wp\/v2\/product\/20262\/revisions"}],"predecessor-version":[{"id":25938,"href":"https:\/\/para-pharmacity.tn\/index.php?rest_route=\/wp\/v2\/product\/20262\/revisions\/25938"}],"wp:featuredmedia":[{"embeddable":true,"href":"https:\/\/para-pharmacity.tn\/index.php?rest_route=\/wp\/v2\/media\/25939"}],"wp:attachment":[{"href":"https:\/\/para-pharmacity.tn\/index.php?rest_route=%2Fwp%2Fv2%2Fmedia&parent=20262"}],"wp:term":[{"taxonomy":"product_cat","embeddable":true,"href":"https:\/\/para-pharmacity.tn\/index.php?rest_route=%2Fwp%2Fv2%2Fproduct_cat&post=20262"},{"taxonomy":"product_tag","embeddable":true,"href":"https:\/\/para-pharmacity.tn\/index.php?rest_route=%2Fwp%2Fv2%2Fproduct_tag&post=20262"}],"curies":[{"name":"wp","href":"https:\/\/api.w.org\/{rel}","templated":true}]}}