{"id":20100,"date":"2024-07-11T10:11:54","date_gmt":"2024-07-11T10:11:54","guid":{"rendered":"https:\/\/para-pharmacity.tn\/?product=vitafer-plus-b30"},"modified":"2025-05-23T14:40:24","modified_gmt":"2025-05-23T14:40:24","slug":"vitafer-plus-b30","status":"publish","type":"product","link":"https:\/\/para-pharmacity.tn\/?product=vitafer-plus-b30","title":{"rendered":"VITAFER PLUS B30"},"content":{"rendered":"<p>Vitafer Plus est un suppl\u00e9ment alimentaire qui combine :<\/p>\n<ul>\n<li>Fer bisglycinate ch\u00e9lat\u00e9, pour une meilleure absorption<\/li>\n<li>Cuivre et zinc, pour soutenir le syst\u00e8me immunitaire<\/li>\n<li>Vitamines C, B6, B9 et B12, pour la formation normale des globules rouges et la r\u00e9duction de la fatigue<\/li>\n<\/ul>\n<p>Avec 30 comprim\u00e9s par bo\u00eete, ce produit vise \u00e0 soutenir la sant\u00e9 et le bien-\u00eatre global.<\/p>\n<p><strong>Conseils D\u2019utilisation :<\/strong><\/p>\n<p>1 comprim\u00e9 par jour .<\/p>\n","protected":false},"excerpt":{"rendered":"<p>VITAFOR Vitafer Plus Vit C \/B6\/B9\/B12 Boite 30Cp<\/p>\n","protected":false},"featured_media":26357,"comment_status":"open","ping_status":"closed","template":"","meta":[],"product_cat":[286],"product_tag":[],"class_list":{"0":"post-20100","1":"product","2":"type-product","3":"status-publish","4":"has-post-thumbnail","6":"product_cat-complement-alimentaire","8":"first","9":"instock","10":"shipping-taxable","11":"purchasable","12":"product-type-simple"},"jetpack_sharing_enabled":true,"_links":{"self":[{"href":"https:\/\/para-pharmacity.tn\/index.php?rest_route=\/wp\/v2\/product\/20100","targetHints":{"allow":["GET"]}}],"collection":[{"href":"https:\/\/para-pharmacity.tn\/index.php?rest_route=\/wp\/v2\/product"}],"about":[{"href":"https:\/\/para-pharmacity.tn\/index.php?rest_route=\/wp\/v2\/types\/product"}],"replies":[{"embeddable":true,"href":"https:\/\/para-pharmacity.tn\/index.php?rest_route=%2Fwp%2Fv2%2Fcomments&post=20100"}],"version-history":[{"count":2,"href":"https:\/\/para-pharmacity.tn\/index.php?rest_route=\/wp\/v2\/product\/20100\/revisions"}],"predecessor-version":[{"id":26358,"href":"https:\/\/para-pharmacity.tn\/index.php?rest_route=\/wp\/v2\/product\/20100\/revisions\/26358"}],"wp:featuredmedia":[{"embeddable":true,"href":"https:\/\/para-pharmacity.tn\/index.php?rest_route=\/wp\/v2\/media\/26357"}],"wp:attachment":[{"href":"https:\/\/para-pharmacity.tn\/index.php?rest_route=%2Fwp%2Fv2%2Fmedia&parent=20100"}],"wp:term":[{"taxonomy":"product_cat","embeddable":true,"href":"https:\/\/para-pharmacity.tn\/index.php?rest_route=%2Fwp%2Fv2%2Fproduct_cat&post=20100"},{"taxonomy":"product_tag","embeddable":true,"href":"https:\/\/para-pharmacity.tn\/index.php?rest_route=%2Fwp%2Fv2%2Fproduct_tag&post=20100"}],"curies":[{"name":"wp","href":"https:\/\/api.w.org\/{rel}","templated":true}]}}