{"id":20017,"date":"2024-07-11T10:11:19","date_gmt":"2024-07-11T10:11:19","guid":{"rendered":"https:\/\/para-pharmacity.tn\/?product=vichy-deo-homme"},"modified":"2025-05-29T08:17:56","modified_gmt":"2025-05-29T08:17:56","slug":"vichy-deo-homme","status":"publish","type":"product","link":"https:\/\/para-pharmacity.tn\/?product=vichy-deo-homme","title":{"rendered":"VICHY DEO HOMME"},"content":{"rendered":"<div id=\"descriptions\" class=\"description\">\n<p>Sa formule aux actifs anti-transpirants et oligo-zinc apaisants r\u00e9gule la transpiration et apaise votre peau des inconforts pendant 48h.<\/p>\n<p>Ce soin vous apporte douceur et fra\u00eecheur pendant 48h. Gr\u00e2ce au Roll-On, son application est facile et rapide.<br \/>\nEfficacit\u00e9 d\u00e9odorante et anti-transpirant pendant 48h*.Frais et doux \u00e0 l\u2019application.Tol\u00e9rance optimale, sans trace blanche sur la peau.*Test instrumental.<\/p><\/div>\n<div class=\"conseils\">\n<p class=\"title-block\"><strong>Conseils d&rsquo;utilisation :<\/strong><\/p>\n<p>Appliquez sur des aisselles propres et s\u00e8ches.<\/p>\n<\/div>\n","protected":false},"excerpt":{"rendered":"<p>Sa formule aux actifs anti-transpirants et oligo-zinc apaisants r\u00e9gule la transpiration et apaise votre peau des inconforts pendant 48h. Ce soin vous apporte douceur et fra\u00eecheur pendant 48h. Gr\u00e2ce au Roll-On, son application est facile et rapide. Efficacit\u00e9 d\u00e9odorante et anti-transpirant pendant 48h*.Frais et doux \u00e0 l\u2019application.Tol\u00e9rance optimale, sans trace blanche sur la peau.*Test instrumental.<\/p>\n","protected":false},"featured_media":26381,"comment_status":"open","ping_status":"closed","template":"","meta":[],"product_cat":[235],"product_tag":[],"class_list":{"0":"post-20017","1":"product","2":"type-product","3":"status-publish","4":"has-post-thumbnail","6":"product_cat-corps","8":"first","9":"instock","10":"shipping-taxable","11":"purchasable","12":"product-type-simple"},"jetpack_sharing_enabled":true,"_links":{"self":[{"href":"https:\/\/para-pharmacity.tn\/index.php?rest_route=\/wp\/v2\/product\/20017","targetHints":{"allow":["GET"]}}],"collection":[{"href":"https:\/\/para-pharmacity.tn\/index.php?rest_route=\/wp\/v2\/product"}],"about":[{"href":"https:\/\/para-pharmacity.tn\/index.php?rest_route=\/wp\/v2\/types\/product"}],"replies":[{"embeddable":true,"href":"https:\/\/para-pharmacity.tn\/index.php?rest_route=%2Fwp%2Fv2%2Fcomments&post=20017"}],"version-history":[{"count":3,"href":"https:\/\/para-pharmacity.tn\/index.php?rest_route=\/wp\/v2\/product\/20017\/revisions"}],"predecessor-version":[{"id":26383,"href":"https:\/\/para-pharmacity.tn\/index.php?rest_route=\/wp\/v2\/product\/20017\/revisions\/26383"}],"wp:featuredmedia":[{"embeddable":true,"href":"https:\/\/para-pharmacity.tn\/index.php?rest_route=\/wp\/v2\/media\/26381"}],"wp:attachment":[{"href":"https:\/\/para-pharmacity.tn\/index.php?rest_route=%2Fwp%2Fv2%2Fmedia&parent=20017"}],"wp:term":[{"taxonomy":"product_cat","embeddable":true,"href":"https:\/\/para-pharmacity.tn\/index.php?rest_route=%2Fwp%2Fv2%2Fproduct_cat&post=20017"},{"taxonomy":"product_tag","embeddable":true,"href":"https:\/\/para-pharmacity.tn\/index.php?rest_route=%2Fwp%2Fv2%2Fproduct_tag&post=20017"}],"curies":[{"name":"wp","href":"https:\/\/api.w.org\/{rel}","templated":true}]}}