{"id":19963,"date":"2024-07-11T10:10:55","date_gmt":"2024-07-11T10:10:55","guid":{"rendered":"https:\/\/para-pharmacity.tn\/?product=vertizen-b15-g1"},"modified":"2025-05-29T12:43:32","modified_gmt":"2025-05-29T12:43:32","slug":"vertizen-b15-g1","status":"publish","type":"product","link":"https:\/\/para-pharmacity.tn\/?product=vertizen-b15-g1","title":{"rendered":"VERTIZEN B15 G1"},"content":{"rendered":"<p>VERTIZEN Comprim\u00e9 B 15<\/p>\n<p>Conseill\u00e9e pour<br \/>\n-Aider \u00e0 r\u00e9duire la vertige &amp; les troubles de l\u2019\u00e9quilibre<br \/>\n-Contribuer au fonctionnement m\u00e9tabolique optimal<br \/>\n-R\u00e9duire la fatigue<\/p>\n<p>Composition<br \/>\nPin Maritime 75 mg, Ginkgo Biloba 130 mg, Magn\u00e9sium 60 mg, Vitamine B6 1,5 mg<\/p>\n<p>Posologie<br \/>\n-Adultes et \u00e0 l\u2019enfants \u00e0 partir de 12 ans : 2 comprim\u00e9s le matin en prise unique avec un verre d\u2019eau.<br \/>\n-Une prise en charge de 5 \u00e0 7 jours cons\u00e9cutifs est recommand\u00e9e, durant la crise vertigineuse<\/p>\n","protected":false},"excerpt":{"rendered":"<p>VERTIZEN Comprim\u00e9 B 15<br \/>\n-Aider \u00e0 r\u00e9duire la vertige &amp; les troubles de l\u2019\u00e9quilibre<br \/>\n-Contribuer au fonctionnement m\u00e9tabolique optimal<br \/>\n-R\u00e9duire la fatigue<\/p>\n","protected":false},"featured_media":26413,"comment_status":"open","ping_status":"closed","template":"","meta":[],"product_cat":[286],"product_tag":[],"class_list":{"0":"post-19963","1":"product","2":"type-product","3":"status-publish","4":"has-post-thumbnail","6":"product_cat-complement-alimentaire","8":"first","9":"instock","10":"shipping-taxable","11":"purchasable","12":"product-type-simple"},"jetpack_sharing_enabled":true,"_links":{"self":[{"href":"https:\/\/para-pharmacity.tn\/index.php?rest_route=\/wp\/v2\/product\/19963","targetHints":{"allow":["GET"]}}],"collection":[{"href":"https:\/\/para-pharmacity.tn\/index.php?rest_route=\/wp\/v2\/product"}],"about":[{"href":"https:\/\/para-pharmacity.tn\/index.php?rest_route=\/wp\/v2\/types\/product"}],"replies":[{"embeddable":true,"href":"https:\/\/para-pharmacity.tn\/index.php?rest_route=%2Fwp%2Fv2%2Fcomments&post=19963"}],"version-history":[{"count":2,"href":"https:\/\/para-pharmacity.tn\/index.php?rest_route=\/wp\/v2\/product\/19963\/revisions"}],"predecessor-version":[{"id":26414,"href":"https:\/\/para-pharmacity.tn\/index.php?rest_route=\/wp\/v2\/product\/19963\/revisions\/26414"}],"wp:featuredmedia":[{"embeddable":true,"href":"https:\/\/para-pharmacity.tn\/index.php?rest_route=\/wp\/v2\/media\/26413"}],"wp:attachment":[{"href":"https:\/\/para-pharmacity.tn\/index.php?rest_route=%2Fwp%2Fv2%2Fmedia&parent=19963"}],"wp:term":[{"taxonomy":"product_cat","embeddable":true,"href":"https:\/\/para-pharmacity.tn\/index.php?rest_route=%2Fwp%2Fv2%2Fproduct_cat&post=19963"},{"taxonomy":"product_tag","embeddable":true,"href":"https:\/\/para-pharmacity.tn\/index.php?rest_route=%2Fwp%2Fv2%2Fproduct_tag&post=19963"}],"curies":[{"name":"wp","href":"https:\/\/api.w.org\/{rel}","templated":true}]}}