{"id":19954,"date":"2024-07-11T10:10:52","date_gmt":"2024-07-11T10:10:52","guid":{"rendered":"https:\/\/para-pharmacity.tn\/?product=venixe-couche-adulte-t-medium"},"modified":"2025-05-29T16:10:58","modified_gmt":"2025-05-29T16:10:58","slug":"venixe-couche-adulte-t-medium","status":"publish","type":"product","link":"https:\/\/para-pharmacity.tn\/?product=venixe-couche-adulte-t-medium","title":{"rendered":"VENIXE COUCHE ADULTE T MEDIUM"},"content":{"rendered":"<p>Sous-v\u00eatements de protection pour incontinence l\u00e9g\u00e8re \u00e0 s\u00e9v\u00e8re en quatre tailles diff\u00e9rentes.<\/p>\n<p>Ces sous-v\u00eatements de protection confortables peuvent \u00eatre port\u00e9s comme des pantalons jetables normaux.<\/p>\n<p>Une ceinture extensible et douce assure un bon ajustement. Un mat\u00e9riau absorbant doux pour la peau, associ\u00e9 \u00e0 un super absorbant, assure une absorption s\u00e8che et maximale. Les poignets de jambe internes, \u00e9lastiques et serr\u00e9s assurent une protection s\u00fbre contre les fuites. Les \u00e9l\u00e9ments de d\u00e9chirement lat\u00e9raux permettent de retirer pratiquement les sous-v\u00eatements de protection.<\/p>\n","protected":false},"excerpt":{"rendered":"<p>Venixe \u00e9lastique moyen \u00e0 15 pcs. \u00bb Sous-v\u00eatements de protection pour incontinence l\u00e9g\u00e8re \u00e0 s\u00e9v\u00e8re<\/p>\n","protected":false},"featured_media":26426,"comment_status":"open","ping_status":"closed","template":"","meta":[],"product_cat":[20],"product_tag":[],"class_list":{"0":"post-19954","1":"product","2":"type-product","3":"status-publish","4":"has-post-thumbnail","6":"product_cat-accessories","8":"first","9":"instock","10":"shipping-taxable","11":"purchasable","12":"product-type-simple"},"jetpack_sharing_enabled":true,"_links":{"self":[{"href":"https:\/\/para-pharmacity.tn\/index.php?rest_route=\/wp\/v2\/product\/19954","targetHints":{"allow":["GET"]}}],"collection":[{"href":"https:\/\/para-pharmacity.tn\/index.php?rest_route=\/wp\/v2\/product"}],"about":[{"href":"https:\/\/para-pharmacity.tn\/index.php?rest_route=\/wp\/v2\/types\/product"}],"replies":[{"embeddable":true,"href":"https:\/\/para-pharmacity.tn\/index.php?rest_route=%2Fwp%2Fv2%2Fcomments&post=19954"}],"version-history":[{"count":2,"href":"https:\/\/para-pharmacity.tn\/index.php?rest_route=\/wp\/v2\/product\/19954\/revisions"}],"predecessor-version":[{"id":26427,"href":"https:\/\/para-pharmacity.tn\/index.php?rest_route=\/wp\/v2\/product\/19954\/revisions\/26427"}],"wp:featuredmedia":[{"embeddable":true,"href":"https:\/\/para-pharmacity.tn\/index.php?rest_route=\/wp\/v2\/media\/26426"}],"wp:attachment":[{"href":"https:\/\/para-pharmacity.tn\/index.php?rest_route=%2Fwp%2Fv2%2Fmedia&parent=19954"}],"wp:term":[{"taxonomy":"product_cat","embeddable":true,"href":"https:\/\/para-pharmacity.tn\/index.php?rest_route=%2Fwp%2Fv2%2Fproduct_cat&post=19954"},{"taxonomy":"product_tag","embeddable":true,"href":"https:\/\/para-pharmacity.tn\/index.php?rest_route=%2Fwp%2Fv2%2Fproduct_tag&post=19954"}],"curies":[{"name":"wp","href":"https:\/\/api.w.org\/{rel}","templated":true}]}}