{"id":19893,"date":"2024-07-11T10:10:28","date_gmt":"2024-07-11T10:10:28","guid":{"rendered":"https:\/\/para-pharmacity.tn\/?product=uriage-xemose-baume-oleo-apaisant"},"modified":"2025-05-30T15:56:01","modified_gmt":"2025-05-30T15:56:01","slug":"uriage-xemose-baume-oleo-apaisant","status":"publish","type":"product","link":"https:\/\/para-pharmacity.tn\/?product=uriage-xemose-baume-oleo-apaisant","title":{"rendered":"URIAGE XEMOSE BAUME OLEO APAISANT"},"content":{"rendered":"<p><b>Le baume X\u00e9mose Ol\u00e9o-Apaisant Anti-Grattage 200ml\u00a0<\/b>de\u00a0<b>Uriage<\/b>\u00a0est sp\u00e9cialement con\u00e7u pour apaiser les<b>\u00a0peaux atopiques<\/b>\u00a0et soulager les d\u00e9mangeaisons.<\/p>\n<p>Sa formule enrichie en beurre de karit\u00e9 et huile d\u2019illip\u00e9 nourrit intens\u00e9ment la peau tout en apportant un confort imm\u00e9diat.<\/p>\n<p>Gr\u00e2ce \u00e0 sa texture\u00a0<b>non grasse<\/b>, il forme un film protecteur qui hydrate et prot\u00e8ge durablement sans laisser de r\u00e9sidu.<\/p>\n<p>Hypoallerg\u00e9nique et sans parfum, ce baume convient \u00e0 toute la famille, des enfants aux adultes, et peut \u00eatre appliqu\u00e9 sur le\u00a0<b>visage et le corps.<\/b><\/p>\n","protected":false},"excerpt":{"rendered":"<p>Ce baume nourrissant au karit\u00e9 et \u00e0 l\u2019huile d\u2019illip\u00e9 apaise les d\u00e9mangeaisons, renforce la barri\u00e8re cutan\u00e9e et offre un confort longue dur\u00e9e gr\u00e2ce \u00e0 sa texture \u00ab\u00a0baume en huile\u00a0\u00bb.<\/p>\n","protected":false},"featured_media":26485,"comment_status":"open","ping_status":"closed","template":"","meta":[],"product_cat":[213],"product_tag":[],"class_list":{"0":"post-19893","1":"product","2":"type-product","3":"status-publish","4":"has-post-thumbnail","6":"product_cat-visage","8":"first","9":"instock","10":"shipping-taxable","11":"purchasable","12":"product-type-simple"},"jetpack_sharing_enabled":true,"_links":{"self":[{"href":"https:\/\/para-pharmacity.tn\/index.php?rest_route=\/wp\/v2\/product\/19893","targetHints":{"allow":["GET"]}}],"collection":[{"href":"https:\/\/para-pharmacity.tn\/index.php?rest_route=\/wp\/v2\/product"}],"about":[{"href":"https:\/\/para-pharmacity.tn\/index.php?rest_route=\/wp\/v2\/types\/product"}],"replies":[{"embeddable":true,"href":"https:\/\/para-pharmacity.tn\/index.php?rest_route=%2Fwp%2Fv2%2Fcomments&post=19893"}],"version-history":[{"count":2,"href":"https:\/\/para-pharmacity.tn\/index.php?rest_route=\/wp\/v2\/product\/19893\/revisions"}],"predecessor-version":[{"id":26484,"href":"https:\/\/para-pharmacity.tn\/index.php?rest_route=\/wp\/v2\/product\/19893\/revisions\/26484"}],"wp:featuredmedia":[{"embeddable":true,"href":"https:\/\/para-pharmacity.tn\/index.php?rest_route=\/wp\/v2\/media\/26485"}],"wp:attachment":[{"href":"https:\/\/para-pharmacity.tn\/index.php?rest_route=%2Fwp%2Fv2%2Fmedia&parent=19893"}],"wp:term":[{"taxonomy":"product_cat","embeddable":true,"href":"https:\/\/para-pharmacity.tn\/index.php?rest_route=%2Fwp%2Fv2%2Fproduct_cat&post=19893"},{"taxonomy":"product_tag","embeddable":true,"href":"https:\/\/para-pharmacity.tn\/index.php?rest_route=%2Fwp%2Fv2%2Fproduct_tag&post=19893"}],"curies":[{"name":"wp","href":"https:\/\/api.w.org\/{rel}","templated":true}]}}