{"id":19858,"date":"2024-07-11T10:10:10","date_gmt":"2024-07-11T10:10:10","guid":{"rendered":"https:\/\/para-pharmacity.tn\/?product=uriage-hyseac-gel-nettoyant-150-ml"},"modified":"2025-05-30T16:01:56","modified_gmt":"2025-05-30T16:01:56","slug":"uriage-hyseac-gel-nettoyant-150-ml","status":"publish","type":"product","link":"https:\/\/para-pharmacity.tn\/?product=uriage-hyseac-gel-nettoyant-150-ml","title":{"rendered":"URIAGE HYSEAC GEL NETTOYANT 150 ML"},"content":{"rendered":"<p>HYS\u00c9AC Gel Nettoyant \u00e9limine impuret\u00e9s et exc\u00e8s de s\u00e9bum, tout en respectant parfaitement l\u2019\u00e9piderme. Sa haute rin\u00e7abilit\u00e9, son aspect moussant au contact de l\u2019eau et son l\u00e9ger parfum caract\u00e9ristique de la gamme Hys\u00e9ac en font un produit tr\u00e8s agr\u00e9able \u00e0 utiliser au quotidien. La peau est plus nette, plus saine, plus fra\u00eeche.Sa haute rin\u00e7abilit\u00e9, son aspect moussant au contact de l\u2019eau et son l\u00e9ger parfum caract\u00e9ristique de la gamme Hys\u00e9ac en font un produit tr\u00e8s agr\u00e9able \u00e0 utiliser au quotidien. La peau est plus nette, plus saine, plus fra\u00eeche. Nettoie: Un nettoyage ultra doux sans savon qui se rince \u00e0 l\u2019eau. Purifie et assainit: Formul\u00e9 sp\u00e9cifiquement pour les peaux mixtes \u00e0 grasses, ce gel \u00e9limine les impuret\u00e9s et les exc\u00e8s de s\u00e9bum.<\/p>\n","protected":false},"excerpt":{"rendered":"<p>Hys\u00e9ac Gel Nettoyant Doux \u00e9limine impuret\u00e9s et exc\u00e8s de s\u00e9bum, tout en respectant parfaitement l&rsquo;\u00e9piderme.<\/p>\n","protected":false},"featured_media":26489,"comment_status":"open","ping_status":"closed","template":"","meta":[],"product_cat":[213],"product_tag":[],"class_list":{"0":"post-19858","1":"product","2":"type-product","3":"status-publish","4":"has-post-thumbnail","6":"product_cat-visage","8":"first","9":"instock","10":"shipping-taxable","11":"purchasable","12":"product-type-simple"},"jetpack_sharing_enabled":true,"_links":{"self":[{"href":"https:\/\/para-pharmacity.tn\/index.php?rest_route=\/wp\/v2\/product\/19858","targetHints":{"allow":["GET"]}}],"collection":[{"href":"https:\/\/para-pharmacity.tn\/index.php?rest_route=\/wp\/v2\/product"}],"about":[{"href":"https:\/\/para-pharmacity.tn\/index.php?rest_route=\/wp\/v2\/types\/product"}],"replies":[{"embeddable":true,"href":"https:\/\/para-pharmacity.tn\/index.php?rest_route=%2Fwp%2Fv2%2Fcomments&post=19858"}],"version-history":[{"count":2,"href":"https:\/\/para-pharmacity.tn\/index.php?rest_route=\/wp\/v2\/product\/19858\/revisions"}],"predecessor-version":[{"id":26490,"href":"https:\/\/para-pharmacity.tn\/index.php?rest_route=\/wp\/v2\/product\/19858\/revisions\/26490"}],"wp:featuredmedia":[{"embeddable":true,"href":"https:\/\/para-pharmacity.tn\/index.php?rest_route=\/wp\/v2\/media\/26489"}],"wp:attachment":[{"href":"https:\/\/para-pharmacity.tn\/index.php?rest_route=%2Fwp%2Fv2%2Fmedia&parent=19858"}],"wp:term":[{"taxonomy":"product_cat","embeddable":true,"href":"https:\/\/para-pharmacity.tn\/index.php?rest_route=%2Fwp%2Fv2%2Fproduct_cat&post=19858"},{"taxonomy":"product_tag","embeddable":true,"href":"https:\/\/para-pharmacity.tn\/index.php?rest_route=%2Fwp%2Fv2%2Fproduct_tag&post=19858"}],"curies":[{"name":"wp","href":"https:\/\/api.w.org\/{rel}","templated":true}]}}