{"id":19851,"date":"2024-07-11T10:10:07","date_gmt":"2024-07-11T10:10:07","guid":{"rendered":"https:\/\/para-pharmacity.tn\/?product=uriage-hyseac-3-regul-40ml"},"modified":"2025-06-02T09:20:14","modified_gmt":"2025-06-02T09:20:14","slug":"uriage-hyseac-3-regul-40ml","status":"publish","type":"product","link":"https:\/\/para-pharmacity.tn\/?product=uriage-hyseac-3-regul-40ml","title":{"rendered":"URIAGE HYSEAC 3 REGUL+ 40ML"},"content":{"rendered":"<p style=\"font-weight: 400;\">Pour qui : Les peaux grasses \u00e0 tendance acn\u00e9ique.<\/p>\n<p style=\"font-weight: 400;\">R\u00e9sultats beaut\u00e9 : Ce soin corrige, matifie et affine le grain de peau.<\/p>\n<p style=\"font-weight: 400;\">Actifs : AHA, Zinc.<\/p>\n<p style=\"font-weight: 400;\">Le + : Il est non com\u00e9dog\u00e8ne.<\/p>\n<p style=\"font-weight: 400;\">Hys\u00e9ac 3-Regul+ d&rsquo;Uriage est un soin global anti-imperfections qui limite les boutons, d\u00e9sincruste les pores et pr\u00e9vient les marques.<\/p>\n<p style=\"font-weight: 400;\">Enrichi en AHA et en Zinc, ce soin corrige, matifie et affine le grain de peau.<\/p>\n<p style=\"font-weight: 400;\">Sa formule aux 4 brevets r\u00e9\u00e9quilibre le microbiome et limite les imperfections persistantes et r\u00e9cidivantes.<\/p>\n<p style=\"font-weight: 400;\">Non com\u00e9dog\u00e8ne. Test\u00e9 sous contr\u00f4le dermatologique.<\/p>\n<p style=\"font-weight: 400;\"><b><strong>Conseils d&rsquo;utilisation :<\/strong><\/b><\/p>\n<p style=\"font-weight: 400;\">Appliquer matin et\/ou soir.<\/p>\n","protected":false},"excerpt":{"rendered":"<p>Hys\u00e9ac 3-Regul+ d&rsquo;Uriage est un soin global anti-imperfections qui traite les boutons, points noirs, brillances, pores, rougeurs et les marques.<\/p>\n","protected":false},"featured_media":26492,"comment_status":"open","ping_status":"closed","template":"","meta":[],"product_cat":[213],"product_tag":[],"class_list":{"0":"post-19851","1":"product","2":"type-product","3":"status-publish","4":"has-post-thumbnail","6":"product_cat-visage","8":"first","9":"instock","10":"shipping-taxable","11":"purchasable","12":"product-type-simple"},"jetpack_sharing_enabled":true,"_links":{"self":[{"href":"https:\/\/para-pharmacity.tn\/index.php?rest_route=\/wp\/v2\/product\/19851","targetHints":{"allow":["GET"]}}],"collection":[{"href":"https:\/\/para-pharmacity.tn\/index.php?rest_route=\/wp\/v2\/product"}],"about":[{"href":"https:\/\/para-pharmacity.tn\/index.php?rest_route=\/wp\/v2\/types\/product"}],"replies":[{"embeddable":true,"href":"https:\/\/para-pharmacity.tn\/index.php?rest_route=%2Fwp%2Fv2%2Fcomments&post=19851"}],"version-history":[{"count":2,"href":"https:\/\/para-pharmacity.tn\/index.php?rest_route=\/wp\/v2\/product\/19851\/revisions"}],"predecessor-version":[{"id":26494,"href":"https:\/\/para-pharmacity.tn\/index.php?rest_route=\/wp\/v2\/product\/19851\/revisions\/26494"}],"wp:featuredmedia":[{"embeddable":true,"href":"https:\/\/para-pharmacity.tn\/index.php?rest_route=\/wp\/v2\/media\/26492"}],"wp:attachment":[{"href":"https:\/\/para-pharmacity.tn\/index.php?rest_route=%2Fwp%2Fv2%2Fmedia&parent=19851"}],"wp:term":[{"taxonomy":"product_cat","embeddable":true,"href":"https:\/\/para-pharmacity.tn\/index.php?rest_route=%2Fwp%2Fv2%2Fproduct_cat&post=19851"},{"taxonomy":"product_tag","embeddable":true,"href":"https:\/\/para-pharmacity.tn\/index.php?rest_route=%2Fwp%2Fv2%2Fproduct_tag&post=19851"}],"curies":[{"name":"wp","href":"https:\/\/api.w.org\/{rel}","templated":true}]}}