{"id":19794,"date":"2024-07-11T10:09:44","date_gmt":"2024-07-11T10:09:44","guid":{"rendered":"https:\/\/para-pharmacity.tn\/?product=uriage-coff-bariesun-cr-teinteeeau-gr"},"modified":"2025-06-02T09:46:58","modified_gmt":"2025-06-02T09:46:58","slug":"uriage-coff-bariesun-cr-teinteeeau-gr","status":"publish","type":"product","link":"https:\/\/para-pharmacity.tn\/?product=uriage-coff-bariesun-cr-teinteeeau-gr","title":{"rendered":"URIAGE COFF BARIESUN CR TEINTEE+EAU GR"},"content":{"rendered":"<p>D\u00e9couvrez le\u00a0<b>Coffret URIAGE BARI\u00c9SUN Cr\u00e8me Teint\u00e9e Claire SPF50+<\/b>, un duo essentiel pour prot\u00e9ger et sublimer votre peau, sp\u00e9cialement con\u00e7u pour les\u00a0<b>peaux intol\u00e9rantes\u00a0<\/b>et les\u00a0<b>plus fragiles<\/b>.<\/p>\n<p>Ce\u00a0<b>coffret\u00a0<\/b>comprend la\u00a0<b>Cr\u00e8me Teint\u00e9e Claire SPF50+ (50ml) et l&rsquo;Eau Thermale d&rsquo;Uriage (50ml offerte).<\/b><\/p>\n<p>La\u00a0<b>Cr\u00e8me Teint\u00e9e Claire SPF50+<\/b>\u00a0offre une tr\u00e8s haute protection solaire tout en unifiant votre teint avec une couvrance l\u00e9g\u00e8re et naturelle.<\/p>\n<p>Sa texture non grasse p\u00e9n\u00e8tre rapidement et garantit un maximum de s\u00e9curit\u00e9 et de tol\u00e9rance pour les peaux sensibles.<\/p>\n<p><b>L&rsquo;Eau Thermale d\u2019Uriage (50ml offerte)\u00a0<\/b>est un v\u00e9ritable soin quotidien, riche en oligo-\u00e9l\u00e9ments et min\u00e9raux. Elle hydrate, apaise et prot\u00e8ge votre peau, lui apportant une source d&rsquo;\u00e9clat naturelle. Utilisez-la \u00e0 tout moment de la journ\u00e9e pour rafra\u00eechir et revitaliser votre visage.<\/p>\n<p>Ce\u00a0<b>coffret URIAGE<\/b>\u00a0est le duo parfait pour allier\u00a0<b>protection solair<\/b>e, soin et un teint naturellement \u00e9clatant, m\u00eame pour les peaux les plus d\u00e9licates.<\/p>\n<p><b>Ce coffret contient :<\/b><\/p>\n<ul>\n<li><b>URIAGE BARI\u00c9SUN Cr\u00e8me Teint\u00e9e Claire SPF50+ (50ml)<\/b>\u00a0: Tr\u00e8s haute protection solaire teint\u00e9e, id\u00e9ale pour les peaux intol\u00e9rantes et fragiles. Texture non grasse, p\u00e9n\u00e9tration rapide.<\/li>\n<li><b>URIAGE EAU THERMALE 50ML OFFERTE<\/b>\u00a0: Spray hydratant, apaisant et protecteur. Source d\u2019\u00e9clat quotidien pour tous les types de peaux.<\/li>\n<\/ul>\n","protected":false},"excerpt":{"rendered":"<p>PROMO JUSQU&rsquo;A RUPTURE DE STOCK: Uriage Bari\u00e9sun Cr\u00e8me Teint\u00e9e Skin Shield Technologie SPF50+ 50 ml &#8211; Teinte : Teinte Gold + Eau thermale offerte<\/p>\n","protected":false},"featured_media":26499,"comment_status":"open","ping_status":"closed","template":"","meta":[],"product_cat":[213],"product_tag":[],"class_list":{"0":"post-19794","1":"product","2":"type-product","3":"status-publish","4":"has-post-thumbnail","6":"product_cat-visage","8":"first","9":"instock","10":"shipping-taxable","11":"purchasable","12":"product-type-simple"},"jetpack_sharing_enabled":true,"_links":{"self":[{"href":"https:\/\/para-pharmacity.tn\/index.php?rest_route=\/wp\/v2\/product\/19794","targetHints":{"allow":["GET"]}}],"collection":[{"href":"https:\/\/para-pharmacity.tn\/index.php?rest_route=\/wp\/v2\/product"}],"about":[{"href":"https:\/\/para-pharmacity.tn\/index.php?rest_route=\/wp\/v2\/types\/product"}],"replies":[{"embeddable":true,"href":"https:\/\/para-pharmacity.tn\/index.php?rest_route=%2Fwp%2Fv2%2Fcomments&post=19794"}],"version-history":[{"count":2,"href":"https:\/\/para-pharmacity.tn\/index.php?rest_route=\/wp\/v2\/product\/19794\/revisions"}],"predecessor-version":[{"id":26500,"href":"https:\/\/para-pharmacity.tn\/index.php?rest_route=\/wp\/v2\/product\/19794\/revisions\/26500"}],"wp:featuredmedia":[{"embeddable":true,"href":"https:\/\/para-pharmacity.tn\/index.php?rest_route=\/wp\/v2\/media\/26499"}],"wp:attachment":[{"href":"https:\/\/para-pharmacity.tn\/index.php?rest_route=%2Fwp%2Fv2%2Fmedia&parent=19794"}],"wp:term":[{"taxonomy":"product_cat","embeddable":true,"href":"https:\/\/para-pharmacity.tn\/index.php?rest_route=%2Fwp%2Fv2%2Fproduct_cat&post=19794"},{"taxonomy":"product_tag","embeddable":true,"href":"https:\/\/para-pharmacity.tn\/index.php?rest_route=%2Fwp%2Fv2%2Fproduct_tag&post=19794"}],"curies":[{"name":"wp","href":"https:\/\/api.w.org\/{rel}","templated":true}]}}