{"id":19777,"date":"2024-07-11T10:09:38","date_gmt":"2024-07-11T10:09:38","guid":{"rendered":"https:\/\/para-pharmacity.tn\/?product=uriage-bariesun-creme-hydratante-sp50"},"modified":"2025-06-02T11:06:04","modified_gmt":"2025-06-02T11:06:04","slug":"uriage-bariesun-creme-hydratante-sp50","status":"publish","type":"product","link":"https:\/\/para-pharmacity.tn\/?product=uriage-bariesun-creme-hydratante-sp50","title":{"rendered":"URIAGE BARIESUN CREME HYDRATANTE SP50+"},"content":{"rendered":"<div class=\"content\">\n<p>La Cr\u00e8me SPF50+ Bari\u00e9sun d&rsquo;Uriage apporte une tr\u00e8s haute protection contre les UVA, les UVB, les radicaux libres et pr\u00e9vient du dess\u00e8chement cutan\u00e9 gr\u00e2ce \u00e0 un complexe filtrant ultra-performant. Sa texture est l\u00e9g\u00e8re et fluide, non grasse et agr\u00e9ablement parfum\u00e9e. Elle est dot\u00e9e d&rsquo;une grande tol\u00e9rance et p\u00e9n\u00e8tre rapidement.<\/p>\n<div class=\"product-description opened\">\n<p>Riche en Aquaspongines et en Eau Thermale d&rsquo;Uriage, cette cr\u00e8me conf\u00e8re une protection intense contre le dess\u00e8chement.<\/p>\n<\/div>\n<\/div>\n<p>&nbsp;<\/p>\n<h3>Conseils d&rsquo;utilisation<\/h3>\n<div class=\"content\">Avant l\u2019exposition, appliquer une dose g\u00e9n\u00e9reuse et homog\u00e8ne pour bien couvrir la zone expos\u00e9e au soleil. Renouveler l\u2019application fr\u00e9quemment, surtout apr\u00e8s avoir transpir\u00e9, nag\u00e9 ou s\u2019\u00eatre essuy\u00e9.<\/p>\n<p>M\u00eame bien prot\u00e9g\u00e9, r\u00e9duire au maximum l\u2019exposition. Ne pas exposer les b\u00e9b\u00e9s et les jeunes enfants directement au soleil.<\/p><\/div>\n<h3>Composition<\/h3>\n<div class=\"content\">\n<div class=\"content\">\n<div class=\"grid landscape-clear widescreen-reset\">\n<div class=\"container product-ingredients\">\n<ul>\n<li>Eau Thermale d\u2019Uriage<\/li>\n<li>Nouveau Complexe filtrant anti UVA-UVB<\/li>\n<li>Vitamines C et E<\/li>\n<li>Aquaspongines<\/li>\n<li>Parfum<\/li>\n<\/ul>\n<\/div>\n<\/div>\n<div class=\"grid\">\n<div class=\"container product-ingredients\">\n<ul>\n<li>Hypoallerg\u00e9nique<\/li>\n<li>Non com\u00e9dog\u00e8ne<\/li>\n<\/ul>\n<\/div>\n<\/div>\n<\/div>\n<\/div>\n","protected":false},"excerpt":{"rendered":"<p>Cette cr\u00e8me SPF50+ prot\u00e8ge contre les UVA, les UVB, les radicaux libres et pr\u00e9vient du dess\u00e8chement cutan\u00e9.<\/p>\n","protected":false},"featured_media":26505,"comment_status":"open","ping_status":"closed","template":"","meta":[],"product_cat":[213],"product_tag":[],"class_list":{"0":"post-19777","1":"product","2":"type-product","3":"status-publish","4":"has-post-thumbnail","6":"product_cat-visage","8":"first","9":"instock","10":"shipping-taxable","11":"purchasable","12":"product-type-simple"},"jetpack_sharing_enabled":true,"_links":{"self":[{"href":"https:\/\/para-pharmacity.tn\/index.php?rest_route=\/wp\/v2\/product\/19777","targetHints":{"allow":["GET"]}}],"collection":[{"href":"https:\/\/para-pharmacity.tn\/index.php?rest_route=\/wp\/v2\/product"}],"about":[{"href":"https:\/\/para-pharmacity.tn\/index.php?rest_route=\/wp\/v2\/types\/product"}],"replies":[{"embeddable":true,"href":"https:\/\/para-pharmacity.tn\/index.php?rest_route=%2Fwp%2Fv2%2Fcomments&post=19777"}],"version-history":[{"count":2,"href":"https:\/\/para-pharmacity.tn\/index.php?rest_route=\/wp\/v2\/product\/19777\/revisions"}],"predecessor-version":[{"id":26506,"href":"https:\/\/para-pharmacity.tn\/index.php?rest_route=\/wp\/v2\/product\/19777\/revisions\/26506"}],"wp:featuredmedia":[{"embeddable":true,"href":"https:\/\/para-pharmacity.tn\/index.php?rest_route=\/wp\/v2\/media\/26505"}],"wp:attachment":[{"href":"https:\/\/para-pharmacity.tn\/index.php?rest_route=%2Fwp%2Fv2%2Fmedia&parent=19777"}],"wp:term":[{"taxonomy":"product_cat","embeddable":true,"href":"https:\/\/para-pharmacity.tn\/index.php?rest_route=%2Fwp%2Fv2%2Fproduct_cat&post=19777"},{"taxonomy":"product_tag","embeddable":true,"href":"https:\/\/para-pharmacity.tn\/index.php?rest_route=%2Fwp%2Fv2%2Fproduct_tag&post=19777"}],"curies":[{"name":"wp","href":"https:\/\/api.w.org\/{rel}","templated":true}]}}