{"id":19763,"date":"2024-07-11T10:09:30","date_gmt":"2024-07-11T10:09:30","guid":{"rendered":"https:\/\/para-pharmacity.tn\/?product=uriage-bariederm-cica-daily"},"modified":"2025-06-02T12:24:50","modified_gmt":"2025-06-02T12:24:50","slug":"uriage-bariederm-cica-daily","status":"publish","type":"product","link":"https:\/\/para-pharmacity.tn\/?product=uriage-bariederm-cica-daily","title":{"rendered":"URIAGE BARIEDERM CICA DAILY"},"content":{"rendered":"<p data-start=\"480\" data-end=\"840\">Le\u00a0<strong data-start=\"483\" data-end=\"524\">Gel-Cr\u00e8me Uriage Bari\u00e9derm Cica Daily<\/strong>\u00a0est un soin quotidien sp\u00e9cialement formul\u00e9 pour les\u00a0<strong data-start=\"577\" data-end=\"610\">peaux fragilis\u00e9es et irrit\u00e9es<\/strong>. Il hydrate intens\u00e9ment, apaise les inconforts et aide \u00e0\u00a0<strong data-start=\"668\" data-end=\"704\">r\u00e9\u00e9quilibrer la barri\u00e8re cutan\u00e9e<\/strong>. Ce soin est id\u00e9al apr\u00e8s un\u00a0<strong data-start=\"733\" data-end=\"756\">acte dermatologique<\/strong>, en cas d&rsquo;<strong data-start=\"767\" data-end=\"794\">irritations post-rasage<\/strong>\u00a0ou d&rsquo;<strong data-start=\"800\" data-end=\"837\">agressions dues au port du masque<\/strong>.<\/p>\n<p data-start=\"842\" data-end=\"1250\">Sa formule puissante associe :<br data-start=\"872\" data-end=\"875\" \/>\u2705\u00a0<strong data-start=\"877\" data-end=\"920\">Acide Hyaluronique et Centella Asiatica<\/strong>\u00a0: pour une r\u00e9paration et une hydratation profondes.<br data-start=\"972\" data-end=\"975\" \/>\u2705\u00a0<strong data-start=\"977\" data-end=\"1011\">Thermal Biotic Complex (10,5%)<\/strong>\u00a0: pour renforcer l&rsquo;\u00e9quilibre de la peau.<br data-start=\"1052\" data-end=\"1055\" \/>\u2705\u00a0<strong data-start=\"1057\" data-end=\"1075\">Cuivre et Zinc<\/strong>\u00a0: aux propri\u00e9t\u00e9s\u00a0<strong data-start=\"1093\" data-end=\"1130\">anti-irritantes et assainissantes<\/strong>, pour une peau apais\u00e9e et prot\u00e9g\u00e9e.<br data-start=\"1166\" data-end=\"1169\" \/>\u2705\u00a0<strong data-start=\"1171\" data-end=\"1196\">Eau Thermale d&rsquo;Uriage<\/strong>\u00a0: pour une hydratation et une protection optimales.<\/p>\n<p data-start=\"1252\" data-end=\"1388\" data-is-last-node=\"\" data-is-only-node=\"\"><strong data-start=\"1252\" data-end=\"1280\">Conseils d&rsquo;utilisation :<\/strong>\u00a0Appliquer chaque jour sur une peau propre et s\u00e8che, seul ou apr\u00e8s le\u00a0<strong data-start=\"1350\" data-end=\"1387\">S\u00e9rum Uriage Bari\u00e9derm Cica Daily<\/strong>.<\/p>\n","protected":false},"excerpt":{"rendered":"<p>Uriage Bari\u00e9derm Cica Daily Gel-Cr\u00e8me 40 ml est un soin visage hydratant protecteur et r\u00e9parateur destin\u00e9 aux peaux agress\u00e9es et fragilis\u00e9es quotidiennement.<\/p>\n","protected":false},"featured_media":26517,"comment_status":"open","ping_status":"closed","template":"","meta":[],"product_cat":[213],"product_tag":[],"class_list":{"0":"post-19763","1":"product","2":"type-product","3":"status-publish","4":"has-post-thumbnail","6":"product_cat-visage","8":"first","9":"instock","10":"shipping-taxable","11":"purchasable","12":"product-type-simple"},"jetpack_sharing_enabled":true,"_links":{"self":[{"href":"https:\/\/para-pharmacity.tn\/index.php?rest_route=\/wp\/v2\/product\/19763","targetHints":{"allow":["GET"]}}],"collection":[{"href":"https:\/\/para-pharmacity.tn\/index.php?rest_route=\/wp\/v2\/product"}],"about":[{"href":"https:\/\/para-pharmacity.tn\/index.php?rest_route=\/wp\/v2\/types\/product"}],"replies":[{"embeddable":true,"href":"https:\/\/para-pharmacity.tn\/index.php?rest_route=%2Fwp%2Fv2%2Fcomments&post=19763"}],"version-history":[{"count":2,"href":"https:\/\/para-pharmacity.tn\/index.php?rest_route=\/wp\/v2\/product\/19763\/revisions"}],"predecessor-version":[{"id":26518,"href":"https:\/\/para-pharmacity.tn\/index.php?rest_route=\/wp\/v2\/product\/19763\/revisions\/26518"}],"wp:featuredmedia":[{"embeddable":true,"href":"https:\/\/para-pharmacity.tn\/index.php?rest_route=\/wp\/v2\/media\/26517"}],"wp:attachment":[{"href":"https:\/\/para-pharmacity.tn\/index.php?rest_route=%2Fwp%2Fv2%2Fmedia&parent=19763"}],"wp:term":[{"taxonomy":"product_cat","embeddable":true,"href":"https:\/\/para-pharmacity.tn\/index.php?rest_route=%2Fwp%2Fv2%2Fproduct_cat&post=19763"},{"taxonomy":"product_tag","embeddable":true,"href":"https:\/\/para-pharmacity.tn\/index.php?rest_route=%2Fwp%2Fv2%2Fproduct_tag&post=19763"}],"curies":[{"name":"wp","href":"https:\/\/api.w.org\/{rel}","templated":true}]}}