{"id":19724,"date":"2024-07-11T10:09:16","date_gmt":"2024-07-11T10:09:16","guid":{"rendered":"https:\/\/para-pharmacity.tn\/?product=ultrasun-mineral-spf-50-40-ml"},"modified":"2024-09-17T13:33:51","modified_gmt":"2024-09-17T13:33:51","slug":"ultrasun-mineral-spf-50-40-ml","status":"publish","type":"product","link":"https:\/\/para-pharmacity.tn\/?product=ultrasun-mineral-spf-50-40-ml","title":{"rendered":"ULTRASUN MINERAL SPF 50+ 40 ML"},"content":{"rendered":"<p>Description :<\/p>\n<p>Protection solaire min\u00e9rale ultra-l\u00e9g\u00e8re pour le visage.<\/p>\n<p>Sans parfum, huiles min\u00e9rales, \u00e9mulsifiants PEG\/PPG, silicones, conservateurs et agents de criblage chimiques.<\/p>\n<p>Avec des antioxydants et de l\u2019ecto\u00efne pour aider \u00e0 pr\u00e9venir les signes du vieillissement.<\/p>\n<p>Ultrasun 50spf Mineral Face est une formulation ultra-l\u00e9g\u00e8re qui offre une protection solaire forte avec un filtre UVA tr\u00e8s \u00e9lev\u00e9 de plus de 95%. La formulation high-tech glisse sans effort sur la peau, avec des filtres 100% min\u00e9raux et l\u2019enzyme anti-\u00e2ge r\u00e9volutionnaire Ectoin. Contenant l\u2019ingr\u00e9dient innovant Infraguard qui combine des pousses de tournesol bio et des antioxydants puissants de l\u2019arbre Tara, il prot\u00e8ge efficacement la peau contre les effets nocifs de l\u2019infrarouge A. En plus, Infraguard prot\u00e8ge de fa\u00e7on significative les cellules cutan\u00e9es des ongles essentiels contre la lumi\u00e8re bleue visible (p. ex., par l\u2019\u00e9lectronique)<\/p>\n<p>Conseils \u00e0 l\u2019utilisateur\u00a0:<\/p>\n<p>Toujours appliquer g\u00e9n\u00e9reusement la cr\u00e8me solaire 15 \u00e0 30 minutes avant l\u2019exposition au soleil. Toute r\u00e9duction moins drastique de l\u2019effet protecteur. M\u00eame une protection solaire avec un FPS \u00e9lev\u00e9 ne fournit pas une protection compl\u00e8te. En g\u00e9n\u00e9ral, une application est suffisante, mais envisagez une autre application apr\u00e8s un bain prolong\u00e9, la transpiration ou le s\u00e9chage des serviettes.<br \/>\nIngr\u00e9dients\u00a0:<\/p>\n<p>Aqua, oxyde de zinc, st\u00e9arate d\u2019isoc\u00e9tyle, alcanes de noix de coco, alcool, diisost\u00e9arate de polyglyc\u00e9rol-4\/polyhydroxyst\u00e9arate\/s\u00e9bacate, huile de noix de coco, dioxyde de titane (nano), silice, polyglyc\u00e9rol-2-dihydroxyst\u00e9roate, und\u00e9cane, dioxyde de titane, polyhydroxychlorure, polyhydroxychlorure, Polyhydroxychlorure de st\u00e9arate, Ecto\u00efne, st\u00e9arate de zinc, phosphate de c\u00e9tyle, maltodextrine, extrait de gousse de Caesalpinia spinosa, extrait de germe d\u2019h\u00e9lianthus<\/p>\n","protected":false},"excerpt":{"rendered":"<p>Protection solaire min\u00e9rale ultra-l\u00e9g\u00e8re pour le visage.<\/p>\n<p>Sans parfum, huiles min\u00e9rales, \u00e9mulsifiants PEG\/PPG, silicones, conservateurs et agents de criblage chimiques.<\/p>\n<p>Avec des antioxydants et de l\u2019ecto\u00efne pour aider \u00e0 pr\u00e9venir les signes du vieillissement<\/p>\n","protected":false},"featured_media":24971,"comment_status":"open","ping_status":"closed","template":"","meta":[],"product_cat":[20],"product_tag":[],"class_list":{"0":"post-19724","1":"product","2":"type-product","3":"status-publish","4":"has-post-thumbnail","6":"product_cat-accessories","8":"first","9":"instock","10":"shipping-taxable","11":"product-type-simple"},"jetpack_sharing_enabled":true,"_links":{"self":[{"href":"https:\/\/para-pharmacity.tn\/index.php?rest_route=\/wp\/v2\/product\/19724","targetHints":{"allow":["GET"]}}],"collection":[{"href":"https:\/\/para-pharmacity.tn\/index.php?rest_route=\/wp\/v2\/product"}],"about":[{"href":"https:\/\/para-pharmacity.tn\/index.php?rest_route=\/wp\/v2\/types\/product"}],"replies":[{"embeddable":true,"href":"https:\/\/para-pharmacity.tn\/index.php?rest_route=%2Fwp%2Fv2%2Fcomments&post=19724"}],"version-history":[{"count":2,"href":"https:\/\/para-pharmacity.tn\/index.php?rest_route=\/wp\/v2\/product\/19724\/revisions"}],"predecessor-version":[{"id":24972,"href":"https:\/\/para-pharmacity.tn\/index.php?rest_route=\/wp\/v2\/product\/19724\/revisions\/24972"}],"wp:featuredmedia":[{"embeddable":true,"href":"https:\/\/para-pharmacity.tn\/index.php?rest_route=\/wp\/v2\/media\/24971"}],"wp:attachment":[{"href":"https:\/\/para-pharmacity.tn\/index.php?rest_route=%2Fwp%2Fv2%2Fmedia&parent=19724"}],"wp:term":[{"taxonomy":"product_cat","embeddable":true,"href":"https:\/\/para-pharmacity.tn\/index.php?rest_route=%2Fwp%2Fv2%2Fproduct_cat&post=19724"},{"taxonomy":"product_tag","embeddable":true,"href":"https:\/\/para-pharmacity.tn\/index.php?rest_route=%2Fwp%2Fv2%2Fproduct_tag&post=19724"}],"curies":[{"name":"wp","href":"https:\/\/api.w.org\/{rel}","templated":true}]}}