{"id":19722,"date":"2024-07-11T10:09:16","date_gmt":"2024-07-11T10:09:16","guid":{"rendered":"https:\/\/para-pharmacity.tn\/?product=ultrasun-lip-de-protection-spf30"},"modified":"2024-09-17T13:17:45","modified_gmt":"2024-09-17T13:17:45","slug":"ultrasun-lip-de-protection-spf30","status":"publish","type":"product","link":"https:\/\/para-pharmacity.tn\/?product=ultrasun-lip-de-protection-spf30","title":{"rendered":"ULTRASUN LIP DE PROTECTION SPF30"},"content":{"rendered":"<p>Prot\u00e8ge du froid, du vent et du soleil (rayons UVA et UVB) contiennent des huiles v\u00e9g\u00e9tales qui apaisent activement les l\u00e8vres gerc\u00e9es et endommag\u00e9es sans colorant artificiel stable \u00e0 toute temp\u00e9rature.<\/p>\n<p>En plus d\u2019offrir une protection contre les m\u00e9faits sans soleil, le s\u00e9chage et la coiffe, ULTRASUN Lip Protection a une formule nourrissante qui emp\u00eache l\u2019inflammation et lisse la surface des l\u00e8vres pour un look doux et sensuel, quel que soit le temps.Filtre\u00a0: chimique<\/p>\n<p>sans colorant artificiel<br \/>\nstable \u00e0 toute temp\u00e9rature<\/p>\n","protected":false},"excerpt":{"rendered":"<p>Protection des l\u00e8vres tr\u00e8s sensibles<\/p>\n<p>prot\u00e8ge du froid, du vent et du soleil (rayons UVA et UVB)<br \/>\ncontient des huiles v\u00e9g\u00e9tales qui apaisent activement les l\u00e8vres gerc\u00e9es et ab\u00eem\u00e9es<br \/>\nsans colorant artificiel<br \/>\nstable \u00e0 toute temp\u00e9rature<br \/>\nFiltres\u00a0: produits chimiques<br \/>\n4,8 g<\/p>\n","protected":false},"featured_media":24968,"comment_status":"open","ping_status":"closed","template":"","meta":[],"product_cat":[20],"product_tag":[],"class_list":{"0":"post-19722","1":"product","2":"type-product","3":"status-publish","4":"has-post-thumbnail","6":"product_cat-accessories","8":"first","9":"instock","10":"shipping-taxable","11":"product-type-simple"},"jetpack_sharing_enabled":true,"_links":{"self":[{"href":"https:\/\/para-pharmacity.tn\/index.php?rest_route=\/wp\/v2\/product\/19722","targetHints":{"allow":["GET"]}}],"collection":[{"href":"https:\/\/para-pharmacity.tn\/index.php?rest_route=\/wp\/v2\/product"}],"about":[{"href":"https:\/\/para-pharmacity.tn\/index.php?rest_route=\/wp\/v2\/types\/product"}],"replies":[{"embeddable":true,"href":"https:\/\/para-pharmacity.tn\/index.php?rest_route=%2Fwp%2Fv2%2Fcomments&post=19722"}],"version-history":[{"count":2,"href":"https:\/\/para-pharmacity.tn\/index.php?rest_route=\/wp\/v2\/product\/19722\/revisions"}],"predecessor-version":[{"id":24969,"href":"https:\/\/para-pharmacity.tn\/index.php?rest_route=\/wp\/v2\/product\/19722\/revisions\/24969"}],"wp:featuredmedia":[{"embeddable":true,"href":"https:\/\/para-pharmacity.tn\/index.php?rest_route=\/wp\/v2\/media\/24968"}],"wp:attachment":[{"href":"https:\/\/para-pharmacity.tn\/index.php?rest_route=%2Fwp%2Fv2%2Fmedia&parent=19722"}],"wp:term":[{"taxonomy":"product_cat","embeddable":true,"href":"https:\/\/para-pharmacity.tn\/index.php?rest_route=%2Fwp%2Fv2%2Fproduct_cat&post=19722"},{"taxonomy":"product_tag","embeddable":true,"href":"https:\/\/para-pharmacity.tn\/index.php?rest_route=%2Fwp%2Fv2%2Fproduct_tag&post=19722"}],"curies":[{"name":"wp","href":"https:\/\/api.w.org\/{rel}","templated":true}]}}