{"id":19721,"date":"2024-07-11T10:09:15","date_gmt":"2024-07-11T10:09:15","guid":{"rendered":"https:\/\/para-pharmacity.tn\/?product=ultrasun-lip-de-protection-spf-50"},"modified":"2024-09-17T13:19:33","modified_gmt":"2024-09-17T13:19:33","slug":"ultrasun-lip-de-protection-spf-50","status":"publish","type":"product","link":"https:\/\/para-pharmacity.tn\/?product=ultrasun-lip-de-protection-spf-50","title":{"rendered":"ULTRASUN LIP DE PROTECTION SPF 50"},"content":{"rendered":"<p>Prot\u00e8ge du froid, du vent et du soleil (rayons UVA et UVB) contiennent des huiles v\u00e9g\u00e9tales qui apaisent activement les l\u00e8vres gerc\u00e9es et endommag\u00e9es sans colorant artificiel stable \u00e0 toute temp\u00e9rature. Filtre\u00a0: chimique<\/p>\n<p>ULTRASUN Lip Protection prot\u00e8ge les l\u00e8vres des agressions ext\u00e9rieures\u00a0: soleil, vent, froid &#8230; en les hydratant et en les nourrissant intens\u00e9ment. R\u00e9pare les l\u00e8vres s\u00e8ches et aide \u00e0 calmer la sensation d\u2019irritation et de rougeur, procurant une sensation de confort.<\/p>\n<p>sans colorant artificiel<br \/>\nstable \u00e0 toute temp\u00e9rature<br \/>\nr\u00e9sistant \u00e0 l\u2019eau<br \/>\nsans parfum<br \/>\nid\u00e9al contre les allururgies solaires, non gra<br \/>\nsensation de peau claire<br \/>\nnon com\u00e9dog\u00e8ne<br \/>\nhuile d\u2019argan, beurre de karit\u00e9<\/p>\n<p>&nbsp;<\/p>\n<p>Composition\u00a0:<\/p>\n<p>Ricinus Communis Seed Oil, Cera Alba, Dibutyl Adipate, Diethylamino Hydroxybenzoyl Hexyl Benzoate, Diethylhexyl Butamido Triazone, C12-15 Alkyl Benzoate, Dicaprylyl Carbonate, Butyrospermum Parkii Butter, Ethylhexyl Triazone, Argania Spinosa Kernel Oil, Eups-Ethylhexyloxyphenol Methoxyphenyl Triazine, Aroma, Ethylhexyl Salicylate, Bisabolol<\/p>\n","protected":false},"excerpt":{"rendered":"<p>Prot\u00e8ge du froid, du vent et du soleil (rayons UVA et UVB). Contient de l\u2019huile d\u2019argan et du beurre de karit\u00e9 qui apaisent les l\u00e8vres gerc\u00e9es et ab\u00eem\u00e9es. Sans colorant artificiel. Stable \u00e0 toute temp\u00e9rature.<\/p>\n","protected":false},"featured_media":24962,"comment_status":"open","ping_status":"closed","template":"","meta":[],"product_cat":[20],"product_tag":[],"class_list":{"0":"post-19721","1":"product","2":"type-product","3":"status-publish","4":"has-post-thumbnail","6":"product_cat-accessories","8":"first","9":"instock","10":"shipping-taxable","11":"product-type-simple"},"jetpack_sharing_enabled":true,"_links":{"self":[{"href":"https:\/\/para-pharmacity.tn\/index.php?rest_route=\/wp\/v2\/product\/19721","targetHints":{"allow":["GET"]}}],"collection":[{"href":"https:\/\/para-pharmacity.tn\/index.php?rest_route=\/wp\/v2\/product"}],"about":[{"href":"https:\/\/para-pharmacity.tn\/index.php?rest_route=\/wp\/v2\/types\/product"}],"replies":[{"embeddable":true,"href":"https:\/\/para-pharmacity.tn\/index.php?rest_route=%2Fwp%2Fv2%2Fcomments&post=19721"}],"version-history":[{"count":2,"href":"https:\/\/para-pharmacity.tn\/index.php?rest_route=\/wp\/v2\/product\/19721\/revisions"}],"predecessor-version":[{"id":24964,"href":"https:\/\/para-pharmacity.tn\/index.php?rest_route=\/wp\/v2\/product\/19721\/revisions\/24964"}],"wp:featuredmedia":[{"embeddable":true,"href":"https:\/\/para-pharmacity.tn\/index.php?rest_route=\/wp\/v2\/media\/24962"}],"wp:attachment":[{"href":"https:\/\/para-pharmacity.tn\/index.php?rest_route=%2Fwp%2Fv2%2Fmedia&parent=19721"}],"wp:term":[{"taxonomy":"product_cat","embeddable":true,"href":"https:\/\/para-pharmacity.tn\/index.php?rest_route=%2Fwp%2Fv2%2Fproduct_cat&post=19721"},{"taxonomy":"product_tag","embeddable":true,"href":"https:\/\/para-pharmacity.tn\/index.php?rest_route=%2Fwp%2Fv2%2Fproduct_tag&post=19721"}],"curies":[{"name":"wp","href":"https:\/\/api.w.org\/{rel}","templated":true}]}}