{"id":19719,"date":"2024-07-11T10:09:15","date_gmt":"2024-07-11T10:09:15","guid":{"rendered":"https:\/\/para-pharmacity.tn\/?product=ultrasun-gel-solaire-kids-spf-50"},"modified":"2024-09-17T12:08:13","modified_gmt":"2024-09-17T12:08:13","slug":"ultrasun-gel-solaire-kids-spf-50","status":"publish","type":"product","link":"https:\/\/para-pharmacity.tn\/?product=ultrasun-gel-solaire-kids-spf-50","title":{"rendered":"ULTRASUN GEL SOLAIRE KIDS SPF 50+"},"content":{"rendered":"<p>&nbsp;<\/p>\n<p>ULTRASUN KIDS SPF50 50 ML<\/p>\n<p>Ultrasun, le gel solaire \u00e0 absorption rapide, non gras et non collant, non gras et non empilable pour la protection des enfants, lamellaire et Celligent (SPF 50&prime;), avec GSP-T pour la protection de la peau contre les rayons UV (GIS) &#8211; id\u00e9al pour les enfants \u00e0 partir de 3 ans.<\/p>\n<p>Avec antioxydant et Celligent<\/p>\n<p>R\u00e9sistant \u00e0 l\u2019eau<\/p>\n<p>0% PARFUM \/ 0% HUILES MIN\u00c9RALES \/ 0% EMULSIFIANTS \/ 0% PEG\/PPG \/ 0% ETHYLHEXYL METHOXYCINNAMATE \/ 0% CONSERVANTS \/ 0% LOCKS<\/p>\n<p>Compositions\u00a0:<\/p>\n<p>Aqua, Caprylic\/Capric Triglyceride, Pentylene Glycol, Methylene Bis-Benzotriazolyl Tetramethylbutylphenol (Nano), Titanium Dioxide (Nano), Ethylhexyl Salicylate, Bis-Ethylhexyloxyphenol Methoxyphenyl Triazine, C12-15 Alkyl Benzoate, Di\u00e9thylamino Hydroxyhydrogen, Cocoglyc\u00e9rides, phosphatidylcholine hydrog\u00e9n\u00e9e, acrylate d\u2019alkyle C8-22\/polym\u00e8re d\u2019acide m\u00e9thacrylique, d\u00e9cyle glucoside, silice, huile de graine d\u2019h\u00e9lianthus annuus, extrait de graine de vitis vinifera, polyacrylate de polypolym\u00e8re 6, alcool propylique, phosphate de c\u00e9tyle, extrait de feuilles de xanthane, L\u00e9cithine, alcool T-butylique, tocoph\u00e9rol, ac\u00e9tate de tocoph\u00e9ryle, ascorbyl t\u00e9traisopalmitate, phosphate d\u2019uridine disodique, adipate de diisopropyle, ubiquinone.<\/p>\n","protected":false},"excerpt":{"rendered":"<p>Ultrasun Kids la protection solaire enfant \u00e0 absorption rapide, non grasse et non empilable (SPF 50) pour la protection des enfants, lunettes de soleil non grasse et non empilable (SPF 50&prime;), avec GSP-T pour la protection infrarouge, technologie lamellaire et Celligent (aide \u00e0 prot\u00e9ger l\u2019ADN contre le vieillissement cutan\u00e9 d\u00fb aux UV) &#8211;<\/p>\n","protected":false},"featured_media":24956,"comment_status":"open","ping_status":"closed","template":"","meta":[],"product_cat":[20],"product_tag":[],"class_list":{"0":"post-19719","1":"product","2":"type-product","3":"status-publish","4":"has-post-thumbnail","6":"product_cat-accessories","8":"first","9":"instock","10":"shipping-taxable","11":"product-type-simple"},"jetpack_sharing_enabled":true,"_links":{"self":[{"href":"https:\/\/para-pharmacity.tn\/index.php?rest_route=\/wp\/v2\/product\/19719","targetHints":{"allow":["GET"]}}],"collection":[{"href":"https:\/\/para-pharmacity.tn\/index.php?rest_route=\/wp\/v2\/product"}],"about":[{"href":"https:\/\/para-pharmacity.tn\/index.php?rest_route=\/wp\/v2\/types\/product"}],"replies":[{"embeddable":true,"href":"https:\/\/para-pharmacity.tn\/index.php?rest_route=%2Fwp%2Fv2%2Fcomments&post=19719"}],"version-history":[{"count":2,"href":"https:\/\/para-pharmacity.tn\/index.php?rest_route=\/wp\/v2\/product\/19719\/revisions"}],"predecessor-version":[{"id":24957,"href":"https:\/\/para-pharmacity.tn\/index.php?rest_route=\/wp\/v2\/product\/19719\/revisions\/24957"}],"wp:featuredmedia":[{"embeddable":true,"href":"https:\/\/para-pharmacity.tn\/index.php?rest_route=\/wp\/v2\/media\/24956"}],"wp:attachment":[{"href":"https:\/\/para-pharmacity.tn\/index.php?rest_route=%2Fwp%2Fv2%2Fmedia&parent=19719"}],"wp:term":[{"taxonomy":"product_cat","embeddable":true,"href":"https:\/\/para-pharmacity.tn\/index.php?rest_route=%2Fwp%2Fv2%2Fproduct_cat&post=19719"},{"taxonomy":"product_tag","embeddable":true,"href":"https:\/\/para-pharmacity.tn\/index.php?rest_route=%2Fwp%2Fv2%2Fproduct_tag&post=19719"}],"curies":[{"name":"wp","href":"https:\/\/api.w.org\/{rel}","templated":true}]}}