{"id":19716,"date":"2024-07-11T10:09:14","date_gmt":"2024-07-11T10:09:14","guid":{"rendered":"https:\/\/para-pharmacity.tn\/?product=ultrasun-face-anti-age-spf50"},"modified":"2024-09-17T11:55:10","modified_gmt":"2024-09-17T11:55:10","slug":"ultrasun-face-anti-age-spf50","status":"publish","type":"product","link":"https:\/\/para-pharmacity.tn\/?product=ultrasun-face-anti-age-spf50","title":{"rendered":"ULTRASUN FACE ANTI AGE SPF50+"},"content":{"rendered":"<div id=\"description\" class=\"tab-pane fade in active\" role=\"tabpanel\">\n<div class=\"product-description\">\n<p>&nbsp;<\/p>\n<p>Description\u00a0:<\/p>\n<p>Prot\u00e9gez, am\u00e9liorez et pr\u00e9venez avec Ultrasun Anti-Pigmentation Face SPF 50<\/p>\n<p>Ce produit solaire, hydratant et tout-en-un a des avantages remarquables. Sa formulation unique enrichie d\u2019ingr\u00e9dients anti-pigmentation, dont Illuemicin et Asyntra SL, aide \u00e0 \u00e9claircir les taches brunes et \u00e0 pr\u00e9venir la formation de nouvelles d\u00e9colorations. Il peut mesurer l\u2019apparence des ridules et des rides, ainsi qu\u2019hydrater et lisser la peau pour un fini merveilleusement doux et souple. Avec des antioxydants ajout\u00e9s, cet \u00e9cran solaire prot\u00e9gera votre peau contre les rayons UVA\/UVB et les dommages caus\u00e9s par les radicaux libres.<\/p>\n<p>Avantages de l\u2019Ultrasun Anti-Pigmentation Face SPF 50&prime;:<\/p>\n<p>Convient \u00e0 tous les types de peau<\/p>\n<p>Cleares taches brunes<\/p>\n<p>Prot\u00e8ge la peau des rayons UVA\/UVB<\/p>\n<p>Id\u00e9al pour une base de maquillage<\/p>\n<p>L\u00e9ger et sans huile<\/p>\n<p>Conseils \u00e0 l\u2019utilisateur\u00a0:<\/p>\n<p>Appliquer sur les zones propres et expos\u00e9es de la peau avant l\u2019exposition au soleil. R\u00e9appliquer fr\u00e9quemment.<\/p>\n<p>Composition\u00a0:<\/p>\n<p>Aqua, Caprylic\/Capric Triglyceride, Pentylene Glycol, Glyc\u00e9rine, M\u00e9thyl\u00e8ne Bis-Benzotriazolyl Tetramethylbutylphenol (Nano), Titanium Dioxide (Nano), Ethylhexyl Salicylate, Bis-\u00c9thylhylxyloxyphenol Methoxyphenyl Trinzo, C12-15 Alkyl Benzoate,Glucoside, Bentonite, Squalane, Cocoglyc\u00e9rides, phosphatidylcholine hydrog\u00e9n\u00e9e, acrylate d\u2019alkyle C8-22\/polym\u00e8re crois\u00e9 d\u2019acide m\u00e9thacrylique, hexylr\u00e9sorcinol, ecto\u00efne, d\u00e9ctone, d\u00e9cyloxyde, d\u00e9cyle glucoside, linol\u00e9ate d\u2019\u00e9thyle, silice, xanthane, vitis vinifera, lycol extraverti, acide citrique, l\u00e9cithine, Ac\u00e9tate de tocoph\u00e9ryle, t\u00e9traisopalmitate d\u2019ascorbyle, tocoph\u00e9rol, adipate de diisopropyle et ubiquinone.<\/p>\n<\/div>\n<\/div>\n","protected":false},"excerpt":{"rendered":"<p>Ce produit solaire tout-en-un \u00e0 large spectre aidera \u00e0 r\u00e9duire l\u2019apparence des rides et de la pigmentation, tout en nourrissant et prot\u00e9geant votre peau gr\u00e2ce \u00e0 sa formulation l\u00e9g\u00e8re et sans huile.<\/p>\n","protected":false},"featured_media":24950,"comment_status":"open","ping_status":"closed","template":"","meta":[],"product_cat":[20],"product_tag":[],"class_list":{"0":"post-19716","1":"product","2":"type-product","3":"status-publish","4":"has-post-thumbnail","6":"product_cat-accessories","8":"first","9":"instock","10":"shipping-taxable","11":"product-type-simple"},"jetpack_sharing_enabled":true,"_links":{"self":[{"href":"https:\/\/para-pharmacity.tn\/index.php?rest_route=\/wp\/v2\/product\/19716","targetHints":{"allow":["GET"]}}],"collection":[{"href":"https:\/\/para-pharmacity.tn\/index.php?rest_route=\/wp\/v2\/product"}],"about":[{"href":"https:\/\/para-pharmacity.tn\/index.php?rest_route=\/wp\/v2\/types\/product"}],"replies":[{"embeddable":true,"href":"https:\/\/para-pharmacity.tn\/index.php?rest_route=%2Fwp%2Fv2%2Fcomments&post=19716"}],"version-history":[{"count":2,"href":"https:\/\/para-pharmacity.tn\/index.php?rest_route=\/wp\/v2\/product\/19716\/revisions"}],"predecessor-version":[{"id":24953,"href":"https:\/\/para-pharmacity.tn\/index.php?rest_route=\/wp\/v2\/product\/19716\/revisions\/24953"}],"wp:featuredmedia":[{"embeddable":true,"href":"https:\/\/para-pharmacity.tn\/index.php?rest_route=\/wp\/v2\/media\/24950"}],"wp:attachment":[{"href":"https:\/\/para-pharmacity.tn\/index.php?rest_route=%2Fwp%2Fv2%2Fmedia&parent=19716"}],"wp:term":[{"taxonomy":"product_cat","embeddable":true,"href":"https:\/\/para-pharmacity.tn\/index.php?rest_route=%2Fwp%2Fv2%2Fproduct_cat&post=19716"},{"taxonomy":"product_tag","embeddable":true,"href":"https:\/\/para-pharmacity.tn\/index.php?rest_route=%2Fwp%2Fv2%2Fproduct_tag&post=19716"}],"curies":[{"name":"wp","href":"https:\/\/api.w.org\/{rel}","templated":true}]}}