{"id":19714,"date":"2024-07-11T10:09:13","date_gmt":"2024-07-11T10:09:13","guid":{"rendered":"https:\/\/para-pharmacity.tn\/?product=ultrasun-extreme-gel-solaire-spf50"},"modified":"2024-09-17T11:46:47","modified_gmt":"2024-09-17T11:46:47","slug":"ultrasun-extreme-gel-solaire-spf50","status":"publish","type":"product","link":"https:\/\/para-pharmacity.tn\/?product=ultrasun-extreme-gel-solaire-spf50","title":{"rendered":"ULTRASUN EXTREME GEL SOLAIRE SPF50+"},"content":{"rendered":"<p><strong>Extreme SPF50 75 ml<\/strong><\/p>\n<p>Protective UVA and UVB (SPF 50) sun gel, with rapid absorption, non-greasy and non-stacky, containing SOD (free anti-radical), vitamin E and provitamin B5. Ideal for extreme sunshine conditions and for extremely sensitive skin. 0% Chemical and mineral filters.<\/p>\n<p>The ULTRASUN Extreme solar gel:<\/p>\n<ul>\n<li>Contains antioxidants<\/li>\n<li>without perfume<\/li>\n<li>without mineral oils<\/li>\n<li>without emulsifiers<\/li>\n<li>without preservatives<\/li>\n<li>water resistant<\/li>\n<\/ul>\n","protected":false},"excerpt":{"rendered":"<p>Cr\u00e8me solaire de protection UVA et UVB (SPF 50&prime;) \u00e0 haute absorption, non grasse et non collante, avec GSP-T pour la protection infrarouge, technologie lamellaire.<\/p>\n<p>Id\u00e9al pour une exposition extr\u00eame au soleil et les peaux tr\u00e8s sensibles.<\/p>\n","protected":false},"featured_media":24947,"comment_status":"open","ping_status":"closed","template":"","meta":[],"product_cat":[20],"product_tag":[],"class_list":{"0":"post-19714","1":"product","2":"type-product","3":"status-publish","4":"has-post-thumbnail","6":"product_cat-accessories","8":"first","9":"instock","10":"shipping-taxable","11":"product-type-simple"},"jetpack_sharing_enabled":true,"_links":{"self":[{"href":"https:\/\/para-pharmacity.tn\/index.php?rest_route=\/wp\/v2\/product\/19714","targetHints":{"allow":["GET"]}}],"collection":[{"href":"https:\/\/para-pharmacity.tn\/index.php?rest_route=\/wp\/v2\/product"}],"about":[{"href":"https:\/\/para-pharmacity.tn\/index.php?rest_route=\/wp\/v2\/types\/product"}],"replies":[{"embeddable":true,"href":"https:\/\/para-pharmacity.tn\/index.php?rest_route=%2Fwp%2Fv2%2Fcomments&post=19714"}],"version-history":[{"count":2,"href":"https:\/\/para-pharmacity.tn\/index.php?rest_route=\/wp\/v2\/product\/19714\/revisions"}],"predecessor-version":[{"id":24948,"href":"https:\/\/para-pharmacity.tn\/index.php?rest_route=\/wp\/v2\/product\/19714\/revisions\/24948"}],"wp:featuredmedia":[{"embeddable":true,"href":"https:\/\/para-pharmacity.tn\/index.php?rest_route=\/wp\/v2\/media\/24947"}],"wp:attachment":[{"href":"https:\/\/para-pharmacity.tn\/index.php?rest_route=%2Fwp%2Fv2%2Fmedia&parent=19714"}],"wp:term":[{"taxonomy":"product_cat","embeddable":true,"href":"https:\/\/para-pharmacity.tn\/index.php?rest_route=%2Fwp%2Fv2%2Fproduct_cat&post=19714"},{"taxonomy":"product_tag","embeddable":true,"href":"https:\/\/para-pharmacity.tn\/index.php?rest_route=%2Fwp%2Fv2%2Fproduct_tag&post=19714"}],"curies":[{"name":"wp","href":"https:\/\/api.w.org\/{rel}","templated":true}]}}