{"id":19711,"date":"2024-07-11T10:09:10","date_gmt":"2024-07-11T10:09:10","guid":{"rendered":"https:\/\/para-pharmacity.tn\/?product=ultrasun-after-sun-150ml"},"modified":"2024-09-17T11:36:28","modified_gmt":"2024-09-17T11:36:28","slug":"ultrasun-after-sun-150ml","status":"publish","type":"product","link":"https:\/\/para-pharmacity.tn\/?product=ultrasun-after-sun-150ml","title":{"rendered":"ULTRASUN AFTER SUN 150ML"},"content":{"rendered":"<p>Ultrasun cooling frost after sun cooling provides long-lasting moisture thanks to its Aquarich formula. The moisturizing gel also contains glycerin and SOD, which is a sensor of radicals and therefore has an antioxidant effect. The rapidly absorbed gel provides moisture f<\/p>\n","protected":false},"excerpt":{"rendered":"<p>Ultrasun After Sun Creme est un gel apr\u00e8s-soleil liposomal non gras, non collant et \u00e0 absorption rapide avec Aquarich (hydratation \u00e0 long terme de la peau), glyc\u00e9rine et SOD (agent adicale) pour hydrater et apaiser jusqu\u2019\u00e0 24 heures, pour refr<\/p>\n","protected":false},"featured_media":24940,"comment_status":"open","ping_status":"closed","template":"","meta":[],"product_cat":[20],"product_tag":[],"class_list":{"0":"post-19711","1":"product","2":"type-product","3":"status-publish","4":"has-post-thumbnail","6":"product_cat-accessories","8":"first","9":"instock","10":"shipping-taxable","11":"product-type-simple"},"jetpack_sharing_enabled":true,"_links":{"self":[{"href":"https:\/\/para-pharmacity.tn\/index.php?rest_route=\/wp\/v2\/product\/19711","targetHints":{"allow":["GET"]}}],"collection":[{"href":"https:\/\/para-pharmacity.tn\/index.php?rest_route=\/wp\/v2\/product"}],"about":[{"href":"https:\/\/para-pharmacity.tn\/index.php?rest_route=\/wp\/v2\/types\/product"}],"replies":[{"embeddable":true,"href":"https:\/\/para-pharmacity.tn\/index.php?rest_route=%2Fwp%2Fv2%2Fcomments&post=19711"}],"version-history":[{"count":2,"href":"https:\/\/para-pharmacity.tn\/index.php?rest_route=\/wp\/v2\/product\/19711\/revisions"}],"predecessor-version":[{"id":24941,"href":"https:\/\/para-pharmacity.tn\/index.php?rest_route=\/wp\/v2\/product\/19711\/revisions\/24941"}],"wp:featuredmedia":[{"embeddable":true,"href":"https:\/\/para-pharmacity.tn\/index.php?rest_route=\/wp\/v2\/media\/24940"}],"wp:attachment":[{"href":"https:\/\/para-pharmacity.tn\/index.php?rest_route=%2Fwp%2Fv2%2Fmedia&parent=19711"}],"wp:term":[{"taxonomy":"product_cat","embeddable":true,"href":"https:\/\/para-pharmacity.tn\/index.php?rest_route=%2Fwp%2Fv2%2Fproduct_cat&post=19711"},{"taxonomy":"product_tag","embeddable":true,"href":"https:\/\/para-pharmacity.tn\/index.php?rest_route=%2Fwp%2Fv2%2Fproduct_tag&post=19711"}],"curies":[{"name":"wp","href":"https:\/\/api.w.org\/{rel}","templated":true}]}}