{"id":19707,"date":"2024-07-11T10:09:09","date_gmt":"2024-07-11T10:09:09","guid":{"rendered":"https:\/\/para-pharmacity.tn\/?product=tynor-tripode"},"modified":"2024-09-17T10:59:49","modified_gmt":"2024-09-17T10:59:49","slug":"tynor-tripode","status":"publish","type":"product","link":"https:\/\/para-pharmacity.tn\/?product=tynor-tripode","title":{"rendered":"TYNOR TRIPODE"},"content":{"rendered":"<p>Le tr\u00e9pied de canne \u00e0 pied Tynor est con\u00e7u pour fournir un poids complet lorsqu\u2019une jambe est physiquement handicap\u00e9e en raison d\u2019un trouble nerveux, d\u2019une fracture, d\u2019une maladie, d\u2019une blessure, d\u2019un \u00e2ge avanc\u00e9, etc. De plus en plus de professionnels pr\u00e9f\u00e8rent utiliser le tr\u00e9pied de canne \u00e0 pied plut\u00f4t que la simple canne \u00e0 pied nue, gr\u00e2ce \u00e0 une plus grande stabilit\u00e9 et confiance des patients. La fonction de r\u00e9glage en hauteur assure un bon levage, confort et posture correcte. Disponible en argent, noir et or.<br \/>\nHaute r\u00e9sistance<br \/>\nStable et durable<br \/>\nBelle apparence<br \/>\nConfortable<br \/>\nIl est fait de tubes en alliage d\u2019aluminium \u00e0 haute r\u00e9sistance, qui sont solides, durables et ont une bonne capacit\u00e9 portante. Anodis\u00e9 pour une finition durable et sup\u00e9rieure et une esth\u00e9tique parfaite. Une base plus large offre une plus grande stabilit\u00e9, une confiance accrue et un fardeau plus \u00e9lev\u00e9.<br \/>\nLa poign\u00e9e est scientifiquement con\u00e7ue pour une utilisation ambidextre, elle imite l\u2019anatomie de la main invers\u00e9e, la rend extr\u00eamement confortable, assure une prise en main forte avec un support de charge uniforme. La sangle de s\u00e9curit\u00e9 permet une utilisation libre de la main.<br \/>\nLe gel souple sur le dessus de la poign\u00e9e lui donne une sensation douce et douce, un confort am\u00e9lior\u00e9, un impact r\u00e9duit et un transfert des chocs \u00e0 la main de l\u2019utilisateur et une meilleure prise. Il est sans latex, non allerg\u00e8ne, inodore et durable.<br \/>\nLes crampons TPE haute performance offrent une excellente traction, une grande r\u00e9sistance \u00e0 l\u2019usure et une grande r\u00e9silience.<br \/>\nHauteur r\u00e9glable max \/ min\u00a0: 984\/745 x 5 mm<br \/>\nBloc\u00a0: 110 kg<\/p>\n","protected":false},"excerpt":{"rendered":"<p>Poign\u00e9e ergonomique et confortable<br \/>\nHaute fiabilit\u00e9 et stabilit\u00e9<br \/>\nR\u00e9glage de la hauteur<br \/>\nPoids max. utilisateur\u00a0: 110 kg<\/p>\n","protected":false},"featured_media":24936,"comment_status":"open","ping_status":"closed","template":"","meta":[],"product_cat":[20],"product_tag":[],"class_list":{"0":"post-19707","1":"product","2":"type-product","3":"status-publish","4":"has-post-thumbnail","6":"product_cat-accessories","8":"first","9":"instock","10":"shipping-taxable","11":"product-type-simple"},"jetpack_sharing_enabled":true,"_links":{"self":[{"href":"https:\/\/para-pharmacity.tn\/index.php?rest_route=\/wp\/v2\/product\/19707","targetHints":{"allow":["GET"]}}],"collection":[{"href":"https:\/\/para-pharmacity.tn\/index.php?rest_route=\/wp\/v2\/product"}],"about":[{"href":"https:\/\/para-pharmacity.tn\/index.php?rest_route=\/wp\/v2\/types\/product"}],"replies":[{"embeddable":true,"href":"https:\/\/para-pharmacity.tn\/index.php?rest_route=%2Fwp%2Fv2%2Fcomments&post=19707"}],"version-history":[{"count":2,"href":"https:\/\/para-pharmacity.tn\/index.php?rest_route=\/wp\/v2\/product\/19707\/revisions"}],"predecessor-version":[{"id":24937,"href":"https:\/\/para-pharmacity.tn\/index.php?rest_route=\/wp\/v2\/product\/19707\/revisions\/24937"}],"wp:featuredmedia":[{"embeddable":true,"href":"https:\/\/para-pharmacity.tn\/index.php?rest_route=\/wp\/v2\/media\/24936"}],"wp:attachment":[{"href":"https:\/\/para-pharmacity.tn\/index.php?rest_route=%2Fwp%2Fv2%2Fmedia&parent=19707"}],"wp:term":[{"taxonomy":"product_cat","embeddable":true,"href":"https:\/\/para-pharmacity.tn\/index.php?rest_route=%2Fwp%2Fv2%2Fproduct_cat&post=19707"},{"taxonomy":"product_tag","embeddable":true,"href":"https:\/\/para-pharmacity.tn\/index.php?rest_route=%2Fwp%2Fv2%2Fproduct_tag&post=19707"}],"curies":[{"name":"wp","href":"https:\/\/api.w.org\/{rel}","templated":true}]}}