{"id":19706,"date":"2024-07-11T10:09:09","date_gmt":"2024-07-11T10:09:09","guid":{"rendered":"https:\/\/para-pharmacity.tn\/?product=tynor-talonette-pour-epine-s-m-l-xl"},"modified":"2025-06-11T09:24:05","modified_gmt":"2025-06-11T09:24:05","slug":"tynor-talonette-pour-epine-s-m-l-xl","status":"publish","type":"product","link":"https:\/\/para-pharmacity.tn\/?product=tynor-talonette-pour-epine-s-m-l-xl","title":{"rendered":"TYNOR TALONETTE POUR EPINE S\/M\/L\/XL"},"content":{"rendered":"<p>Le talon en silicone (paire) est con\u00e7u pour fournir un amorti doux au talon du pied. La tache de gel sur le site du calcan\u00e9um r\u00e9duit\/distribue la pression et soulage la douleur.<\/p>\n<p>&#8211; Coefficient d\u2019amortissement \u00e9lev\u00e9<\/p>\n<p>&#8211; Zones tr\u00e8s molles<\/p>\n<p>Forme anatomique.<\/p>\n<p>&#8211; Hypoallerg\u00e9nique<\/p>\n<p>Fabriqu\u00e9 en silicone de haute qualit\u00e9, liquide, transparent, esth\u00e9tique et m\u00e9dical de haute qualit\u00e9 avec une r\u00e9sistance \u00e9lev\u00e9e au cisaillement et un coefficient d\u2019amortissement \u00e9lev\u00e9, avec une excellente absorption des chocs et un retour d\u2019\u00e9nergie. Il est hypoallerg\u00e9nique, inodore et a une longue dur\u00e9e de vie fonctionnelle. \u00c9tant non poreux et non absorbant, il est facile \u00e0 nettoyer et \u00e0 entretenir.<\/p>\n<p>La zone super-douce offre un soulagement cibl\u00e9 de la douleur, soulage la pression \u00e0 la base du calcan\u00e9um et am\u00e9liore le confort.<\/p>\n<p>La conception ergonomique am\u00e9liore la conformit\u00e9. La conception en filet am\u00e9liore encore l\u2019amorti. L\u2019\u00e9paisseur optimale permet un amorti efficace d\u2019une part mais peut \u00eatre facilement mise dans les chaussures de l\u2019autre.<\/p>\n","protected":false},"excerpt":{"rendered":"<p>Le talon en silicone amortit la pression sur le calcan\u00e9um, soulage la douleur, et s&rsquo;adapte facilement aux chaussures. Hypoallerg\u00e9nique, durable et facile \u00e0 nettoyer.<\/p>\n","protected":false},"featured_media":26560,"comment_status":"open","ping_status":"closed","template":"","meta":[],"product_cat":[20],"product_tag":[],"class_list":{"0":"post-19706","1":"product","2":"type-product","3":"status-publish","4":"has-post-thumbnail","6":"product_cat-accessories","8":"first","9":"instock","10":"shipping-taxable","11":"purchasable","12":"product-type-simple"},"jetpack_sharing_enabled":true,"_links":{"self":[{"href":"https:\/\/para-pharmacity.tn\/index.php?rest_route=\/wp\/v2\/product\/19706","targetHints":{"allow":["GET"]}}],"collection":[{"href":"https:\/\/para-pharmacity.tn\/index.php?rest_route=\/wp\/v2\/product"}],"about":[{"href":"https:\/\/para-pharmacity.tn\/index.php?rest_route=\/wp\/v2\/types\/product"}],"replies":[{"embeddable":true,"href":"https:\/\/para-pharmacity.tn\/index.php?rest_route=%2Fwp%2Fv2%2Fcomments&post=19706"}],"version-history":[{"count":2,"href":"https:\/\/para-pharmacity.tn\/index.php?rest_route=\/wp\/v2\/product\/19706\/revisions"}],"predecessor-version":[{"id":24933,"href":"https:\/\/para-pharmacity.tn\/index.php?rest_route=\/wp\/v2\/product\/19706\/revisions\/24933"}],"wp:featuredmedia":[{"embeddable":true,"href":"https:\/\/para-pharmacity.tn\/index.php?rest_route=\/wp\/v2\/media\/26560"}],"wp:attachment":[{"href":"https:\/\/para-pharmacity.tn\/index.php?rest_route=%2Fwp%2Fv2%2Fmedia&parent=19706"}],"wp:term":[{"taxonomy":"product_cat","embeddable":true,"href":"https:\/\/para-pharmacity.tn\/index.php?rest_route=%2Fwp%2Fv2%2Fproduct_cat&post=19706"},{"taxonomy":"product_tag","embeddable":true,"href":"https:\/\/para-pharmacity.tn\/index.php?rest_route=%2Fwp%2Fv2%2Fproduct_tag&post=19706"}],"curies":[{"name":"wp","href":"https:\/\/api.w.org\/{rel}","templated":true}]}}