{"id":19704,"date":"2024-07-11T10:09:08","date_gmt":"2024-07-11T10:09:08","guid":{"rendered":"https:\/\/para-pharmacity.tn\/?product=tynor-talon-pour-epine-m"},"modified":"2024-09-17T10:30:47","modified_gmt":"2024-09-17T10:30:47","slug":"tynor-talon-pour-epine-m","status":"publish","type":"product","link":"https:\/\/para-pharmacity.tn\/?product=tynor-talon-pour-epine-m","title":{"rendered":"TYNOR TALON POUR EPINE M"},"content":{"rendered":"<p>Le talon en silicone (paire) est con\u00e7u pour fournir un amorti doux au talon du pied. La tache de gel sur le site du calcan\u00e9um r\u00e9duit\/distribue la pression et soulage la douleur.<\/p>\n<p>Coefficient d\u2019amortissement \u00e9lev\u00e9<\/p>\n<p>Zones tr\u00e8s molles<\/p>\n<p>Forme anatomique.<\/p>\n<p>Hypoallerg\u00e9nique<\/p>\n<p>Fabriqu\u00e9 en silicone esth\u00e9tique, transparent, liquide et de haute qualit\u00e9, de qualit\u00e9 m\u00e9dicale, avec une r\u00e9sistance \u00e9lev\u00e9e au cisaillement et un coefficient d\u2019amortissement \u00e9lev\u00e9, offrant une excellente absorption des chocs et un excellent retour d\u2019\u00e9nergie. Il est hypoallerg\u00e9nique, inodore et a une longue dur\u00e9e de vie fonctionnelle. \u00c9tant non poreux et non absorbant, il est facile \u00e0 nettoyer et \u00e0 entretenir.<\/p>\n<p>La zone super douce offre un soulagement cibl\u00e9 de la douleur, soulage la pression \u00e0 la base du calcan\u00e9um et am\u00e9liore le confort.<\/p>\n<p>La conception ergonomique am\u00e9liore la conformit\u00e9. La conception en filet am\u00e9liore encore l\u2019amorti. L\u2019\u00e9paisseur optimale permet un amorti efficace d\u2019un c\u00f4t\u00e9 mais peut facilement \u00eatre plac\u00e9e dans les chaussures de l\u2019autre.<\/p>\n","protected":false},"excerpt":{"rendered":"<p>Le talon en silicone (vendu par paires) a \u00e9t\u00e9 sp\u00e9cialement con\u00e7u pour offrir un amorti doux au talon du pied. La zone de gel au niveau du calcan\u00e9um r\u00e9duit et r\u00e9partit la pression, ce qui procure un soulagement efficace de la douleur.<\/p>\n","protected":false},"featured_media":24925,"comment_status":"open","ping_status":"closed","template":"","meta":[],"product_cat":[20],"product_tag":[],"class_list":{"0":"post-19704","1":"product","2":"type-product","3":"status-publish","4":"has-post-thumbnail","6":"product_cat-accessories","8":"first","9":"instock","10":"shipping-taxable","11":"product-type-simple"},"jetpack_sharing_enabled":true,"_links":{"self":[{"href":"https:\/\/para-pharmacity.tn\/index.php?rest_route=\/wp\/v2\/product\/19704","targetHints":{"allow":["GET"]}}],"collection":[{"href":"https:\/\/para-pharmacity.tn\/index.php?rest_route=\/wp\/v2\/product"}],"about":[{"href":"https:\/\/para-pharmacity.tn\/index.php?rest_route=\/wp\/v2\/types\/product"}],"replies":[{"embeddable":true,"href":"https:\/\/para-pharmacity.tn\/index.php?rest_route=%2Fwp%2Fv2%2Fcomments&post=19704"}],"version-history":[{"count":2,"href":"https:\/\/para-pharmacity.tn\/index.php?rest_route=\/wp\/v2\/product\/19704\/revisions"}],"predecessor-version":[{"id":24926,"href":"https:\/\/para-pharmacity.tn\/index.php?rest_route=\/wp\/v2\/product\/19704\/revisions\/24926"}],"wp:featuredmedia":[{"embeddable":true,"href":"https:\/\/para-pharmacity.tn\/index.php?rest_route=\/wp\/v2\/media\/24925"}],"wp:attachment":[{"href":"https:\/\/para-pharmacity.tn\/index.php?rest_route=%2Fwp%2Fv2%2Fmedia&parent=19704"}],"wp:term":[{"taxonomy":"product_cat","embeddable":true,"href":"https:\/\/para-pharmacity.tn\/index.php?rest_route=%2Fwp%2Fv2%2Fproduct_cat&post=19704"},{"taxonomy":"product_tag","embeddable":true,"href":"https:\/\/para-pharmacity.tn\/index.php?rest_route=%2Fwp%2Fv2%2Fproduct_tag&post=19704"}],"curies":[{"name":"wp","href":"https:\/\/api.w.org\/{rel}","templated":true}]}}