{"id":19700,"date":"2024-07-11T10:09:07","date_gmt":"2024-07-11T10:09:07","guid":{"rendered":"https:\/\/para-pharmacity.tn\/?product=tynor-support-de-poigner-herbal-large"},"modified":"2024-08-26T10:10:22","modified_gmt":"2024-08-26T10:10:22","slug":"tynor-support-de-poigner-herbal-large","status":"publish","type":"product","link":"https:\/\/para-pharmacity.tn\/?product=tynor-support-de-poigner-herbal-large","title":{"rendered":"TYNOR SUPPORT DE POIGNER HERBAL LARGE"},"content":{"rendered":"<p><strong><span style=\"color: #000000\">TYNOR SUPPORT DE POIGNER HERBAL LARGE<\/span><\/strong><span style=\"color: #000000\"> ,Con\u00e7u pour fournir une compression th\u00e9rapeutique, de la chaleur et un soutien au poignet tout en permettant un mouvement libre et naturel du pouce et des doigts. Il comprime la zone et retient la chaleur corporelle et peut \u00eatre utilis\u00e9 lors d\u2019activit\u00e9s sportives \u00e0 fort impact ou pour soulager les douleurs, inflammations et raideurs locales, g\u00e9n\u00e9ralement associ\u00e9es \u00e0 la vieillesse, \u00e0 l\u2019arthrite, aux blessures, etc.<\/span><\/p>\n","protected":false},"excerpt":{"rendered":"<p>TYNOR SUPPORT DE POIGNER HERBAL LARGE ,Con\u00e7u pour fournir une compression th\u00e9rapeutique, de la chaleur et un soutien au poignet<\/p>\n","protected":false},"featured_media":23987,"comment_status":"open","ping_status":"closed","template":"","meta":[],"product_cat":[20],"product_tag":[],"class_list":{"0":"post-19700","1":"product","2":"type-product","3":"status-publish","4":"has-post-thumbnail","6":"product_cat-accessories","8":"first","9":"instock","10":"shipping-taxable","11":"product-type-simple"},"jetpack_sharing_enabled":true,"_links":{"self":[{"href":"https:\/\/para-pharmacity.tn\/index.php?rest_route=\/wp\/v2\/product\/19700","targetHints":{"allow":["GET"]}}],"collection":[{"href":"https:\/\/para-pharmacity.tn\/index.php?rest_route=\/wp\/v2\/product"}],"about":[{"href":"https:\/\/para-pharmacity.tn\/index.php?rest_route=\/wp\/v2\/types\/product"}],"replies":[{"embeddable":true,"href":"https:\/\/para-pharmacity.tn\/index.php?rest_route=%2Fwp%2Fv2%2Fcomments&post=19700"}],"version-history":[{"count":3,"href":"https:\/\/para-pharmacity.tn\/index.php?rest_route=\/wp\/v2\/product\/19700\/revisions"}],"predecessor-version":[{"id":23990,"href":"https:\/\/para-pharmacity.tn\/index.php?rest_route=\/wp\/v2\/product\/19700\/revisions\/23990"}],"wp:featuredmedia":[{"embeddable":true,"href":"https:\/\/para-pharmacity.tn\/index.php?rest_route=\/wp\/v2\/media\/23987"}],"wp:attachment":[{"href":"https:\/\/para-pharmacity.tn\/index.php?rest_route=%2Fwp%2Fv2%2Fmedia&parent=19700"}],"wp:term":[{"taxonomy":"product_cat","embeddable":true,"href":"https:\/\/para-pharmacity.tn\/index.php?rest_route=%2Fwp%2Fv2%2Fproduct_cat&post=19700"},{"taxonomy":"product_tag","embeddable":true,"href":"https:\/\/para-pharmacity.tn\/index.php?rest_route=%2Fwp%2Fv2%2Fproduct_tag&post=19700"}],"curies":[{"name":"wp","href":"https:\/\/api.w.org\/{rel}","templated":true}]}}