{"id":19699,"date":"2024-07-11T10:09:06","date_gmt":"2024-07-11T10:09:06","guid":{"rendered":"https:\/\/para-pharmacity.tn\/?product=tynor-soutien-scortal"},"modified":"2024-08-26T09:51:42","modified_gmt":"2024-08-26T09:51:42","slug":"tynor-soutien-scortal","status":"publish","type":"product","link":"https:\/\/para-pharmacity.tn\/?product=tynor-soutien-scortal","title":{"rendered":"TYNOR SOUTIEN SCORTAL"},"content":{"rendered":"<p><span style=\"color: #000000\">CONSTRUCTION SCIENTIFIQUE DE LA POCHE SCROTAL<\/span><\/p>\n<p><span style=\"color: #000000\">La construction scientifique de la poche scrotale a une forme anatomique qui assure un soutien et un soul\u00e8vement ad\u00e9quats du scrotum. De plus, la pochette extensible offre une compression ferme, un confort et un espace suffisant pour le scrotum. Il y a une poche s\u00e9par\u00e9e pour s\u00e9parer le p\u00e9nis et le scrotum. Il dispose d&rsquo;une construction \u00e0 coutures invisibles pr\u00e9vue pour les peaux sensibles.<\/span><\/p>\n<p><span style=\"color: #000000\">CEINTURE EXTENSIBLE AVEC LARGE PANNEAU \u00c0 BOUCLE CROCHET La ceinture<\/span><\/p>\n<p><span style=\"color: #000000\">extensible avec un large panneau \u00e0 boucle auto-agrippante assure une application et un retrait faciles, une compression et une adh\u00e9rence personnalis\u00e9es, une meilleure flexibilit\u00e9 de dimensionnement, un ajustement parfait, un maintien substantiel et un soul\u00e8vement du scrotum.<\/span><\/p>\n<p><span style=\"color: #000000\">CONCEPTION ERGONOMIQUE<\/span><\/p>\n<p><span style=\"color: #000000\">Les sangles p\u00e9rin\u00e9ales r\u00e9glables assurent une compression et un levage personnalis\u00e9s. Il est l\u00e9ger, bien ventil\u00e9 et esth\u00e9tique.<\/span><\/p>\n<p><span style=\"color: #000000\">MAT\u00c9RIAUX DOUX<\/span><\/p>\n<p><span style=\"color: #000000\">Le mat\u00e9riau souple dermophile offre une meilleure adh\u00e9rence, am\u00e9liore le confort et procure un effet apaisant pour garantir l&rsquo;absence d&rsquo;\u00e9ruption cutan\u00e9e, d&rsquo;allergie ou d&rsquo;abrasion, m\u00eame sur les peaux sensibles.<\/span><\/p>\n<p><span style=\"color: #000000\">Mots cl\u00e9s : Support scrotal Tynor, Support testiculaire, Support athl\u00e9tique pour le scrotum, Support scrotal athl\u00e9tique, Support scrotal pour la salle de sport. Soutien<\/span><\/p>\n","protected":false},"excerpt":{"rendered":"<p>CONSTRUCTION SCIENTIFIQUE DE LA POCHE SCROTAL La construction scientifique de la poche scrotale a une forme anatomique qui assure un<\/p>\n","protected":false},"featured_media":23983,"comment_status":"open","ping_status":"closed","template":"","meta":[],"product_cat":[20],"product_tag":[],"class_list":{"0":"post-19699","1":"product","2":"type-product","3":"status-publish","4":"has-post-thumbnail","6":"product_cat-accessories","8":"first","9":"instock","10":"shipping-taxable","11":"product-type-simple"},"jetpack_sharing_enabled":true,"_links":{"self":[{"href":"https:\/\/para-pharmacity.tn\/index.php?rest_route=\/wp\/v2\/product\/19699","targetHints":{"allow":["GET"]}}],"collection":[{"href":"https:\/\/para-pharmacity.tn\/index.php?rest_route=\/wp\/v2\/product"}],"about":[{"href":"https:\/\/para-pharmacity.tn\/index.php?rest_route=\/wp\/v2\/types\/product"}],"replies":[{"embeddable":true,"href":"https:\/\/para-pharmacity.tn\/index.php?rest_route=%2Fwp%2Fv2%2Fcomments&post=19699"}],"version-history":[{"count":2,"href":"https:\/\/para-pharmacity.tn\/index.php?rest_route=\/wp\/v2\/product\/19699\/revisions"}],"predecessor-version":[{"id":23982,"href":"https:\/\/para-pharmacity.tn\/index.php?rest_route=\/wp\/v2\/product\/19699\/revisions\/23982"}],"wp:featuredmedia":[{"embeddable":true,"href":"https:\/\/para-pharmacity.tn\/index.php?rest_route=\/wp\/v2\/media\/23983"}],"wp:attachment":[{"href":"https:\/\/para-pharmacity.tn\/index.php?rest_route=%2Fwp%2Fv2%2Fmedia&parent=19699"}],"wp:term":[{"taxonomy":"product_cat","embeddable":true,"href":"https:\/\/para-pharmacity.tn\/index.php?rest_route=%2Fwp%2Fv2%2Fproduct_cat&post=19699"},{"taxonomy":"product_tag","embeddable":true,"href":"https:\/\/para-pharmacity.tn\/index.php?rest_route=%2Fwp%2Fv2%2Fproduct_tag&post=19699"}],"curies":[{"name":"wp","href":"https:\/\/api.w.org\/{rel}","templated":true}]}}