{"id":19698,"date":"2024-07-11T10:09:06","date_gmt":"2024-07-11T10:09:06","guid":{"rendered":"https:\/\/para-pharmacity.tn\/?product=tynor-separateur-d-orteil-large"},"modified":"2024-08-26T09:44:10","modified_gmt":"2024-08-26T09:44:10","slug":"tynor-separateur-d-orteil-large","status":"publish","type":"product","link":"https:\/\/para-pharmacity.tn\/?product=tynor-separateur-d-orteil-large","title":{"rendered":"TYNOR SEPARATEUR D ORTEIL LARGE"},"content":{"rendered":"<div class=\"wpb_text_column wpb_content_element vc_custom_1507803982654\">\n<div class=\"wpb_wrapper\">\n<p><span style=\"color: #000000\"><strong>Le s\u00e9parateur d\u2019orteils en silicone (paire)<\/strong>\u00a0est con\u00e7u anatomiquement pour \u00e9carter les orteils, absorber la pression et faciliter leur alignement.\u00a0Les frottements entre les orteils qui se chevauchent et qui se chevauchent peuvent provoquer une g\u00eane, une irritation et des cors.\u00a0Le s\u00e9parateur d\u2019orteils aligne le gros orteil soulage l\u2019inconfort de l\u2019oignon, la douleur et la douleur associ\u00e9es au frottement des cors ou des orteils mous.<\/span><\/p>\n<ul>\n<li><span style=\"color: #000000\">Hypoallerg\u00e9nique<\/span><\/li>\n<li><span style=\"color: #000000\">Haute efficacit\u00e9 d\u2019amortissement.<\/span><\/li>\n<li><span style=\"color: #000000\">Longue vie fonctionnelle<\/span><\/li>\n<li><span style=\"color: #000000\">Forme anatomique<\/span><\/li>\n<\/ul>\n<\/div>\n<\/div>\n<div class=\"vc_row wpb_row vc_inner vc_row-fluid\">\n<div class=\"wpb_column vc_column_container vc_col-sm-12\">\n<div class=\"vc_column-inner\">\n<div class=\"wpb_wrapper\">\n<div class=\"wpb_text_column wpb_content_element vc_custom_1503988418051\">\n<div class=\"wpb_wrapper\"><\/div>\n<\/div>\n<div class=\"wpb_text_column wpb_content_element\">\n<div class=\"wpb_wrapper\">\n<ul>\n<li><span style=\"color: #000000\">Fabriqu\u00e9 \u00e0 partir de silicone de qualit\u00e9 m\u00e9dicale, de qualit\u00e9 m\u00e9dicale, transparent, esth\u00e9tiquement agr\u00e9able, avec une r\u00e9sistance \u00e9lev\u00e9e au cisaillement et un coefficient d\u2019amortissement \u00e9lev\u00e9, avec une excellente absorption des chocs et de la restitution d\u2019\u00e9nergie.\u00a0Il est hypoallerg\u00e9nique, inodore et a une longue dur\u00e9e de vie fonctionnelle.\u00a0Non poreux et non absorbant, il est facile \u00e0 nettoyer et \u00e0 entretenir.<\/span><\/li>\n<li><span style=\"color: #000000\">La conception anatomique et \u00e9l\u00e9gante assure une meilleure adh\u00e9rence et le port, am\u00e9liore la commodit\u00e9, le confort et la conformit\u00e9.\u00a0Peut \u00eatre facilement utilis\u00e9 avec des chaussures.<\/span><\/li>\n<\/ul>\n<\/div>\n<\/div>\n<\/div>\n<\/div>\n<\/div>\n<\/div>\n","protected":false},"excerpt":{"rendered":"<p>Le s\u00e9parateur d\u2019orteils en silicone (paire)\u00a0est con\u00e7u anatomiquement pour \u00e9carter les orteils, absorber la pression et faciliter leur alignement.\u00a0Les frottements<\/p>\n","protected":false},"featured_media":23975,"comment_status":"open","ping_status":"closed","template":"","meta":[],"product_cat":[20],"product_tag":[],"class_list":{"0":"post-19698","1":"product","2":"type-product","3":"status-publish","4":"has-post-thumbnail","6":"product_cat-accessories","8":"first","9":"instock","10":"shipping-taxable","11":"product-type-simple"},"jetpack_sharing_enabled":true,"_links":{"self":[{"href":"https:\/\/para-pharmacity.tn\/index.php?rest_route=\/wp\/v2\/product\/19698","targetHints":{"allow":["GET"]}}],"collection":[{"href":"https:\/\/para-pharmacity.tn\/index.php?rest_route=\/wp\/v2\/product"}],"about":[{"href":"https:\/\/para-pharmacity.tn\/index.php?rest_route=\/wp\/v2\/types\/product"}],"replies":[{"embeddable":true,"href":"https:\/\/para-pharmacity.tn\/index.php?rest_route=%2Fwp%2Fv2%2Fcomments&post=19698"}],"version-history":[{"count":3,"href":"https:\/\/para-pharmacity.tn\/index.php?rest_route=\/wp\/v2\/product\/19698\/revisions"}],"predecessor-version":[{"id":23980,"href":"https:\/\/para-pharmacity.tn\/index.php?rest_route=\/wp\/v2\/product\/19698\/revisions\/23980"}],"wp:featuredmedia":[{"embeddable":true,"href":"https:\/\/para-pharmacity.tn\/index.php?rest_route=\/wp\/v2\/media\/23975"}],"wp:attachment":[{"href":"https:\/\/para-pharmacity.tn\/index.php?rest_route=%2Fwp%2Fv2%2Fmedia&parent=19698"}],"wp:term":[{"taxonomy":"product_cat","embeddable":true,"href":"https:\/\/para-pharmacity.tn\/index.php?rest_route=%2Fwp%2Fv2%2Fproduct_cat&post=19698"},{"taxonomy":"product_tag","embeddable":true,"href":"https:\/\/para-pharmacity.tn\/index.php?rest_route=%2Fwp%2Fv2%2Fproduct_tag&post=19698"}],"curies":[{"name":"wp","href":"https:\/\/api.w.org\/{rel}","templated":true}]}}