{"id":19697,"date":"2024-07-11T10:09:06","date_gmt":"2024-07-11T10:09:06","guid":{"rendered":"https:\/\/para-pharmacity.tn\/?product=tynor-semelle-visc-elast-s-m-l-xl"},"modified":"2024-08-26T09:36:22","modified_gmt":"2024-08-26T09:36:22","slug":"tynor-semelle-visc-elast-s-m-l-xl","status":"publish","type":"product","link":"https:\/\/para-pharmacity.tn\/?product=tynor-semelle-visc-elast-s-m-l-xl","title":{"rendered":"TYNOR SEMELLE VISC ELAST S\/M\/L\/XL"},"content":{"rendered":"<p><span style=\"color: #000000\">La semelle int\u00e9rieure en silicone est con\u00e7ue pour un confort sup\u00e9rieur, avec des zones de relief doux. Il r\u00e9duit les ondes de choc douloureuses et la charge sur les pieds, les genoux et la colonne vert\u00e9brale. Conception anatomique pour un meilleur confort et ajustement. Il offre une r\u00e9partition uniforme de la pression sur tout le pied.<\/span><\/p>\n","protected":false},"excerpt":{"rendered":"<p>La semelle int\u00e9rieure en silicone est con\u00e7ue pour un confort sup\u00e9rieur, avec des zones de relief doux. Il r\u00e9duit les<\/p>\n","protected":false},"featured_media":0,"comment_status":"open","ping_status":"closed","template":"","meta":[],"product_cat":[20],"product_tag":[],"class_list":{"0":"post-19697","1":"product","2":"type-product","3":"status-publish","5":"product_cat-accessories","7":"first","8":"instock","9":"shipping-taxable","10":"product-type-simple"},"jetpack_sharing_enabled":true,"_links":{"self":[{"href":"https:\/\/para-pharmacity.tn\/index.php?rest_route=\/wp\/v2\/product\/19697","targetHints":{"allow":["GET"]}}],"collection":[{"href":"https:\/\/para-pharmacity.tn\/index.php?rest_route=\/wp\/v2\/product"}],"about":[{"href":"https:\/\/para-pharmacity.tn\/index.php?rest_route=\/wp\/v2\/types\/product"}],"replies":[{"embeddable":true,"href":"https:\/\/para-pharmacity.tn\/index.php?rest_route=%2Fwp%2Fv2%2Fcomments&post=19697"}],"version-history":[{"count":2,"href":"https:\/\/para-pharmacity.tn\/index.php?rest_route=\/wp\/v2\/product\/19697\/revisions"}],"predecessor-version":[{"id":23974,"href":"https:\/\/para-pharmacity.tn\/index.php?rest_route=\/wp\/v2\/product\/19697\/revisions\/23974"}],"wp:attachment":[{"href":"https:\/\/para-pharmacity.tn\/index.php?rest_route=%2Fwp%2Fv2%2Fmedia&parent=19697"}],"wp:term":[{"taxonomy":"product_cat","embeddable":true,"href":"https:\/\/para-pharmacity.tn\/index.php?rest_route=%2Fwp%2Fv2%2Fproduct_cat&post=19697"},{"taxonomy":"product_tag","embeddable":true,"href":"https:\/\/para-pharmacity.tn\/index.php?rest_route=%2Fwp%2Fv2%2Fproduct_tag&post=19697"}],"curies":[{"name":"wp","href":"https:\/\/api.w.org\/{rel}","templated":true}]}}