{"id":19696,"date":"2024-07-11T10:09:05","date_gmt":"2024-07-11T10:09:05","guid":{"rendered":"https:\/\/para-pharmacity.tn\/?product=tynor-semelle-visc-elast-m"},"modified":"2025-06-11T09:41:09","modified_gmt":"2025-06-11T09:41:09","slug":"tynor-semelle-visc-elast-m","status":"publish","type":"product","link":"https:\/\/para-pharmacity.tn\/?product=tynor-semelle-visc-elast-m","title":{"rendered":"TYNOR SEMELLE VISC ELAST L"},"content":{"rendered":"<p><span style=\"color: #000000;\">La <strong>semelle<\/strong> int\u00e9rieure en silicone est con\u00e7ue pour un confort sup\u00e9rieur, avec des zones de relief doux. Il r\u00e9duit les ondes de choc douloureuses et la charge sur les pieds, les genoux et la colonne vert\u00e9brale. Conception anatomique pour un meilleur confort et ajustement. Il offre une r\u00e9partition uniforme de la pression sur tout le pied.<\/span><\/p>\n<p>&nbsp;<\/p>\n<p><span style=\"color: #000000;\">Hypoallerg\u00e9nique<\/span><\/p>\n<p><span style=\"color: #000000;\">Coefficient d&rsquo;amortissement \u00e9lev\u00e9<\/span><\/p>\n<p><span style=\"color: #000000;\">Longue dur\u00e9e de vie fonctionnelle<\/span><\/p>\n<p><span style=\"color: #000000;\">Zones super douces<\/span><\/p>\n<p><span style=\"color: #000000;\">Forme anatomique<\/span><\/p>\n<p><span style=\"color: #000000;\">Fabriqu\u00e9 en silicone de haute qualit\u00e9, liquide, transparent, esth\u00e9tique, de qualit\u00e9 m\u00e9dicale, avec une r\u00e9sistance au cisaillement \u00e9lev\u00e9e et un coefficient d&rsquo;amortissement \u00e9lev\u00e9, ayant une excellente absorption des chocs et un retour d&rsquo;\u00e9nergie. Il est hypoallerg\u00e9nique, inodore et a une longue dur\u00e9e de vie fonctionnelle. \u00c9tant non poreux et non absorbant, il est facile \u00e0 nettoyer et \u00e0 entretenir.<\/span><\/p>\n<p><span style=\"color: #000000;\">La conception anatomique assure une meilleure r\u00e9partition du poids, aide \u00e0 corriger l&rsquo;alignement du corps, \u00e0 r\u00e9duire la tension sur les ligaments, les muscles et les tendons et \u00e0 r\u00e9duire le pic de charge. La surface mate assure une bonne adh\u00e9rence au pied.<\/span><\/p>\n<p><span style=\"color: #000000;\">Les zones super douces offrent un soulagement cibl\u00e9 de la douleur, soulagent la pression \u00e0 la base du calcan\u00e9um et am\u00e9liorent le confort au niveau du m\u00e9tatarse.<\/span><\/p>\n<p><span style=\"color: #000000;\">La conception ergonomique am\u00e9liore la conformit\u00e9. L&rsquo;\u00e9paisseur optimale permet un amorti efficace d&rsquo;une part mais peut \u00eatre facilement mise dans les chaussures de l&rsquo;autre.<\/span><\/p>\n","protected":false},"excerpt":{"rendered":"<p>Les inserts de soutien de la vo\u00fbte plantaire m\u00e9diale sont con\u00e7us pour stabiliser et soutenir la vo\u00fbte du pied. Ils r\u00e9partissent la pression de mani\u00e8re uniforme et naturelle sur le pied. Positionn\u00e9s \u00e0 l&rsquo;int\u00e9rieur de la chaussure, ils garantissent des r\u00e9sultats optimaux.<\/p>\n","protected":false},"featured_media":26563,"comment_status":"open","ping_status":"closed","template":"","meta":[],"product_cat":[20],"product_tag":[],"class_list":{"0":"post-19696","1":"product","2":"type-product","3":"status-publish","4":"has-post-thumbnail","6":"product_cat-accessories","8":"first","9":"instock","10":"shipping-taxable","11":"purchasable","12":"product-type-simple"},"jetpack_sharing_enabled":true,"_links":{"self":[{"href":"https:\/\/para-pharmacity.tn\/index.php?rest_route=\/wp\/v2\/product\/19696","targetHints":{"allow":["GET"]}}],"collection":[{"href":"https:\/\/para-pharmacity.tn\/index.php?rest_route=\/wp\/v2\/product"}],"about":[{"href":"https:\/\/para-pharmacity.tn\/index.php?rest_route=\/wp\/v2\/types\/product"}],"replies":[{"embeddable":true,"href":"https:\/\/para-pharmacity.tn\/index.php?rest_route=%2Fwp%2Fv2%2Fcomments&post=19696"}],"version-history":[{"count":3,"href":"https:\/\/para-pharmacity.tn\/index.php?rest_route=\/wp\/v2\/product\/19696\/revisions"}],"predecessor-version":[{"id":26565,"href":"https:\/\/para-pharmacity.tn\/index.php?rest_route=\/wp\/v2\/product\/19696\/revisions\/26565"}],"wp:featuredmedia":[{"embeddable":true,"href":"https:\/\/para-pharmacity.tn\/index.php?rest_route=\/wp\/v2\/media\/26563"}],"wp:attachment":[{"href":"https:\/\/para-pharmacity.tn\/index.php?rest_route=%2Fwp%2Fv2%2Fmedia&parent=19696"}],"wp:term":[{"taxonomy":"product_cat","embeddable":true,"href":"https:\/\/para-pharmacity.tn\/index.php?rest_route=%2Fwp%2Fv2%2Fproduct_cat&post=19696"},{"taxonomy":"product_tag","embeddable":true,"href":"https:\/\/para-pharmacity.tn\/index.php?rest_route=%2Fwp%2Fv2%2Fproduct_tag&post=19696"}],"curies":[{"name":"wp","href":"https:\/\/api.w.org\/{rel}","templated":true}]}}