{"id":19695,"date":"2024-07-11T10:09:05","date_gmt":"2024-07-11T10:09:05","guid":{"rendered":"https:\/\/para-pharmacity.tn\/?product=tynor-semelle-metatarsienne-silic"},"modified":"2024-08-23T22:02:09","modified_gmt":"2024-08-23T22:02:09","slug":"tynor-semelle-metatarsienne-silic","status":"publish","type":"product","link":"https:\/\/para-pharmacity.tn\/?product=tynor-semelle-metatarsienne-silic","title":{"rendered":"TYNOR SEMELLE METATARSIENNE SILIC"},"content":{"rendered":"<p><span style=\"color: #000000\"><b>La Semelle m\u00e9tatarsienne en silicone (paire) coussinet<\/b>\u00a0est con\u00e7ue pour pr\u00e9venir les douleurs m\u00e9tatarsiennes, les cors, la peau dure, le n\u00e9vrome de Morton, la douleur \u00e0 l\u2019avant-pied et la balle douloureuse du pied.\u00a0Absorbe les chocs, r\u00e9duit les effets n\u00e9fastes de la pression et du port de poids, att\u00e9nue les frottements et les frottements douloureux lors de la marche.<\/span><\/p>\n<p><span style=\"color: #000000\">\u00b7\u00a0\u00a0\u00a0\u00a0\u00a0 Stick facile \u00e0 appliquer<\/span><\/p>\n<p><span style=\"color: #000000\">\u00b7\u00a0\u00a0\u00a0\u00a0\u00a0 Hypoallerg\u00e9nique<\/span><\/p>\n<p><span style=\"color: #000000\">\u00b7\u00a0\u00a0\u00a0\u00a0\u00a0 Amorti \u00e9lev\u00e9<\/span><\/p>\n<p><span style=\"color: #000000\">\u00b7\u00a0\u00a0\u00a0\u00a0\u00a0 Longue dur\u00e9e de vie fonctionnelle<\/span><\/p>\n<p><span style=\"color: #000000\">\u00b7\u00a0 \u00a0Fabriqu\u00e9 en silicone de haute qualit\u00e9, liquide, transparent, esth\u00e9tique, de qualit\u00e9 m\u00e9dicale, avec une r\u00e9sistance au cisaillement \u00e9lev\u00e9e et un coefficient d\u2019amortissement \u00e9lev\u00e9, ayant une excellente absorption des chocs et un retour d\u2019\u00e9nergie.\u00a0Il est hypoallerg\u00e9nique, inodore et a une longue dur\u00e9e de vie fonctionnelle.\u00a0\u00c9tant non poreux et non absorbant, il est facile \u00e0 nettoyer et \u00e0 entretenir.<\/span><\/p>\n<p><span style=\"color: #000000\">\u00b7\u00a0\u00a0\u00a0\u00a0\u00a0 La conception ergonomique et \u00e9l\u00e9gante offre un collage facile sur l\u2019application,<\/span><\/p>\n<p><span style=\"color: #000000\">\u00b7\u00a0\u00a0\u00a0\u00a0\u00a0Am\u00e9liore la commodit\u00e9, le confort et la conformit\u00e9.\u00a0\u00c9paisseur et duret\u00e9 optimales, permettent un amorti efficace d\u2019une part mais peuvent facilement \u00eatre mises en chaussures de l\u2019autre.\u00a0La surface mate assure une meilleure adh\u00e9rence et une meilleure usure.<\/span><\/p>\n","protected":false},"excerpt":{"rendered":"<p>La Semelle m\u00e9tatarsienne en silicone (paire) coussinet\u00a0est con\u00e7ue pour pr\u00e9venir les douleurs m\u00e9tatarsiennes, les cors, la peau dure, le n\u00e9vrome<\/p>\n","protected":false},"featured_media":23963,"comment_status":"open","ping_status":"closed","template":"","meta":[],"product_cat":[20],"product_tag":[],"class_list":{"0":"post-19695","1":"product","2":"type-product","3":"status-publish","4":"has-post-thumbnail","6":"product_cat-accessories","8":"first","9":"instock","10":"shipping-taxable","11":"product-type-simple"},"jetpack_sharing_enabled":true,"_links":{"self":[{"href":"https:\/\/para-pharmacity.tn\/index.php?rest_route=\/wp\/v2\/product\/19695","targetHints":{"allow":["GET"]}}],"collection":[{"href":"https:\/\/para-pharmacity.tn\/index.php?rest_route=\/wp\/v2\/product"}],"about":[{"href":"https:\/\/para-pharmacity.tn\/index.php?rest_route=\/wp\/v2\/types\/product"}],"replies":[{"embeddable":true,"href":"https:\/\/para-pharmacity.tn\/index.php?rest_route=%2Fwp%2Fv2%2Fcomments&post=19695"}],"version-history":[{"count":3,"href":"https:\/\/para-pharmacity.tn\/index.php?rest_route=\/wp\/v2\/product\/19695\/revisions"}],"predecessor-version":[{"id":23967,"href":"https:\/\/para-pharmacity.tn\/index.php?rest_route=\/wp\/v2\/product\/19695\/revisions\/23967"}],"wp:featuredmedia":[{"embeddable":true,"href":"https:\/\/para-pharmacity.tn\/index.php?rest_route=\/wp\/v2\/media\/23963"}],"wp:attachment":[{"href":"https:\/\/para-pharmacity.tn\/index.php?rest_route=%2Fwp%2Fv2%2Fmedia&parent=19695"}],"wp:term":[{"taxonomy":"product_cat","embeddable":true,"href":"https:\/\/para-pharmacity.tn\/index.php?rest_route=%2Fwp%2Fv2%2Fproduct_cat&post=19695"},{"taxonomy":"product_tag","embeddable":true,"href":"https:\/\/para-pharmacity.tn\/index.php?rest_route=%2Fwp%2Fv2%2Fproduct_tag&post=19695"}],"curies":[{"name":"wp","href":"https:\/\/api.w.org\/{rel}","templated":true}]}}