{"id":19694,"date":"2024-07-11T10:09:05","date_gmt":"2024-07-11T10:09:05","guid":{"rendered":"https:\/\/para-pharmacity.tn\/?product=tynor-semelle-de-repos-s-m-l"},"modified":"2024-08-16T12:43:46","modified_gmt":"2024-08-16T12:43:46","slug":"tynor-semelle-de-repos-s-m-l","status":"publish","type":"product","link":"https:\/\/para-pharmacity.tn\/?product=tynor-semelle-de-repos-s-m-l","title":{"rendered":"TYNOR SEMELLE DE REPOS S\/M\/L"},"content":{"rendered":"<p><span style=\"color: #000000\">Les inserts de soutien de la vo\u00fbte plantaire m\u00e9diale sont con\u00e7us pour soutenir et maintenir la vo\u00fbte du pied. Ils sont con\u00e7us pour r\u00e9partir uniform\u00e9ment et naturellement la pression sur le pied. Plac\u00e9s \u00e0 l&rsquo;int\u00e9rieur de la chaussure pour des r\u00e9sultats efficaces.<\/span><\/p>\n<p><span style=\"color: #000000\">&#8211; Soutien rigide de la vo\u00fbte plantaire<\/span><\/p>\n<p><span style=\"color: #000000\">&#8211; Ajustement anatomique<\/span><\/p>\n<p><span style=\"color: #000000\">&#8211; Confortable avec une sensation de l\u00e9g\u00e8ret\u00e9<\/span><\/p>\n<p><span style=\"color: #000000\">&#8211; Points de massage pour la vo\u00fbte plantaire<\/span><\/p>\n<p><span style=\"color: #000000\">Avantages :<\/span><\/p>\n<p><span style=\"color: #000000\">Id\u00e9al pour :<\/span><\/p>\n<p><span style=\"color: #000000\">&#8211; Pied plat<\/span><\/p>\n<p><span style=\"color: #000000\">&#8211; Pied d\u00e9form\u00e9<\/span><\/p>\n<p><span style=\"color: #000000\">&#8211; Gestion de la douleur et du handicap li\u00e9s \u00e0 la fasciite plantaire<\/span><\/p>\n<p><span style=\"color: #000000\">&#8211; D\u00e9marche d\u00e9form\u00e9e<\/span><\/p>\n<p><span style=\"color: #000000\">&#8211; Douleur au milieu du pied<\/span><\/p>\n<p><span style=\"color: #000000\">&#8211; Pied \u00e9largi<\/span><\/p>\n<p><span style=\"color: #000000\">&#8211; Arches affaiss\u00e9es<\/span><\/p>\n<p><span style=\"color: #000000\">&#8211; Mauvaise biom\u00e9canique du pied<\/span><\/p>\n<p><span style=\"color: #000000\">Caract\u00e9ristiques :<\/span><\/p>\n<p><span style=\"color: #000000\">Le design moul\u00e9 s&rsquo;adapte parfaitement \u00e0 l&rsquo;anatomie du pied et \u00e0 la vo\u00fbte pour une r\u00e9partition ad\u00e9quate du poids et un confort optimal. Le design en nid d&rsquo;abeille est l\u00e9ger, offre un contour appropri\u00e9 et un soutien ferme \u00e0 la vo\u00fbte.<\/span><\/p>\n<p><span style=\"color: #000000\">Fabriqu\u00e9 en polyur\u00e9thane avec des propri\u00e9t\u00e9s antid\u00e9rapantes, antifongiques et une longue dur\u00e9e de vie fonctionnelle. Aucune fissure, rupture ou d\u00e9formation n&rsquo;est observ\u00e9e.<\/span><\/p>\n<p><span style=\"color: #000000\">La doublure en tissu est douce et l\u00e9g\u00e8re. Elle am\u00e9liore l&rsquo;amorti, le confort et l&rsquo;esth\u00e9tique. Elle absorbe la transpiration et am\u00e9liore la conformit\u00e9. Les points mous hexagonaux sur le tissu procurent un massage et une proprioception, am\u00e9liorent l&rsquo;esth\u00e9tique et l&rsquo;adh\u00e9rence.<\/span><\/p>\n<p><span style=\"color: #000000\">Le quart de conception le rend pr\u00eat \u00e0 \u00eatre port\u00e9 dans des chaussures ordinaires, am\u00e9liorant ainsi la conformit\u00e9.<\/span><\/p>\n<p><span style=\"color: #000000\">Construction :<\/span><\/p>\n<p><span style=\"color: #000000\">L&rsquo;orth\u00e8se de la vo\u00fbte plantaire m\u00e9diale est moul\u00e9e en TPU. Le TPU offre un soutien rigide \u00e0 la vo\u00fbte des pieds d&rsquo;une part et une interface souple et confortable \u00e0 la zone du talon et des orteils.<\/span><\/p>\n<p><span style=\"color: #000000\">Les points mous hexagonaux massent la vo\u00fbte plantaire et fournissent de la proprioception. La couche de tissu sur\u00e9lev\u00e9e sur le dessus procure une sensation douce et l\u00e9g\u00e8re.<\/span><\/p>\n<p><span style=\"color: #000000\">La ventilation par des trous \u00e0 la base assure une absence de transpiration et am\u00e9liore le confort du patient. La surface inf\u00e9rieure antid\u00e9rapante assure une adh\u00e9rence suppl\u00e9mentaire avec la chaussure.<\/span><\/p>\n<p><span style=\"color: #000000\">Mises en garde\/Recommandations :<\/span><\/p>\n<p><span style=\"color: #000000\">Utilisez de pr\u00e9f\u00e9rence avec une chaussure l\u00e9g\u00e8rement plus profonde ou de taille plus grande.<\/span><\/p>\n<p><span style=\"color: #000000\">Utilisez ce produit sous la stricte direction d&rsquo;un m\u00e9decin qualifi\u00e9.<\/span><\/p>\n<p><span style=\"color: #000000\">Cessez l&rsquo;utilisation et consultez un m\u00e9decin qualifi\u00e9 en cas de :<\/span><\/p>\n<p><span style=\"color: #000000\">&#8211; Sensation alt\u00e9r\u00e9e<\/span><\/p>\n<p><span style=\"color: #000000\">&#8211; Alt\u00e9ration de la circulation sanguine<\/span><\/p>\n<p><span style=\"color: #000000\">&#8211; \u00c9ruption cutan\u00e9e allergique ou d\u00e9mangeaisons<\/span><\/p>\n<p><span style=\"color: #000000\">&#8211; Augmentation ou persistance de la douleur<\/span><\/p>\n<p><span style=\"color: #000000\">Consultez votre m\u00e9decin en cas d&rsquo;utilisation simultan\u00e9e avec tout autre dispositif m\u00e9dical.<\/span><\/p>\n<p><span style=\"color: #000000\">La mauvaise utilisation ou l&rsquo;utilisation incorrecte du dispositif peut entra\u00eener des effets ind\u00e9sirables et une diminution de l&rsquo;efficacit\u00e9.<\/span><\/p>\n<p><span style=\"color: #000000\">Suivez attentivement les instructions mentionn\u00e9es sur la bo\u00eete.<\/span><\/p>\n<p><span style=\"color: #000000\">Tenir hors de port\u00e9e des enfants.<\/span><\/p>\n","protected":false},"excerpt":{"rendered":"<p>Les inserts de soutien de la vo\u00fbte plantaire m\u00e9diale sont con\u00e7us pour soutenir et maintenir la vo\u00fbte du pied. Ils<\/p>\n","protected":false},"featured_media":23550,"comment_status":"open","ping_status":"closed","template":"","meta":[],"product_cat":[20],"product_tag":[],"class_list":{"0":"post-19694","1":"product","2":"type-product","3":"status-publish","4":"has-post-thumbnail","6":"product_cat-accessories","8":"first","9":"instock","10":"shipping-taxable","11":"product-type-simple"},"jetpack_sharing_enabled":true,"_links":{"self":[{"href":"https:\/\/para-pharmacity.tn\/index.php?rest_route=\/wp\/v2\/product\/19694","targetHints":{"allow":["GET"]}}],"collection":[{"href":"https:\/\/para-pharmacity.tn\/index.php?rest_route=\/wp\/v2\/product"}],"about":[{"href":"https:\/\/para-pharmacity.tn\/index.php?rest_route=\/wp\/v2\/types\/product"}],"replies":[{"embeddable":true,"href":"https:\/\/para-pharmacity.tn\/index.php?rest_route=%2Fwp%2Fv2%2Fcomments&post=19694"}],"version-history":[{"count":2,"href":"https:\/\/para-pharmacity.tn\/index.php?rest_route=\/wp\/v2\/product\/19694\/revisions"}],"predecessor-version":[{"id":23553,"href":"https:\/\/para-pharmacity.tn\/index.php?rest_route=\/wp\/v2\/product\/19694\/revisions\/23553"}],"wp:featuredmedia":[{"embeddable":true,"href":"https:\/\/para-pharmacity.tn\/index.php?rest_route=\/wp\/v2\/media\/23550"}],"wp:attachment":[{"href":"https:\/\/para-pharmacity.tn\/index.php?rest_route=%2Fwp%2Fv2%2Fmedia&parent=19694"}],"wp:term":[{"taxonomy":"product_cat","embeddable":true,"href":"https:\/\/para-pharmacity.tn\/index.php?rest_route=%2Fwp%2Fv2%2Fproduct_cat&post=19694"},{"taxonomy":"product_tag","embeddable":true,"href":"https:\/\/para-pharmacity.tn\/index.php?rest_route=%2Fwp%2Fv2%2Fproduct_tag&post=19694"}],"curies":[{"name":"wp","href":"https:\/\/api.w.org\/{rel}","templated":true}]}}