{"id":19693,"date":"2024-07-11T10:09:05","date_gmt":"2024-07-11T10:09:05","guid":{"rendered":"https:\/\/para-pharmacity.tn\/?product=tynor-semelle-de-repos-ch1-2-3"},"modified":"2024-08-16T12:36:28","modified_gmt":"2024-08-16T12:36:28","slug":"tynor-semelle-de-repos-ch1-2-3","status":"publish","type":"product","link":"https:\/\/para-pharmacity.tn\/?product=tynor-semelle-de-repos-ch1-2-3","title":{"rendered":"TYNOR SEMELLE DE REPOS CH1\/2\/3"},"content":{"rendered":"<p><span style=\"color: #000000\">Semelle int\u00e9rieure pleine Silicon est une semelle int\u00e9rieure super confortable avec des zones de relief doux. Il r\u00e9duit les ondes de choc douloureuses et all\u00e8ge la charge aux pieds, aux genoux et \u00e0 la colonne vert\u00e9brale. Anatomiquement con\u00e7u pour un meilleur confort et un meilleur ajustement, il offre une r\u00e9partition uniforme de la pression partout.<\/span><\/p>\n<p><span style=\"color: #000000\">Coefficient d\u2019amortissement \u00e9lev\u00e9<\/span><\/p>\n<p><span style=\"color: #000000\">Longue dur\u00e9e de vie fonctionnelle<\/span><\/p>\n<p><span style=\"color: #000000\">Zones super douces<\/span><\/p>\n<p><span style=\"color: #000000\">Forme anatomique<\/span><\/p>\n","protected":false},"excerpt":{"rendered":"<p>Semelle int\u00e9rieure pleine Silicon est une semelle int\u00e9rieure super confortable avec des zones de relief doux. Il r\u00e9duit les ondes<\/p>\n","protected":false},"featured_media":23551,"comment_status":"open","ping_status":"closed","template":"","meta":[],"product_cat":[20],"product_tag":[],"class_list":{"0":"post-19693","1":"product","2":"type-product","3":"status-publish","4":"has-post-thumbnail","6":"product_cat-accessories","8":"first","9":"instock","10":"shipping-taxable","11":"product-type-simple"},"jetpack_sharing_enabled":true,"_links":{"self":[{"href":"https:\/\/para-pharmacity.tn\/index.php?rest_route=\/wp\/v2\/product\/19693","targetHints":{"allow":["GET"]}}],"collection":[{"href":"https:\/\/para-pharmacity.tn\/index.php?rest_route=\/wp\/v2\/product"}],"about":[{"href":"https:\/\/para-pharmacity.tn\/index.php?rest_route=\/wp\/v2\/types\/product"}],"replies":[{"embeddable":true,"href":"https:\/\/para-pharmacity.tn\/index.php?rest_route=%2Fwp%2Fv2%2Fcomments&post=19693"}],"version-history":[{"count":2,"href":"https:\/\/para-pharmacity.tn\/index.php?rest_route=\/wp\/v2\/product\/19693\/revisions"}],"predecessor-version":[{"id":23548,"href":"https:\/\/para-pharmacity.tn\/index.php?rest_route=\/wp\/v2\/product\/19693\/revisions\/23548"}],"wp:featuredmedia":[{"embeddable":true,"href":"https:\/\/para-pharmacity.tn\/index.php?rest_route=\/wp\/v2\/media\/23551"}],"wp:attachment":[{"href":"https:\/\/para-pharmacity.tn\/index.php?rest_route=%2Fwp%2Fv2%2Fmedia&parent=19693"}],"wp:term":[{"taxonomy":"product_cat","embeddable":true,"href":"https:\/\/para-pharmacity.tn\/index.php?rest_route=%2Fwp%2Fv2%2Fproduct_cat&post=19693"},{"taxonomy":"product_tag","embeddable":true,"href":"https:\/\/para-pharmacity.tn\/index.php?rest_route=%2Fwp%2Fv2%2Fproduct_tag&post=19693"}],"curies":[{"name":"wp","href":"https:\/\/api.w.org\/{rel}","templated":true}]}}