{"id":19691,"date":"2024-07-11T10:09:04","date_gmt":"2024-07-11T10:09:04","guid":{"rendered":"https:\/\/para-pharmacity.tn\/?product=tynor-releveur-de-pied-large"},"modified":"2024-08-16T12:11:29","modified_gmt":"2024-08-16T12:11:29","slug":"tynor-releveur-de-pied-large","status":"publish","type":"product","link":"https:\/\/para-pharmacity.tn\/?product=tynor-releveur-de-pied-large","title":{"rendered":"TYNOR RELEVEUR DE PIED LARGE"},"content":{"rendered":"<p><span style=\"color: #000000\"><strong>TYNOR RELEVEUR DE PIED LARGE <\/strong>est con\u00e7u avec une coque dorsale en polypropyl\u00e8ne avec un ressort \u00e0 lame pour arr\u00eater le mouvement de flexion plantaire et soulever le pied.\u00a0Il soutient et stabilise la cheville et le pied dans toutes les conditions de chute du pied.\u00a0Con\u00e7u pour faciliter le d\u00e9gagement des orteils en phase d\u2019oscillation et pour r\u00e9duire l\u2019impact de la flexion plantaire en position pr\u00e9coce.<\/span><\/p>\n<ul>\n<li><span style=\"color: #000000\">Lev\u00e9e de pied efficace et action du ressort \u00e0 lames<\/span><\/li>\n<li><span style=\"color: #000000\">Peut \u00eatre port\u00e9 avec n\u2019importe quelle chaussure<\/span><\/li>\n<li><span style=\"color: #000000\">Personnalisable<\/span><\/li>\n<li><span style=\"color: #000000\">Parois fines et l\u00e9g\u00e8res<\/span><\/li>\n<\/ul>\n<ul>\n<li><span style=\"color: #000000\">Fabriqu\u00e9 en polypropyl\u00e8ne pour une dur\u00e9e de vie et une durabilit\u00e9 accrues.\u00a0Il a une bonne r\u00e9silience et une forte action de ressort \u00e0 lame, ce qui fournit la pouss\u00e9e requise dans la phase de swing de la marche.\u00a0Peut \u00eatre personnalis\u00e9 \u00e0 l\u2019aide d\u2019un pistolet \u00e0 air chaud.\u00a0La construction mince permet son utilisation \u00e0 l\u2019int\u00e9rieur de la chaussure.<\/span><\/li>\n<li><span style=\"color: #000000\">La forme anatomique assure une bonne r\u00e9partition du poids et maintient le pied en position fonctionnelle de flexion dorsale.<\/span><\/li>\n<li><span style=\"color: #000000\">Le rembourrage sup\u00e9rieur est fait de mousse PE \u00e0 cellules ferm\u00e9es durable, qui est hypoallerg\u00e9nique, sans latex, non toxique et inodore.\u00a0Le coussin de coussin rempli d\u2019air 3D offre le confort et la ventilation requis.<\/span><\/li>\n<\/ul>\n","protected":false},"excerpt":{"rendered":"<p>TYNOR RELEVEUR DE PIED LARGE est con\u00e7u avec une coque dorsale en polypropyl\u00e8ne avec un ressort \u00e0 lame pour arr\u00eater<\/p>\n","protected":false},"featured_media":23539,"comment_status":"open","ping_status":"closed","template":"","meta":[],"product_cat":[20],"product_tag":[],"class_list":{"0":"post-19691","1":"product","2":"type-product","3":"status-publish","4":"has-post-thumbnail","6":"product_cat-accessories","8":"first","9":"instock","10":"shipping-taxable","11":"product-type-simple"},"jetpack_sharing_enabled":true,"_links":{"self":[{"href":"https:\/\/para-pharmacity.tn\/index.php?rest_route=\/wp\/v2\/product\/19691","targetHints":{"allow":["GET"]}}],"collection":[{"href":"https:\/\/para-pharmacity.tn\/index.php?rest_route=\/wp\/v2\/product"}],"about":[{"href":"https:\/\/para-pharmacity.tn\/index.php?rest_route=\/wp\/v2\/types\/product"}],"replies":[{"embeddable":true,"href":"https:\/\/para-pharmacity.tn\/index.php?rest_route=%2Fwp%2Fv2%2Fcomments&post=19691"}],"version-history":[{"count":3,"href":"https:\/\/para-pharmacity.tn\/index.php?rest_route=\/wp\/v2\/product\/19691\/revisions"}],"predecessor-version":[{"id":23543,"href":"https:\/\/para-pharmacity.tn\/index.php?rest_route=\/wp\/v2\/product\/19691\/revisions\/23543"}],"wp:featuredmedia":[{"embeddable":true,"href":"https:\/\/para-pharmacity.tn\/index.php?rest_route=\/wp\/v2\/media\/23539"}],"wp:attachment":[{"href":"https:\/\/para-pharmacity.tn\/index.php?rest_route=%2Fwp%2Fv2%2Fmedia&parent=19691"}],"wp:term":[{"taxonomy":"product_cat","embeddable":true,"href":"https:\/\/para-pharmacity.tn\/index.php?rest_route=%2Fwp%2Fv2%2Fproduct_cat&post=19691"},{"taxonomy":"product_tag","embeddable":true,"href":"https:\/\/para-pharmacity.tn\/index.php?rest_route=%2Fwp%2Fv2%2Fproduct_tag&post=19691"}],"curies":[{"name":"wp","href":"https:\/\/api.w.org\/{rel}","templated":true}]}}