{"id":19690,"date":"2024-07-11T10:09:04","date_gmt":"2024-07-11T10:09:04","guid":{"rendered":"https:\/\/para-pharmacity.tn\/?product=tynor-protege-platre-universel-jamb"},"modified":"2024-08-16T12:00:13","modified_gmt":"2024-08-16T12:00:13","slug":"tynor-protege-platre-universel-jamb","status":"publish","type":"product","link":"https:\/\/para-pharmacity.tn\/?product=tynor-protege-platre-universel-jamb","title":{"rendered":"TYNOR PROTEGE PLATRE UNIVERSEL JAMB"},"content":{"rendered":"<p><span style=\"color: #000000\"><strong>Prot\u00e8ge Pl\u00e2tre pour Jambe<\/strong>\u00a0 est un protecteur g\u00e9n\u00e9rique de pl\u00e2tre \/ bandage \/ plaie, con\u00e7u pour fournir une couverture \u00e9tanche \u00e0 l\u2019eau du pl\u00e2tre \/ pansement \/ plaie et le garder au sec pendant la douche ou la pluie.\u00a0Il est r\u00e9utilisable.<\/span><\/p>\n<ul>\n<li><span style=\"color: #000000\">Joint d\u2019eau automatique<\/span><\/li>\n<li><span style=\"color: #000000\">Application facile \u00e0 tirer.<\/span><\/li>\n<li><span style=\"color: #000000\">Pas de n\u0153uds, pas de liens.<\/span><\/li>\n<li><span style=\"color: #000000\">Conception anatomique, mouvements libres des mains ou des pieds<\/span><\/li>\n<\/ul>\n<ul>\n<li><span style=\"color: #000000\">Le diaphragme en caoutchouc est extensible pour s\u2019adapter \u00e0 n\u2019importe quelle taille de jambe \/ pl\u00e2tre, forme un joint \u00e9tanche \u00e0 l\u2019eau autour de la jambe.\u00a0L\u2019application simple et facile \u00e0 tirer est conviviale, il n\u2019est pas n\u00e9cessaire de fixer des bandes ou des sangles.<\/span><\/li>\n<li><span style=\"color: #000000\">L\u2019anneau rigide maintient le diaphragme et offre un m\u00e9canisme d\u2019auto-\u00e9tanch\u00e9it\u00e9.\u00a0Il est facile \u00e0 nettoyer \u00e0 entretenir, \u00e0 porter et \u00e0 enlever.<\/span><\/li>\n<li><span style=\"color: #000000\">Le corps flexible transparent est non poreux, \u00e9tanche \u00e0 l\u2019eau, doux, flexible, l\u00e9ger et durable avec une esth\u00e9tique agr\u00e9able.\u00a0Il abrite confortablement la jambe \/ pl\u00e2tre.<\/span><\/li>\n<\/ul>\n","protected":false},"excerpt":{"rendered":"<p>Prot\u00e8ge Pl\u00e2tre pour Jambe\u00a0 est un protecteur g\u00e9n\u00e9rique de pl\u00e2tre \/ bandage \/ plaie, con\u00e7u pour fournir une couverture \u00e9tanche<\/p>\n","protected":false},"featured_media":23530,"comment_status":"open","ping_status":"closed","template":"","meta":[],"product_cat":[20],"product_tag":[],"class_list":{"0":"post-19690","1":"product","2":"type-product","3":"status-publish","4":"has-post-thumbnail","6":"product_cat-accessories","8":"first","9":"instock","10":"shipping-taxable","11":"product-type-simple"},"jetpack_sharing_enabled":true,"_links":{"self":[{"href":"https:\/\/para-pharmacity.tn\/index.php?rest_route=\/wp\/v2\/product\/19690","targetHints":{"allow":["GET"]}}],"collection":[{"href":"https:\/\/para-pharmacity.tn\/index.php?rest_route=\/wp\/v2\/product"}],"about":[{"href":"https:\/\/para-pharmacity.tn\/index.php?rest_route=\/wp\/v2\/types\/product"}],"replies":[{"embeddable":true,"href":"https:\/\/para-pharmacity.tn\/index.php?rest_route=%2Fwp%2Fv2%2Fcomments&post=19690"}],"version-history":[{"count":2,"href":"https:\/\/para-pharmacity.tn\/index.php?rest_route=\/wp\/v2\/product\/19690\/revisions"}],"predecessor-version":[{"id":23529,"href":"https:\/\/para-pharmacity.tn\/index.php?rest_route=\/wp\/v2\/product\/19690\/revisions\/23529"}],"wp:featuredmedia":[{"embeddable":true,"href":"https:\/\/para-pharmacity.tn\/index.php?rest_route=\/wp\/v2\/media\/23530"}],"wp:attachment":[{"href":"https:\/\/para-pharmacity.tn\/index.php?rest_route=%2Fwp%2Fv2%2Fmedia&parent=19690"}],"wp:term":[{"taxonomy":"product_cat","embeddable":true,"href":"https:\/\/para-pharmacity.tn\/index.php?rest_route=%2Fwp%2Fv2%2Fproduct_cat&post=19690"},{"taxonomy":"product_tag","embeddable":true,"href":"https:\/\/para-pharmacity.tn\/index.php?rest_route=%2Fwp%2Fv2%2Fproduct_tag&post=19690"}],"curies":[{"name":"wp","href":"https:\/\/api.w.org\/{rel}","templated":true}]}}