{"id":19689,"date":"2024-07-11T10:09:03","date_gmt":"2024-07-11T10:09:03","guid":{"rendered":"https:\/\/para-pharmacity.tn\/?product=tynor-poignet-simple-l"},"modified":"2024-08-16T11:50:01","modified_gmt":"2024-08-16T11:50:01","slug":"tynor-poignet-simple-l","status":"publish","type":"product","link":"https:\/\/para-pharmacity.tn\/?product=tynor-poignet-simple-l","title":{"rendered":"TYNOR POIGNET SIMPLE L"},"content":{"rendered":"<p><span style=\"color: #000000\">Le Poignet Simple TYNOR prot\u00e8ge et immobilise partiellement le poignet. Il exerce une compression sur la zone tout en retenant la chaleur corporelle pour apaiser la douleur et r\u00e9duire l&rsquo;inflammation locale.<\/span><\/p>\n<p><span style=\"color: #000000\">Caract\u00e9ristiques :<\/span><\/p>\n<p><span style=\"color: #000000\">&#8211; Adh\u00e9rence suppl\u00e9mentaire.<\/span><\/p>\n<p><span style=\"color: #000000\">&#8211; Extra poreux.<\/span><\/p>\n<p><span style=\"color: #000000\">&#8211; Application facile.<\/span><\/p>\n<p><span style=\"color: #000000\">&#8211; Compression contr\u00f4l\u00e9e.<\/span><\/p>\n<p><span style=\"color: #000000\">La sangle \u00e9lastique ray\u00e9e de haute qualit\u00e9 est robuste et durable, avec une porosit\u00e9 \u00e9lev\u00e9e et une excellente r\u00e9sistance \u00e0 la compression. Elle offre un toucher et une sensation confortables, tout en conservant sa forme et sa taille pendant une longue p\u00e9riode. Les fermetures \u00e0 boucle de crochet permettent une compression personnalis\u00e9e et optimale, assurant un meilleur ajustement, un dimensionnement universel, ainsi qu&rsquo;une application et un retrait faciles.<\/span><\/p>\n","protected":false},"excerpt":{"rendered":"<p>Le Poignet Simple TYNOR prot\u00e8ge et immobilise partiellement le poignet. Il exerce une compression sur la zone tout en retenant<\/p>\n","protected":false},"featured_media":23525,"comment_status":"open","ping_status":"closed","template":"","meta":[],"product_cat":[20],"product_tag":[],"class_list":{"0":"post-19689","1":"product","2":"type-product","3":"status-publish","4":"has-post-thumbnail","6":"product_cat-accessories","8":"first","9":"instock","10":"shipping-taxable","11":"product-type-simple"},"jetpack_sharing_enabled":true,"_links":{"self":[{"href":"https:\/\/para-pharmacity.tn\/index.php?rest_route=\/wp\/v2\/product\/19689","targetHints":{"allow":["GET"]}}],"collection":[{"href":"https:\/\/para-pharmacity.tn\/index.php?rest_route=\/wp\/v2\/product"}],"about":[{"href":"https:\/\/para-pharmacity.tn\/index.php?rest_route=\/wp\/v2\/types\/product"}],"replies":[{"embeddable":true,"href":"https:\/\/para-pharmacity.tn\/index.php?rest_route=%2Fwp%2Fv2%2Fcomments&post=19689"}],"version-history":[{"count":2,"href":"https:\/\/para-pharmacity.tn\/index.php?rest_route=\/wp\/v2\/product\/19689\/revisions"}],"predecessor-version":[{"id":23522,"href":"https:\/\/para-pharmacity.tn\/index.php?rest_route=\/wp\/v2\/product\/19689\/revisions\/23522"}],"wp:featuredmedia":[{"embeddable":true,"href":"https:\/\/para-pharmacity.tn\/index.php?rest_route=\/wp\/v2\/media\/23525"}],"wp:attachment":[{"href":"https:\/\/para-pharmacity.tn\/index.php?rest_route=%2Fwp%2Fv2%2Fmedia&parent=19689"}],"wp:term":[{"taxonomy":"product_cat","embeddable":true,"href":"https:\/\/para-pharmacity.tn\/index.php?rest_route=%2Fwp%2Fv2%2Fproduct_cat&post=19689"},{"taxonomy":"product_tag","embeddable":true,"href":"https:\/\/para-pharmacity.tn\/index.php?rest_route=%2Fwp%2Fv2%2Fproduct_tag&post=19689"}],"curies":[{"name":"wp","href":"https:\/\/api.w.org\/{rel}","templated":true}]}}