{"id":19688,"date":"2024-07-11T10:09:03","date_gmt":"2024-07-11T10:09:03","guid":{"rendered":"https:\/\/para-pharmacity.tn\/?product=tynor-poignet-neoprene-standard"},"modified":"2024-08-16T11:41:07","modified_gmt":"2024-08-16T11:41:07","slug":"tynor-poignet-neoprene-standard","status":"publish","type":"product","link":"https:\/\/para-pharmacity.tn\/?product=tynor-poignet-neoprene-standard","title":{"rendered":"TYNOR POIGNET NEOPRENE STANDARD"},"content":{"rendered":"<p><span style=\"color: #000000\">Le Wrist Wrap (N\u00e9opr\u00e8ne) est sp\u00e9cialement con\u00e7u pour apporter un soutien partiel, une protection et une immobilisation au poignet. En comprimant la zone et retenant la chaleur corporelle, il contribue \u00e0 att\u00e9nuer la douleur et l&rsquo;inflammation locales. Dot\u00e9 d&rsquo;une adh\u00e9rence suppl\u00e9mentaire et d&rsquo;un syst\u00e8me de fermeture polyvalent, il offre une chaleur th\u00e9rapeutique optimale et une compression \u00e0 quatre voies.<\/span><\/p>\n<p><span style=\"color: #000000\">Fabriqu\u00e9 \u00e0 partir de tissu de nylon li\u00e9 au n\u00e9opr\u00e8ne, extensible dans quatre directions, il assure une compression optimale, un confort accru, une adh\u00e9rence fiable et une durabilit\u00e9 renforc\u00e9e. Son esth\u00e9tique attrayante avec une solidit\u00e9 des couleurs garantit un produit visuellement agr\u00e9able.<\/span><\/p>\n<p><span style=\"color: #000000\">Retenant la chaleur corporelle pour un soulagement de la douleur et une gu\u00e9rison plus rapide, son design enveloppant et le tissu UBL offrent un syst\u00e8me de fermeture polyvalent, assurant un port et un retrait ais\u00e9s. Ceci permet une compression personnalis\u00e9e, une adh\u00e9rence am\u00e9lior\u00e9e, une flexibilit\u00e9 de dimensionnement accrue, un ajustement optimal, un maintien renforc\u00e9 et une stabilisation efficace du poignet.<\/span><\/p>\n","protected":false},"excerpt":{"rendered":"<p>Le Wrist Wrap (N\u00e9opr\u00e8ne) est sp\u00e9cialement con\u00e7u pour apporter un soutien partiel, une protection et une immobilisation au poignet. En<\/p>\n","protected":false},"featured_media":23519,"comment_status":"open","ping_status":"closed","template":"","meta":[],"product_cat":[20],"product_tag":[],"class_list":{"0":"post-19688","1":"product","2":"type-product","3":"status-publish","4":"has-post-thumbnail","6":"product_cat-accessories","8":"first","9":"instock","10":"shipping-taxable","11":"product-type-simple"},"jetpack_sharing_enabled":true,"_links":{"self":[{"href":"https:\/\/para-pharmacity.tn\/index.php?rest_route=\/wp\/v2\/product\/19688","targetHints":{"allow":["GET"]}}],"collection":[{"href":"https:\/\/para-pharmacity.tn\/index.php?rest_route=\/wp\/v2\/product"}],"about":[{"href":"https:\/\/para-pharmacity.tn\/index.php?rest_route=\/wp\/v2\/types\/product"}],"replies":[{"embeddable":true,"href":"https:\/\/para-pharmacity.tn\/index.php?rest_route=%2Fwp%2Fv2%2Fcomments&post=19688"}],"version-history":[{"count":2,"href":"https:\/\/para-pharmacity.tn\/index.php?rest_route=\/wp\/v2\/product\/19688\/revisions"}],"predecessor-version":[{"id":23518,"href":"https:\/\/para-pharmacity.tn\/index.php?rest_route=\/wp\/v2\/product\/19688\/revisions\/23518"}],"wp:featuredmedia":[{"embeddable":true,"href":"https:\/\/para-pharmacity.tn\/index.php?rest_route=\/wp\/v2\/media\/23519"}],"wp:attachment":[{"href":"https:\/\/para-pharmacity.tn\/index.php?rest_route=%2Fwp%2Fv2%2Fmedia&parent=19688"}],"wp:term":[{"taxonomy":"product_cat","embeddable":true,"href":"https:\/\/para-pharmacity.tn\/index.php?rest_route=%2Fwp%2Fv2%2Fproduct_cat&post=19688"},{"taxonomy":"product_tag","embeddable":true,"href":"https:\/\/para-pharmacity.tn\/index.php?rest_route=%2Fwp%2Fv2%2Fproduct_tag&post=19688"}],"curies":[{"name":"wp","href":"https:\/\/api.w.org\/{rel}","templated":true}]}}