{"id":19687,"date":"2024-07-11T10:09:03","date_gmt":"2024-07-11T10:09:03","guid":{"rendered":"https:\/\/para-pharmacity.tn\/?product=tynor-oreiller-anatomique-confort"},"modified":"2024-08-16T11:32:32","modified_gmt":"2024-08-16T11:32:32","slug":"tynor-oreiller-anatomique-confort","status":"publish","type":"product","link":"https:\/\/para-pharmacity.tn\/?product=tynor-oreiller-anatomique-confort","title":{"rendered":"TYNOR OREILLER ANATOMIQUE CONFORT"},"content":{"rendered":"<p><span style=\"color: #000000\"><strong>OREILLER ANATOMIQUE CONFORT<\/strong> est con\u00e7u pour maintenir le cou en position l\u00e9g\u00e8rement d\u2019hyperextension la nuit pour contrer la tension musculaire g\u00e9n\u00e9r\u00e9e le jour o\u00f9 nous avons tendance \u00e0 garder le cou en position de flexion. Il gu\u00e9rit les probl\u00e8mes cervicaux pendant que vous dormez.<\/span><\/p>\n<p>&nbsp;<\/p>\n<p><span style=\"color: #000000\">Double contour<\/span><\/p>\n<p><span style=\"color: #000000\">Conception anatomique<\/span><\/p>\n<p><span style=\"color: #000000\">Longue dur\u00e9e de vie fonctionnelle<\/span><\/p>\n<p><span style=\"color: #000000\">Un confort accru<\/span><\/p>\n<p><span style=\"color: #000000\">De forme anatomique, moul\u00e9 \u00e0 partir de mousse PU avec une densit\u00e9 optimale, fournit un soutien efficace au cou. Il a une conception scientifique, maintient le cou en l\u00e9g\u00e8re hyperextension et procure une relaxation musculaire. Il a une longue dur\u00e9e de vie fonctionnelle et une bonne r\u00e9silience.<\/span><\/p>\n<p><span style=\"color: #000000\">De conception ergonomique, il est extr\u00eamement confortable avec des contours tr\u00e8s lisses. Il a deux hauteurs diff\u00e9rentes sur deux c\u00f4t\u00e9s diff\u00e9rents pour accueillir des cous courts et longs.<\/span><\/p>\n<p><span style=\"color: #000000\">Recouvert d\u2019un tissu doux, offre un toucher agr\u00e9able, une sensation et un look moelleux. Il est amovible et lavable<\/span><\/p>\n","protected":false},"excerpt":{"rendered":"<p>OREILLER ANATOMIQUE CONFORT est con\u00e7u pour maintenir le cou en position l\u00e9g\u00e8rement d\u2019hyperextension la nuit pour contrer la tension musculaire<\/p>\n","protected":false},"featured_media":23509,"comment_status":"open","ping_status":"closed","template":"","meta":[],"product_cat":[20],"product_tag":[],"class_list":{"0":"post-19687","1":"product","2":"type-product","3":"status-publish","4":"has-post-thumbnail","6":"product_cat-accessories","8":"first","9":"instock","10":"shipping-taxable","11":"product-type-simple"},"jetpack_sharing_enabled":true,"_links":{"self":[{"href":"https:\/\/para-pharmacity.tn\/index.php?rest_route=\/wp\/v2\/product\/19687","targetHints":{"allow":["GET"]}}],"collection":[{"href":"https:\/\/para-pharmacity.tn\/index.php?rest_route=\/wp\/v2\/product"}],"about":[{"href":"https:\/\/para-pharmacity.tn\/index.php?rest_route=\/wp\/v2\/types\/product"}],"replies":[{"embeddable":true,"href":"https:\/\/para-pharmacity.tn\/index.php?rest_route=%2Fwp%2Fv2%2Fcomments&post=19687"}],"version-history":[{"count":2,"href":"https:\/\/para-pharmacity.tn\/index.php?rest_route=\/wp\/v2\/product\/19687\/revisions"}],"predecessor-version":[{"id":23512,"href":"https:\/\/para-pharmacity.tn\/index.php?rest_route=\/wp\/v2\/product\/19687\/revisions\/23512"}],"wp:featuredmedia":[{"embeddable":true,"href":"https:\/\/para-pharmacity.tn\/index.php?rest_route=\/wp\/v2\/media\/23509"}],"wp:attachment":[{"href":"https:\/\/para-pharmacity.tn\/index.php?rest_route=%2Fwp%2Fv2%2Fmedia&parent=19687"}],"wp:term":[{"taxonomy":"product_cat","embeddable":true,"href":"https:\/\/para-pharmacity.tn\/index.php?rest_route=%2Fwp%2Fv2%2Fproduct_cat&post=19687"},{"taxonomy":"product_tag","embeddable":true,"href":"https:\/\/para-pharmacity.tn\/index.php?rest_route=%2Fwp%2Fv2%2Fproduct_tag&post=19687"}],"curies":[{"name":"wp","href":"https:\/\/api.w.org\/{rel}","templated":true}]}}