{"id":19686,"date":"2024-07-11T10:09:02","date_gmt":"2024-07-11T10:09:02","guid":{"rendered":"https:\/\/para-pharmacity.tn\/?product=tynor-oreiller-anatomique"},"modified":"2024-08-16T11:20:13","modified_gmt":"2024-08-16T11:20:13","slug":"tynor-oreiller-anatomique","status":"publish","type":"product","link":"https:\/\/para-pharmacity.tn\/?product=tynor-oreiller-anatomique","title":{"rendered":"TYNOR OREILLER ANATOMIQUE"},"content":{"rendered":"<ul class=\"a-unordered-list a-vertical a-spacing-none\">\n<li>\n<p class=\"PCss\"><span style=\"color: #000000\">L\u2019oreiller cervical Tynor\u00a0est con\u00e7u pour maintenir le cou dans la position l\u00e9g\u00e8rement d\u2019hyperextension la nuit pour contrer le stress et la tension du jour o\u00f9 nous avons tendance \u00e0 garder le cou dans la position oppos\u00e9e de \u00abflexion\u00bb.\u00a0Il gu\u00e9rit les probl\u00e8mes cervicaux pendant que vous dormez.<\/span><\/p>\n<p class=\"PCss\"><span style=\"color: #000000\">\u2013\u00a0Forme anatomique.<\/span><\/p>\n<p class=\"PCss\"><span style=\"color: #000000\">\u2013\u00a0Conception scientifique.<\/span><\/p>\n<p class=\"PCss\"><span style=\"color: #000000\">\u2013\u00a0Sensation douce et coussin\u00e9e<\/span><\/p>\n<p class=\"PCss\"><span style=\"color: #000000\">\u2013\u00a0Peluche.<\/span><\/p>\n<p class=\"PCss\"><span style=\"color: #000000\">\u2013\u00a0Mousse PU haute densit\u00e9 durable<\/span><\/p>\n<p class=\"PCss\"><span style=\"color: #000000\">Traits-<\/span><\/p>\n<p class=\"PCss\"><span style=\"color: #000000\">1.\u00a0Forme anatomique, moul\u00e9e en mousse PU avec une densit\u00e9 optimale, fournit un soutien efficace au cou.\u00a0Il a une longue dur\u00e9e de vie fonctionnelle et une bonne r\u00e9silience.<\/span><\/p>\n<p class=\"PCss\"><span style=\"color: #000000\">2.\u00a0Il a une conception scientifique, maintient le cou en l\u00e9g\u00e8re hyper extension et procure une relaxation musculaire.<\/span><\/p>\n<p class=\"PCss\"><span style=\"color: #000000\">3.\u00a0Recouvert d\u2019un tissu doux, offre un toucher agr\u00e9able, une sensation et un aspect agr\u00e9able.\u00a0Il est amovible et lavable.<\/span><\/p>\n<\/li>\n<\/ul>\n","protected":false},"excerpt":{"rendered":"<p>L\u2019oreiller cervical Tynor\u00a0est con\u00e7u pour maintenir le cou dans la position l\u00e9g\u00e8rement d\u2019hyperextension la nuit pour contrer le stress et<\/p>\n","protected":false},"featured_media":23508,"comment_status":"open","ping_status":"closed","template":"","meta":[],"product_cat":[20],"product_tag":[],"class_list":{"0":"post-19686","1":"product","2":"type-product","3":"status-publish","4":"has-post-thumbnail","6":"product_cat-accessories","8":"first","9":"instock","10":"shipping-taxable","11":"product-type-simple"},"jetpack_sharing_enabled":true,"_links":{"self":[{"href":"https:\/\/para-pharmacity.tn\/index.php?rest_route=\/wp\/v2\/product\/19686","targetHints":{"allow":["GET"]}}],"collection":[{"href":"https:\/\/para-pharmacity.tn\/index.php?rest_route=\/wp\/v2\/product"}],"about":[{"href":"https:\/\/para-pharmacity.tn\/index.php?rest_route=\/wp\/v2\/types\/product"}],"replies":[{"embeddable":true,"href":"https:\/\/para-pharmacity.tn\/index.php?rest_route=%2Fwp%2Fv2%2Fcomments&post=19686"}],"version-history":[{"count":2,"href":"https:\/\/para-pharmacity.tn\/index.php?rest_route=\/wp\/v2\/product\/19686\/revisions"}],"predecessor-version":[{"id":23505,"href":"https:\/\/para-pharmacity.tn\/index.php?rest_route=\/wp\/v2\/product\/19686\/revisions\/23505"}],"wp:featuredmedia":[{"embeddable":true,"href":"https:\/\/para-pharmacity.tn\/index.php?rest_route=\/wp\/v2\/media\/23508"}],"wp:attachment":[{"href":"https:\/\/para-pharmacity.tn\/index.php?rest_route=%2Fwp%2Fv2%2Fmedia&parent=19686"}],"wp:term":[{"taxonomy":"product_cat","embeddable":true,"href":"https:\/\/para-pharmacity.tn\/index.php?rest_route=%2Fwp%2Fv2%2Fproduct_cat&post=19686"},{"taxonomy":"product_tag","embeddable":true,"href":"https:\/\/para-pharmacity.tn\/index.php?rest_route=%2Fwp%2Fv2%2Fproduct_tag&post=19686"}],"curies":[{"name":"wp","href":"https:\/\/api.w.org\/{rel}","templated":true}]}}