{"id":19683,"date":"2024-07-11T10:09:01","date_gmt":"2024-07-11T10:09:01","guid":{"rendered":"https:\/\/para-pharmacity.tn\/?product=tynor-kit-de-traction-de-jambe-l"},"modified":"2024-08-16T10:48:56","modified_gmt":"2024-08-16T10:48:56","slug":"tynor-kit-de-traction-de-jambe-l","status":"publish","type":"product","link":"https:\/\/para-pharmacity.tn\/?product=tynor-kit-de-traction-de-jambe-l","title":{"rendered":"TYNOR KIT DE TRACTION DE JAMBE L"},"content":{"rendered":"<p><span style=\"color: #000000\">Skin traction Set (PUF liner) est une version modifi\u00e9e de l\u2019extension de Buck. Il est utilis\u00e9 pour fournir une traction indirecte aux extr\u00e9mit\u00e9s. Skin Traction Set pack se compose de\u00a0: Mousse Liner\u00a0: Fabriqu\u00e9 \u00e0 partir de tissu extra poreux et haute densit\u00e9 de mousse de polyur\u00e9thane. Spreader Block\u00a0: Fabriqu\u00e9 en A.B. S. Il facilite l\u2019extension uniforme des doublures et les \u00e9tale pour \u00e9viter tout contact avec la cheville pour une traction sans friction. Rouleau de compression \u00e9lastique\u00a0: Rouleau de coton de haute qualit\u00e9 avec des bords rapides et un haut degr\u00e9 d\u2019\u00e9lasticit\u00e9. Cordon de traction\u00a0: Fabriqu\u00e9 \u00e0 partir de fibres fines tiss\u00e9es pour lui donner une finition lisse et moins frictionnelle.<\/span><\/p>\n","protected":false},"excerpt":{"rendered":"<p>Skin traction Set (PUF liner) est une version modifi\u00e9e de l\u2019extension de Buck. Il est utilis\u00e9 pour fournir une traction<\/p>\n","protected":false},"featured_media":23492,"comment_status":"open","ping_status":"closed","template":"","meta":[],"product_cat":[20],"product_tag":[],"class_list":{"0":"post-19683","1":"product","2":"type-product","3":"status-publish","4":"has-post-thumbnail","6":"product_cat-accessories","8":"first","9":"instock","10":"shipping-taxable","11":"product-type-simple"},"jetpack_sharing_enabled":true,"_links":{"self":[{"href":"https:\/\/para-pharmacity.tn\/index.php?rest_route=\/wp\/v2\/product\/19683","targetHints":{"allow":["GET"]}}],"collection":[{"href":"https:\/\/para-pharmacity.tn\/index.php?rest_route=\/wp\/v2\/product"}],"about":[{"href":"https:\/\/para-pharmacity.tn\/index.php?rest_route=\/wp\/v2\/types\/product"}],"replies":[{"embeddable":true,"href":"https:\/\/para-pharmacity.tn\/index.php?rest_route=%2Fwp%2Fv2%2Fcomments&post=19683"}],"version-history":[{"count":2,"href":"https:\/\/para-pharmacity.tn\/index.php?rest_route=\/wp\/v2\/product\/19683\/revisions"}],"predecessor-version":[{"id":23491,"href":"https:\/\/para-pharmacity.tn\/index.php?rest_route=\/wp\/v2\/product\/19683\/revisions\/23491"}],"wp:featuredmedia":[{"embeddable":true,"href":"https:\/\/para-pharmacity.tn\/index.php?rest_route=\/wp\/v2\/media\/23492"}],"wp:attachment":[{"href":"https:\/\/para-pharmacity.tn\/index.php?rest_route=%2Fwp%2Fv2%2Fmedia&parent=19683"}],"wp:term":[{"taxonomy":"product_cat","embeddable":true,"href":"https:\/\/para-pharmacity.tn\/index.php?rest_route=%2Fwp%2Fv2%2Fproduct_cat&post=19683"},{"taxonomy":"product_tag","embeddable":true,"href":"https:\/\/para-pharmacity.tn\/index.php?rest_route=%2Fwp%2Fv2%2Fproduct_tag&post=19683"}],"curies":[{"name":"wp","href":"https:\/\/api.w.org\/{rel}","templated":true}]}}