{"id":19682,"date":"2024-07-11T10:09:01","date_gmt":"2024-07-11T10:09:01","guid":{"rendered":"https:\/\/para-pharmacity.tn\/?product=tynor-kit-de-traction-cervicale-adulte"},"modified":"2024-08-16T10:40:00","modified_gmt":"2024-08-16T10:40:00","slug":"tynor-kit-de-traction-cervicale-adulte","status":"publish","type":"product","link":"https:\/\/para-pharmacity.tn\/?product=tynor-kit-de-traction-cervicale-adulte","title":{"rendered":"TYNOR KIT DE TRACTION CERVICALE ADULTE"},"content":{"rendered":"<p><span style=\"color: #000000\">Le kit de traction cervicale Tynor (sommeil) avec sac de pes\u00e9e est un appareil complet con\u00e7u pour fournir une traction aux vert\u00e8bres cervicales et dorsales sup\u00e9rieures. Il soulage la pression en \u00e9tirant les composants musculaires et du tissu conjonctif de la colonne cervicale. Il \u00e9largit l\u2019espace intervert\u00e9bral et soulage la pression sur les corps vert\u00e9braux ant\u00e9rieurs. Il offre la commodit\u00e9 de la th\u00e9rapie par traction \u00e0 la maison. Le kit de traction cervicale comprend les \u00e9l\u00e9ments suivants\u00a0:- Support de poulie de traction, Halter de t\u00eate de traction cervicale, Barre d\u2019\u00e9cartement de traction cervicale, Cordon de traction 5 pi., Sac de poids de traction.<\/span><\/p>\n<p>&nbsp;<\/p>\n","protected":false},"excerpt":{"rendered":"<p>Le kit de traction cervicale Tynor (sommeil) avec sac de pes\u00e9e est un appareil complet con\u00e7u pour fournir une traction<\/p>\n","protected":false},"featured_media":23487,"comment_status":"open","ping_status":"closed","template":"","meta":[],"product_cat":[20],"product_tag":[],"class_list":{"0":"post-19682","1":"product","2":"type-product","3":"status-publish","4":"has-post-thumbnail","6":"product_cat-accessories","8":"first","9":"instock","10":"shipping-taxable","11":"product-type-simple"},"jetpack_sharing_enabled":true,"_links":{"self":[{"href":"https:\/\/para-pharmacity.tn\/index.php?rest_route=\/wp\/v2\/product\/19682","targetHints":{"allow":["GET"]}}],"collection":[{"href":"https:\/\/para-pharmacity.tn\/index.php?rest_route=\/wp\/v2\/product"}],"about":[{"href":"https:\/\/para-pharmacity.tn\/index.php?rest_route=\/wp\/v2\/types\/product"}],"replies":[{"embeddable":true,"href":"https:\/\/para-pharmacity.tn\/index.php?rest_route=%2Fwp%2Fv2%2Fcomments&post=19682"}],"version-history":[{"count":2,"href":"https:\/\/para-pharmacity.tn\/index.php?rest_route=\/wp\/v2\/product\/19682\/revisions"}],"predecessor-version":[{"id":23490,"href":"https:\/\/para-pharmacity.tn\/index.php?rest_route=\/wp\/v2\/product\/19682\/revisions\/23490"}],"wp:featuredmedia":[{"embeddable":true,"href":"https:\/\/para-pharmacity.tn\/index.php?rest_route=\/wp\/v2\/media\/23487"}],"wp:attachment":[{"href":"https:\/\/para-pharmacity.tn\/index.php?rest_route=%2Fwp%2Fv2%2Fmedia&parent=19682"}],"wp:term":[{"taxonomy":"product_cat","embeddable":true,"href":"https:\/\/para-pharmacity.tn\/index.php?rest_route=%2Fwp%2Fv2%2Fproduct_cat&post=19682"},{"taxonomy":"product_tag","embeddable":true,"href":"https:\/\/para-pharmacity.tn\/index.php?rest_route=%2Fwp%2Fv2%2Fproduct_tag&post=19682"}],"curies":[{"name":"wp","href":"https:\/\/api.w.org\/{rel}","templated":true}]}}