{"id":19681,"date":"2024-07-11T10:08:59","date_gmt":"2024-07-11T10:08:59","guid":{"rendered":"https:\/\/para-pharmacity.tn\/?product=tynor-genoulliere-ligamentaire-ar-f-2"},"modified":"2024-08-16T10:20:25","modified_gmt":"2024-08-16T10:20:25","slug":"tynor-genoulliere-ligamentaire-ar-f-2","status":"publish","type":"product","link":"https:\/\/para-pharmacity.tn\/?product=tynor-genoulliere-ligamentaire-ar-f-2","title":{"rendered":"TYNOR GENOULLIERE LIGAMENTAIRE AR F"},"content":{"rendered":"<p><span style=\"color: #000000\">Une genouill\u00e8re \u00e9lastique Tynor est une genouill\u00e8re polyvalente qui offre l\u2019avantage d\u2019un d\u00e9chargement du genou, d\u2019une immobilisation lat\u00e9rale et d\u2019une compression contr\u00f4l\u00e9e autour du genou ainsi que d\u2019un soutien lat\u00e9ral.<\/span><\/p>\n<p><span style=\"color: #000000\"> De plus, il est con\u00e7u pour permettre une flexion normale du genou et un mouvement libre de l\u2019articulation.<\/span><\/p>\n","protected":false},"excerpt":{"rendered":"<p>Une genouill\u00e8re \u00e9lastique Tynor est une genouill\u00e8re polyvalente qui offre l\u2019avantage d\u2019un d\u00e9chargement du genou, d\u2019une immobilisation lat\u00e9rale et d\u2019une<\/p>\n","protected":false},"featured_media":23484,"comment_status":"open","ping_status":"closed","template":"","meta":[],"product_cat":[20],"product_tag":[],"class_list":{"0":"post-19681","1":"product","2":"type-product","3":"status-publish","4":"has-post-thumbnail","6":"product_cat-accessories","8":"first","9":"instock","10":"shipping-taxable","11":"product-type-simple"},"jetpack_sharing_enabled":true,"_links":{"self":[{"href":"https:\/\/para-pharmacity.tn\/index.php?rest_route=\/wp\/v2\/product\/19681","targetHints":{"allow":["GET"]}}],"collection":[{"href":"https:\/\/para-pharmacity.tn\/index.php?rest_route=\/wp\/v2\/product"}],"about":[{"href":"https:\/\/para-pharmacity.tn\/index.php?rest_route=\/wp\/v2\/types\/product"}],"replies":[{"embeddable":true,"href":"https:\/\/para-pharmacity.tn\/index.php?rest_route=%2Fwp%2Fv2%2Fcomments&post=19681"}],"version-history":[{"count":2,"href":"https:\/\/para-pharmacity.tn\/index.php?rest_route=\/wp\/v2\/product\/19681\/revisions"}],"predecessor-version":[{"id":23485,"href":"https:\/\/para-pharmacity.tn\/index.php?rest_route=\/wp\/v2\/product\/19681\/revisions\/23485"}],"wp:featuredmedia":[{"embeddable":true,"href":"https:\/\/para-pharmacity.tn\/index.php?rest_route=\/wp\/v2\/media\/23484"}],"wp:attachment":[{"href":"https:\/\/para-pharmacity.tn\/index.php?rest_route=%2Fwp%2Fv2%2Fmedia&parent=19681"}],"wp:term":[{"taxonomy":"product_cat","embeddable":true,"href":"https:\/\/para-pharmacity.tn\/index.php?rest_route=%2Fwp%2Fv2%2Fproduct_cat&post=19681"},{"taxonomy":"product_tag","embeddable":true,"href":"https:\/\/para-pharmacity.tn\/index.php?rest_route=%2Fwp%2Fv2%2Fproduct_tag&post=19681"}],"curies":[{"name":"wp","href":"https:\/\/api.w.org\/{rel}","templated":true}]}}