{"id":19680,"date":"2024-07-11T10:08:59","date_gmt":"2024-07-11T10:08:59","guid":{"rendered":"https:\/\/para-pharmacity.tn\/?product=tynor-genoulliere-ligamentaire-ar-f"},"modified":"2024-08-16T10:12:24","modified_gmt":"2024-08-16T10:12:24","slug":"tynor-genoulliere-ligamentaire-ar-f","status":"publish","type":"product","link":"https:\/\/para-pharmacity.tn\/?product=tynor-genoulliere-ligamentaire-ar-f","title":{"rendered":"TYNOR GENOULLIERE LIGAMENTAIRE AR F"},"content":{"rendered":"<p><span style=\"color: #000000\"><strong>La Genouill\u00e8re Rotulienne Articul\u00e9e<\/strong>\u00a0est un support de genou polyvalent qui offre l&rsquo;avantage d&rsquo;un d\u00e9lestage du genou, d&rsquo;une immobilisation lat\u00e9rale et d&rsquo;une compression contr\u00f4l\u00e9e autour du genou.\u00a0Il permet une flexion normale et un mouvement libre de l&rsquo;articulation du genou<\/span><\/p>\n<ul>\n<li><span style=\"color: #000000\">Ouverture rotulienne<\/span><\/li>\n<li><span style=\"color: #000000\">Compression contr\u00f4l\u00e9e<\/span><\/li>\n<li><span style=\"color: #000000\">D\u00e9l\u00e9chargement suffisant<\/span><\/li>\n<li><span style=\"color: #000000\">Mouvement de flexion libre<\/span><\/li>\n<\/ul>\n<ul>\n<li><span style=\"color: #000000\">De solides charni\u00e8res en aluminium assurent une attelle lat\u00e9rale rigide mais un mouvement de flexion libre.<\/span><\/li>\n<li><span style=\"color: #000000\">La conception de la rotule ouverte lib\u00e8re la pression rotulienne, maintient la rotule en position, peut \u00eatre utilis\u00e9e pour les maladies f\u00e9moro-patellaires.<\/span><\/li>\n<li><span style=\"color: #000000\">La conception de l&rsquo;enveloppe avec fermeture ant\u00e9rieure est facile \u00e0 appliquer et \u00e0 retirer sur les genoux gonfl\u00e9s ou asym\u00e9triques ou les patients g\u00e9riatriques.\u00a0Permet une compression personnalis\u00e9e et offre une flexibilit\u00e9 de dimensionnement.<\/span><\/li>\n<li><span style=\"color: #000000\">Le coussin rotulien offre une compression confortable autour de la rotule et am\u00e9liore l&rsquo;adh\u00e9rence du produit.<\/span><\/li>\n<li><span style=\"color: #000000\">La grande ouverture dorsale assure aucun flambage sur la flexion du genou, aucune vaso constriction sur la zone dorsale.\u00a0Am\u00e9liore le confort et l&rsquo;observance du patient.<\/span><\/li>\n<\/ul>\n","protected":false},"excerpt":{"rendered":"<p>La Genouill\u00e8re Rotulienne Articul\u00e9e\u00a0est un support de genou polyvalent qui offre l&rsquo;avantage d&rsquo;un d\u00e9lestage du genou, d&rsquo;une immobilisation lat\u00e9rale et<\/p>\n","protected":false},"featured_media":23481,"comment_status":"open","ping_status":"closed","template":"","meta":[],"product_cat":[20],"product_tag":[],"class_list":{"0":"post-19680","1":"product","2":"type-product","3":"status-publish","4":"has-post-thumbnail","6":"product_cat-accessories","8":"first","9":"instock","10":"shipping-taxable","11":"product-type-simple"},"jetpack_sharing_enabled":true,"_links":{"self":[{"href":"https:\/\/para-pharmacity.tn\/index.php?rest_route=\/wp\/v2\/product\/19680","targetHints":{"allow":["GET"]}}],"collection":[{"href":"https:\/\/para-pharmacity.tn\/index.php?rest_route=\/wp\/v2\/product"}],"about":[{"href":"https:\/\/para-pharmacity.tn\/index.php?rest_route=\/wp\/v2\/types\/product"}],"replies":[{"embeddable":true,"href":"https:\/\/para-pharmacity.tn\/index.php?rest_route=%2Fwp%2Fv2%2Fcomments&post=19680"}],"version-history":[{"count":2,"href":"https:\/\/para-pharmacity.tn\/index.php?rest_route=\/wp\/v2\/product\/19680\/revisions"}],"predecessor-version":[{"id":23480,"href":"https:\/\/para-pharmacity.tn\/index.php?rest_route=\/wp\/v2\/product\/19680\/revisions\/23480"}],"wp:featuredmedia":[{"embeddable":true,"href":"https:\/\/para-pharmacity.tn\/index.php?rest_route=\/wp\/v2\/media\/23481"}],"wp:attachment":[{"href":"https:\/\/para-pharmacity.tn\/index.php?rest_route=%2Fwp%2Fv2%2Fmedia&parent=19680"}],"wp:term":[{"taxonomy":"product_cat","embeddable":true,"href":"https:\/\/para-pharmacity.tn\/index.php?rest_route=%2Fwp%2Fv2%2Fproduct_cat&post=19680"},{"taxonomy":"product_tag","embeddable":true,"href":"https:\/\/para-pharmacity.tn\/index.php?rest_route=%2Fwp%2Fv2%2Fproduct_tag&post=19680"}],"curies":[{"name":"wp","href":"https:\/\/api.w.org\/{rel}","templated":true}]}}