{"id":19679,"date":"2024-07-11T10:08:58","date_gmt":"2024-07-11T10:08:58","guid":{"rendered":"https:\/\/para-pharmacity.tn\/?product=tynor-genoulliere-ligament-arti-xl"},"modified":"2024-08-16T10:05:42","modified_gmt":"2024-08-16T10:05:42","slug":"tynor-genoulliere-ligament-arti-xl","status":"publish","type":"product","link":"https:\/\/para-pharmacity.tn\/?product=tynor-genoulliere-ligament-arti-xl","title":{"rendered":"TYNOR GENOULLIERE LIGAMENT ARTI XL"},"content":{"rendered":"<div class=\"body-2 pa-2 bb\"><b>Mouvement de flexion libre<\/b><\/div>\n<div class=\"body-2 pa-2 bb\"><b>Extensibilit\u00e9 \u00e0 quatre voies<\/b><\/div>\n<div class=\"body-2 pa-2 bb\"><b>Les charni\u00e8res rigides assurent une attelle lat\u00e9rale solide mais un mouvement de flexion libre.<\/b><\/div>\n<div class=\"body-2 pa-2 bb\"><b>Bicouche.\u00a0Le coton \u00e0 l\u2019int\u00e9rieur assure une interphase dermophile avec la peau, une bonne absorption de la transpiration, un confort et une compliance am\u00e9lior\u00e9s.\u00a0Le nylon \u00e0 l\u2019ext\u00e9rieur assure une durabilit\u00e9 \u00e9lev\u00e9e, une excellente esth\u00e9<\/b><\/div>\n<div class=\"body-2 pa-2 bb\"><b>Le syst\u00e8me de cerclage anti garrot n\u2019assure aucune constriction du flux sanguin d\u2019une part mais une meilleure adh\u00e9rence au corps d\u2019autre part.<\/b><\/div>\n","protected":false},"excerpt":{"rendered":"<p>Mouvement de flexion libre Extensibilit\u00e9 \u00e0 quatre voies Les charni\u00e8res rigides assurent une attelle lat\u00e9rale solide mais un mouvement de<\/p>\n","protected":false},"featured_media":23478,"comment_status":"open","ping_status":"closed","template":"","meta":[],"product_cat":[20],"product_tag":[],"class_list":{"0":"post-19679","1":"product","2":"type-product","3":"status-publish","4":"has-post-thumbnail","6":"product_cat-accessories","8":"first","9":"instock","10":"shipping-taxable","11":"product-type-simple"},"jetpack_sharing_enabled":true,"_links":{"self":[{"href":"https:\/\/para-pharmacity.tn\/index.php?rest_route=\/wp\/v2\/product\/19679","targetHints":{"allow":["GET"]}}],"collection":[{"href":"https:\/\/para-pharmacity.tn\/index.php?rest_route=\/wp\/v2\/product"}],"about":[{"href":"https:\/\/para-pharmacity.tn\/index.php?rest_route=\/wp\/v2\/types\/product"}],"replies":[{"embeddable":true,"href":"https:\/\/para-pharmacity.tn\/index.php?rest_route=%2Fwp%2Fv2%2Fcomments&post=19679"}],"version-history":[{"count":2,"href":"https:\/\/para-pharmacity.tn\/index.php?rest_route=\/wp\/v2\/product\/19679\/revisions"}],"predecessor-version":[{"id":23477,"href":"https:\/\/para-pharmacity.tn\/index.php?rest_route=\/wp\/v2\/product\/19679\/revisions\/23477"}],"wp:featuredmedia":[{"embeddable":true,"href":"https:\/\/para-pharmacity.tn\/index.php?rest_route=\/wp\/v2\/media\/23478"}],"wp:attachment":[{"href":"https:\/\/para-pharmacity.tn\/index.php?rest_route=%2Fwp%2Fv2%2Fmedia&parent=19679"}],"wp:term":[{"taxonomy":"product_cat","embeddable":true,"href":"https:\/\/para-pharmacity.tn\/index.php?rest_route=%2Fwp%2Fv2%2Fproduct_cat&post=19679"},{"taxonomy":"product_tag","embeddable":true,"href":"https:\/\/para-pharmacity.tn\/index.php?rest_route=%2Fwp%2Fv2%2Fproduct_tag&post=19679"}],"curies":[{"name":"wp","href":"https:\/\/api.w.org\/{rel}","templated":true}]}}