{"id":19678,"date":"2024-07-11T10:08:58","date_gmt":"2024-07-11T10:08:58","guid":{"rendered":"https:\/\/para-pharmacity.tn\/?product=tynor-genoulliere-ligament-arti-l"},"modified":"2024-08-16T09:59:05","modified_gmt":"2024-08-16T09:59:05","slug":"tynor-genoulliere-ligament-arti-l","status":"publish","type":"product","link":"https:\/\/para-pharmacity.tn\/?product=tynor-genoulliere-ligament-arti-l","title":{"rendered":"TYNOR GENOULLIERE LIGAMENT ARTI L"},"content":{"rendered":"<p><span style=\"color: #000000\">La Genouill\u00e8re Ligamentaire Articul\u00e9e (avec charni\u00e8re rigide) est une conception simplifi\u00e9e mais efficace qui offre l avantage de la compression autour du genou et le soutien d une attelle lat\u00e9rale. Il permet une flexion normale du genou.<\/span><\/p>\n<p><span style=\"color: #000000\">Cerclage anti garrot<\/span><\/p>\n<p><span style=\"color: #000000\">Bon d\u00e9chargement<\/span><\/p>\n<p><span style=\"color: #000000\">Mouvement de flexion libre<\/span><\/p>\n<p><span style=\"color: #000000\">Extensibilit\u00e9 \u00e0 quatre voies<\/span><\/p>\n<p><span style=\"color: #000000\">Les charni\u00e8res rigides assurent une attelle lat\u00e9rale solide mais un mouvement de flexion libre.<\/span><\/p>\n<p><span style=\"color: #000000\">Bicouche. Le coton \u00e0 l int\u00e9rieur assure une interphase dermophile avec la peau, une bonne absorption de la transpiration, un confort et une compliance am\u00e9lior\u00e9s. Le nylon \u00e0 l ext\u00e9rieur assure une durabilit\u00e9 \u00e9lev\u00e9e, une excellente esth\u00e9tique et une solidit\u00e9 des couleurs.<\/span><\/p>\n<p><span style=\"color: #000000\">Le syst\u00e8me de cerclage anti garrot n assure aucune constriction du flux sanguin d une part mais une meilleure adh\u00e9rence au corps d autre part.<\/span><\/p>\n","protected":false},"excerpt":{"rendered":"<p>La Genouill\u00e8re Ligamentaire Articul\u00e9e (avec charni\u00e8re rigide) est une conception simplifi\u00e9e mais efficace qui offre l avantage de la compression<\/p>\n","protected":false},"featured_media":23475,"comment_status":"open","ping_status":"closed","template":"","meta":[],"product_cat":[20],"product_tag":[],"class_list":{"0":"post-19678","1":"product","2":"type-product","3":"status-publish","4":"has-post-thumbnail","6":"product_cat-accessories","8":"first","9":"instock","10":"shipping-taxable","11":"product-type-simple"},"jetpack_sharing_enabled":true,"_links":{"self":[{"href":"https:\/\/para-pharmacity.tn\/index.php?rest_route=\/wp\/v2\/product\/19678","targetHints":{"allow":["GET"]}}],"collection":[{"href":"https:\/\/para-pharmacity.tn\/index.php?rest_route=\/wp\/v2\/product"}],"about":[{"href":"https:\/\/para-pharmacity.tn\/index.php?rest_route=\/wp\/v2\/types\/product"}],"replies":[{"embeddable":true,"href":"https:\/\/para-pharmacity.tn\/index.php?rest_route=%2Fwp%2Fv2%2Fcomments&post=19678"}],"version-history":[{"count":2,"href":"https:\/\/para-pharmacity.tn\/index.php?rest_route=\/wp\/v2\/product\/19678\/revisions"}],"predecessor-version":[{"id":23474,"href":"https:\/\/para-pharmacity.tn\/index.php?rest_route=\/wp\/v2\/product\/19678\/revisions\/23474"}],"wp:featuredmedia":[{"embeddable":true,"href":"https:\/\/para-pharmacity.tn\/index.php?rest_route=\/wp\/v2\/media\/23475"}],"wp:attachment":[{"href":"https:\/\/para-pharmacity.tn\/index.php?rest_route=%2Fwp%2Fv2%2Fmedia&parent=19678"}],"wp:term":[{"taxonomy":"product_cat","embeddable":true,"href":"https:\/\/para-pharmacity.tn\/index.php?rest_route=%2Fwp%2Fv2%2Fproduct_cat&post=19678"},{"taxonomy":"product_tag","embeddable":true,"href":"https:\/\/para-pharmacity.tn\/index.php?rest_route=%2Fwp%2Fv2%2Fproduct_tag&post=19678"}],"curies":[{"name":"wp","href":"https:\/\/api.w.org\/{rel}","templated":true}]}}