{"id":19677,"date":"2024-07-11T10:08:58","date_gmt":"2024-07-11T10:08:58","guid":{"rendered":"https:\/\/para-pharmacity.tn\/?product=tynor-genoullere-simple-xl-d04-paire"},"modified":"2025-06-11T11:12:15","modified_gmt":"2025-06-11T11:12:15","slug":"tynor-genoullere-simple-xl-d04-paire","status":"publish","type":"product","link":"https:\/\/para-pharmacity.tn\/?product=tynor-genoullere-simple-xl-d04-paire","title":{"rendered":"TYNOR GENOULLERE SIMPLE XL D04 PAIRE"},"content":{"rendered":"<p>Aide \u00e0 fournir une l\u00e9g\u00e8re compression, de la chaleur et un soutien \u00e0 l\u2019articulation du genou.<br \/>\nIl aide \u00e0 soulager la douleur et l\u2019inflammation, g\u00e9n\u00e9ralement associ\u00e9es \u00e0 la vieillesse, \u00e0 l\u2019arthrite, aux blessures sportives, etc.<br \/>\nIl a une construction bicouche, avec du coton doux pour la peau sur la couche int\u00e9rieure et du nylon durable sur la couche ext\u00e9rieure.<br \/>\nLe tissu extensible dans les quatre sens s\u2019adapte \u00e0 diff\u00e9rentes tailles et formes de genoux, garantissant ainsi l\u2019absence de d\u00e9formation ou d\u2019inconfort pendant le mouvement.<br \/>\nIl assure un confort et une long\u00e9vit\u00e9 accrus dans diverses conditions m\u00e9t\u00e9orologiques.<br \/>\nCette rotule est facile \u00e0 utiliser, lavable et douce pour la peau.<\/p>\n","protected":false},"excerpt":{"rendered":"<div class=\"woocommerce-product-details__short-description\">\n<p>Aide \u00e0 fournir une l\u00e9g\u00e8re compression, de la chaleur et un soutien \u00e0 l\u2019articulation du genou.<br \/>\nIl aide \u00e0 soulager la douleur et l\u2019inflammation.<\/p>\n<\/div>\n","protected":false},"featured_media":26587,"comment_status":"open","ping_status":"closed","template":"","meta":[],"product_cat":[20],"product_tag":[],"class_list":{"0":"post-19677","1":"product","2":"type-product","3":"status-publish","4":"has-post-thumbnail","6":"product_cat-accessories","8":"first","9":"instock","10":"shipping-taxable","11":"purchasable","12":"product-type-simple"},"jetpack_sharing_enabled":true,"_links":{"self":[{"href":"https:\/\/para-pharmacity.tn\/index.php?rest_route=\/wp\/v2\/product\/19677","targetHints":{"allow":["GET"]}}],"collection":[{"href":"https:\/\/para-pharmacity.tn\/index.php?rest_route=\/wp\/v2\/product"}],"about":[{"href":"https:\/\/para-pharmacity.tn\/index.php?rest_route=\/wp\/v2\/types\/product"}],"replies":[{"embeddable":true,"href":"https:\/\/para-pharmacity.tn\/index.php?rest_route=%2Fwp%2Fv2%2Fcomments&post=19677"}],"version-history":[{"count":5,"href":"https:\/\/para-pharmacity.tn\/index.php?rest_route=\/wp\/v2\/product\/19677\/revisions"}],"predecessor-version":[{"id":26589,"href":"https:\/\/para-pharmacity.tn\/index.php?rest_route=\/wp\/v2\/product\/19677\/revisions\/26589"}],"wp:featuredmedia":[{"embeddable":true,"href":"https:\/\/para-pharmacity.tn\/index.php?rest_route=\/wp\/v2\/media\/26587"}],"wp:attachment":[{"href":"https:\/\/para-pharmacity.tn\/index.php?rest_route=%2Fwp%2Fv2%2Fmedia&parent=19677"}],"wp:term":[{"taxonomy":"product_cat","embeddable":true,"href":"https:\/\/para-pharmacity.tn\/index.php?rest_route=%2Fwp%2Fv2%2Fproduct_cat&post=19677"},{"taxonomy":"product_tag","embeddable":true,"href":"https:\/\/para-pharmacity.tn\/index.php?rest_route=%2Fwp%2Fv2%2Fproduct_tag&post=19677"}],"curies":[{"name":"wp","href":"https:\/\/api.w.org\/{rel}","templated":true}]}}