{"id":19676,"date":"2024-07-11T10:08:57","date_gmt":"2024-07-11T10:08:57","guid":{"rendered":"https:\/\/para-pharmacity.tn\/?product=tynor-genoullere-simple-m-d04-paire"},"modified":"2025-06-11T11:17:59","modified_gmt":"2025-06-11T11:17:59","slug":"tynor-genoullere-simple-m-d04-paire","status":"publish","type":"product","link":"https:\/\/para-pharmacity.tn\/?product=tynor-genoullere-simple-m-d04-paire","title":{"rendered":"TYNOR GENOULLERE SIMPLE M D04 PAIRE"},"content":{"rendered":"<p><span style=\"color: #000000;\">La Genouill\u00e8re Simple est un support tubulaire largement utilis\u00e9 en orthop\u00e9die pour fournir une compression, une chaleur et un soutien doux \u00e0 l&rsquo;articulation du genou. Elle vise \u00e0 soulager la douleur et l&rsquo;inflammation, souvent associ\u00e9es au vieillissement, \u00e0 l&rsquo;arthrite, aux blessures sportives, etc.<\/span><\/p>\n<p><span style=\"color: #000000;\">Caract\u00e9ristiques :<\/span><\/p>\n<p><span style=\"color: #000000;\">&#8211; Hypoallerg\u00e9nique<\/span><\/p>\n<p><span style=\"color: #000000;\">&#8211; \u00c9tirement quadri directionnel<\/span><\/p>\n<p><span style=\"color: #000000;\">&#8211; Compression uniforme<\/span><\/p>\n<p><span style=\"color: #000000;\">&#8211; Application simple \u00e0 tirer<\/span><\/p>\n<p><span style=\"color: #000000;\">La forme effil\u00e9e et le tissage unique de la genouill\u00e8re offrent une compression uniforme sur toute la surface du genou, fournissant un soutien ferme \u00e0 la zone du genou.<\/span><\/p>\n<p><span style=\"color: #000000;\">L&rsquo;int\u00e9rieur en coton bicouche, avec une interphase dermophillique, am\u00e9liore l&rsquo;absorption de la transpiration, le confort et la conformit\u00e9.<\/span><\/p>\n<p><span style=\"color: #000000;\">Le nylon \u00e0 deux couches \u00e0 l&rsquo;ext\u00e9rieur assure la durabilit\u00e9, am\u00e9liorant l&rsquo;esth\u00e9tique et la solidit\u00e9 des couleurs.<\/span><\/p>\n<p><span style=\"color: #000000;\">Le tissu extensible dans les quatre sens garantit une compression efficace ainsi que le confort.<\/span><\/p>\n<p><span style=\"color: #000000;\">Les deux couches avec un espace d&rsquo;air entrelac\u00e9 retiennent efficacement la chaleur corporelle, acc\u00e9l\u00e9rant ainsi le processus de gu\u00e9rison et apaisant la douleur.<\/span><\/p>\n","protected":false},"excerpt":{"rendered":"<p><span class=\"notranslate\">Tynor Knee Cap est utilis\u00e9 en pratique orthop\u00e9dique pour fournir une compression, une chaleur et un soutien l\u00e9gers \u00e0 l\u2019articulation du genou afin de soulager la douleur et l\u2019inflammation, g\u00e9n\u00e9ralement associ\u00e9es au vieillissement, \u00e0 l\u2019arthrite et aux blessures sportives.<\/span><\/p>\n","protected":false},"featured_media":26591,"comment_status":"open","ping_status":"closed","template":"","meta":[],"product_cat":[20],"product_tag":[],"class_list":{"0":"post-19676","1":"product","2":"type-product","3":"status-publish","4":"has-post-thumbnail","6":"product_cat-accessories","8":"first","9":"instock","10":"shipping-taxable","11":"purchasable","12":"product-type-simple"},"jetpack_sharing_enabled":true,"_links":{"self":[{"href":"https:\/\/para-pharmacity.tn\/index.php?rest_route=\/wp\/v2\/product\/19676","targetHints":{"allow":["GET"]}}],"collection":[{"href":"https:\/\/para-pharmacity.tn\/index.php?rest_route=\/wp\/v2\/product"}],"about":[{"href":"https:\/\/para-pharmacity.tn\/index.php?rest_route=\/wp\/v2\/types\/product"}],"replies":[{"embeddable":true,"href":"https:\/\/para-pharmacity.tn\/index.php?rest_route=%2Fwp%2Fv2%2Fcomments&post=19676"}],"version-history":[{"count":4,"href":"https:\/\/para-pharmacity.tn\/index.php?rest_route=\/wp\/v2\/product\/19676\/revisions"}],"predecessor-version":[{"id":26592,"href":"https:\/\/para-pharmacity.tn\/index.php?rest_route=\/wp\/v2\/product\/19676\/revisions\/26592"}],"wp:featuredmedia":[{"embeddable":true,"href":"https:\/\/para-pharmacity.tn\/index.php?rest_route=\/wp\/v2\/media\/26591"}],"wp:attachment":[{"href":"https:\/\/para-pharmacity.tn\/index.php?rest_route=%2Fwp%2Fv2%2Fmedia&parent=19676"}],"wp:term":[{"taxonomy":"product_cat","embeddable":true,"href":"https:\/\/para-pharmacity.tn\/index.php?rest_route=%2Fwp%2Fv2%2Fproduct_cat&post=19676"},{"taxonomy":"product_tag","embeddable":true,"href":"https:\/\/para-pharmacity.tn\/index.php?rest_route=%2Fwp%2Fv2%2Fproduct_tag&post=19676"}],"curies":[{"name":"wp","href":"https:\/\/api.w.org\/{rel}","templated":true}]}}