{"id":19675,"date":"2024-07-11T10:08:57","date_gmt":"2024-07-11T10:08:57","guid":{"rendered":"https:\/\/para-pharmacity.tn\/?product=tynor-genoullere-simple-l-d04-paire"},"modified":"2024-08-15T14:03:48","modified_gmt":"2024-08-15T14:03:48","slug":"tynor-genoullere-simple-l-d04-paire","status":"publish","type":"product","link":"https:\/\/para-pharmacity.tn\/?product=tynor-genoullere-simple-l-d04-paire","title":{"rendered":"TYNOR GENOULLERE SIMPLE L D04 PAIRE"},"content":{"rendered":"<p><span style=\"color: #000000\">Tynor Knee Cap est utilis\u00e9 en pratique orthop\u00e9dique pour fournir une compression, une chaleur et un soutien l\u00e9gers \u00e0 l\u2019articulation du genou afin de soulager la douleur et l\u2019inflammation, g\u00e9n\u00e9ralement associ\u00e9es au vieillissement, \u00e0 l\u2019arthrite et aux blessures sportives.<\/span><\/p>\n","protected":false},"excerpt":{"rendered":"<p>Tynor Knee Cap est utilis\u00e9 en pratique orthop\u00e9dique pour fournir une compression, une chaleur et un soutien l\u00e9gers \u00e0 l\u2019articulation<\/p>\n","protected":false},"featured_media":23417,"comment_status":"open","ping_status":"closed","template":"","meta":[],"product_cat":[20],"product_tag":[],"class_list":{"0":"post-19675","1":"product","2":"type-product","3":"status-publish","4":"has-post-thumbnail","6":"product_cat-accessories","8":"first","9":"instock","10":"shipping-taxable","11":"product-type-simple"},"jetpack_sharing_enabled":true,"_links":{"self":[{"href":"https:\/\/para-pharmacity.tn\/index.php?rest_route=\/wp\/v2\/product\/19675","targetHints":{"allow":["GET"]}}],"collection":[{"href":"https:\/\/para-pharmacity.tn\/index.php?rest_route=\/wp\/v2\/product"}],"about":[{"href":"https:\/\/para-pharmacity.tn\/index.php?rest_route=\/wp\/v2\/types\/product"}],"replies":[{"embeddable":true,"href":"https:\/\/para-pharmacity.tn\/index.php?rest_route=%2Fwp%2Fv2%2Fcomments&post=19675"}],"version-history":[{"count":2,"href":"https:\/\/para-pharmacity.tn\/index.php?rest_route=\/wp\/v2\/product\/19675\/revisions"}],"predecessor-version":[{"id":23463,"href":"https:\/\/para-pharmacity.tn\/index.php?rest_route=\/wp\/v2\/product\/19675\/revisions\/23463"}],"wp:featuredmedia":[{"embeddable":true,"href":"https:\/\/para-pharmacity.tn\/index.php?rest_route=\/wp\/v2\/media\/23417"}],"wp:attachment":[{"href":"https:\/\/para-pharmacity.tn\/index.php?rest_route=%2Fwp%2Fv2%2Fmedia&parent=19675"}],"wp:term":[{"taxonomy":"product_cat","embeddable":true,"href":"https:\/\/para-pharmacity.tn\/index.php?rest_route=%2Fwp%2Fv2%2Fproduct_cat&post=19675"},{"taxonomy":"product_tag","embeddable":true,"href":"https:\/\/para-pharmacity.tn\/index.php?rest_route=%2Fwp%2Fv2%2Fproduct_tag&post=19675"}],"curies":[{"name":"wp","href":"https:\/\/api.w.org\/{rel}","templated":true}]}}